{"id":16685,"date":"2022-07-15T10:02:34","date_gmt":"2022-12-07T19:17:02","guid":{"rendered":"https:\/\/factory.sale\/?post_type=product&#038;p=16685"},"modified":"2024-07-01T05:52:20","modified_gmt":"2024-07-01T05:52:20","slug":"jateastia-clover","status":"publish","type":"product","link":"https:\/\/factory.sale\/fi\/tuote\/jateastia-clover\/","title":{"rendered":"J\u00c4TEASTIA CLOVER"},"content":{"rendered":"<p>Merkitt\u00e4v\u00e4, yksinkertainen ja tyylik\u00e4s muoto sopii erinomaisesti julkisiin paikkoihin.<br \/>\nMit\u00e4 enemm\u00e4n ihmiset kuluttavat, sit\u00e4 enemm\u00e4n j\u00e4tett\u00e4 syntyy.<br \/>\nJ\u00e4teongelmista ei p\u00e4\u00e4se eroon pelk\u00e4st\u00e4\u00e4n heitt\u00e4m\u00e4ll\u00e4 ne pois.<br \/>\nNykytekniikalla hy\u00f6dytt\u00f6m\u00e4ksi tulleista pakkauksista voidaan valmistaa uusia tuotteita, ja kaikki sill\u00e4<br \/>\nehdolla, ett\u00e4 pakkausj\u00e4tteet erotetaan muusta j\u00e4tteest\u00e4.<\/p>\n<p>&nbsp;<\/p>\n<p>&nbsp;<\/p>\n<p><strong>Tuotetiedot:<\/strong><\/p>\n<p>\u25cf Korkeus: 100 cm<br \/>\n\u25cf S\u00e4ili\u00f6n korkeus: 48 cm<br \/>\n\u25cf S\u00e4ili\u00f6n halkaisija: 28 cm<br \/>\n\u25cf Tilavuus: 4 x 30 L<br \/>\n\u25cf Kiinnitys: Maahan<br \/>\n\u25cf Materiaali: ter\u00e4s<br \/>\n\u25cf Kuumasinkitty, jauhemaalattu<br \/>\n\u25cf Kyltin teksti asiakkaan pyynn\u00f6n mukaan.<br \/>\n\u25cf Takuu 2 vuotta<br \/>\n\u25cf Toimitus 2-4 viikkoa<br \/>\n\u25cf Sertifikaatti: PN EN 1176<\/p>\n","protected":false},"excerpt":{"rendered":"<p>Merkitt\u00e4v\u00e4, yksinkertainen ja tyylik\u00e4s muoto sopii erinomaisesti julkisiin paikkoihin.<\/p>\n","protected":false},"featured_media":9976,"comment_status":"open","ping_status":"closed","template":"","meta":{"_acf_changed":false},"factory":[],"free-shipment":[],"product_brand":[],"product_cat":[1338,1336],"product_tag":[],"class_list":{"0":"post-16685","1":"product","2":"type-product","3":"status-publish","4":"has-post-thumbnail","6":"product_cat-jateastiat","7":"product_cat-kaupunkihuonekalut","9":"first","10":"instock","11":"sale","12":"taxable","13":"shipping-taxable","14":"purchasable","15":"product-type-simple"},"acf":[],"_links":{"self":[{"href":"https:\/\/factory.sale\/fi\/wp-json\/wp\/v2\/product\/16685","targetHints":{"allow":["GET"]}}],"collection":[{"href":"https:\/\/factory.sale\/fi\/wp-json\/wp\/v2\/product"}],"about":[{"href":"https:\/\/factory.sale\/fi\/wp-json\/wp\/v2\/types\/product"}],"replies":[{"embeddable":true,"href":"https:\/\/factory.sale\/fi\/wp-json\/wp\/v2\/comments?post=16685"}],"wp:featuredmedia":[{"embeddable":true,"href":"https:\/\/factory.sale\/fi\/wp-json\/wp\/v2\/media\/9976"}],"wp:attachment":[{"href":"https:\/\/factory.sale\/fi\/wp-json\/wp\/v2\/media?parent=16685"}],"wp:term":[{"taxonomy":"factory","embeddable":true,"href":"https:\/\/factory.sale\/fi\/wp-json\/wp\/v2\/factory?post=16685"},{"taxonomy":"free-shipment","embeddable":true,"href":"https:\/\/factory.sale\/fi\/wp-json\/wp\/v2\/free-shipment?post=16685"},{"taxonomy":"product_brand","embeddable":true,"href":"https:\/\/factory.sale\/fi\/wp-json\/wp\/v2\/product_brand?post=16685"},{"taxonomy":"product_cat","embeddable":true,"href":"https:\/\/factory.sale\/fi\/wp-json\/wp\/v2\/product_cat?post=16685"},{"taxonomy":"product_tag","embeddable":true,"href":"https:\/\/factory.sale\/fi\/wp-json\/wp\/v2\/product_tag?post=16685"}],"curies":[{"name":"wp","href":"https:\/\/api.w.org\/{rel}","templated":true}]}}