{"id":16675,"date":"2022-07-15T09:59:51","date_gmt":"2022-12-07T18:51:33","guid":{"rendered":"https:\/\/factory.sale\/?post_type=product&#038;p=16675"},"modified":"2024-06-27T18:29:08","modified_gmt":"2024-06-27T18:29:08","slug":"puistonpenkki-crb-206","status":"publish","type":"product","link":"https:\/\/factory.sale\/fi\/tuote\/puistonpenkki-crb-206\/","title":{"rendered":"PUISTONPENKKI CRB-206"},"content":{"rendered":"<p>Puistonpenkki CRB-206 on ulkon\u00e4\u00f6lt\u00e4 eritt\u00e4in vankka ja kaunis. Se sopii erinomaisesti puistoihin, leikkikentille ja muihin julkisiin paikkoihin, joissa voit heng\u00e4ht\u00e4\u00e4 ja nauttia ymp\u00e4r\u00f6iv\u00e4st\u00e4 n\u00e4kym\u00e4st\u00e4.<\/p>\n<p><strong>Lis\u00e4tiedot:<\/strong><\/p>\n<p>\u25cf Mitat: 1680 x 800 x 700 mm<br \/>\n\u25cf Paino: 117 kg<\/p>\n<p>Turvallisuusvaatimukset t\u00e4yttyv\u00e4t EN 1176-1 standardin mukaisesti.<br \/>\nTuotteella on ISO 9001 -sertifikaatti, joka takaa korkealaatuisen tuotannon ja k\u00e4ytetyt laitteet, joiden\u00a0tavoitteena on lopputuotannon korkein taso.<\/p>\n<p>&nbsp;<\/p>\n<p><em>Minimim\u00e4\u00e4r\u00e4 8 kpl!<\/em><br \/>\n<em>Ilmainen toimitus alkaen 8 kpl tilauksiin!<\/em><\/p>\n","protected":false},"excerpt":{"rendered":"<p><strong>Vahva betoninen puistonpenkki, joka on suunniteltu kest\u00e4m\u00e4\u00e4n!<\/strong><\/p>\n<p>Laadukkaalla penkill\u00e4 voit turvallisesti lukea lempikirjaasi tai nauttia kauniista s\u00e4\u00e4st\u00e4.<\/p>\n","protected":false},"featured_media":10223,"comment_status":"open","ping_status":"closed","template":"","meta":{"_acf_changed":false},"factory":[],"free-shipment":[],"product_brand":[],"product_cat":[1336,1337],"product_tag":[4462,4463,4464],"class_list":{"0":"post-16675","1":"product","2":"type-product","3":"status-publish","4":"has-post-thumbnail","6":"product_cat-kaupunkihuonekalut","7":"product_cat-penkit","8":"product_tag-bench-fi","9":"product_tag-park-bench-fi","10":"product_tag-urban-furniture-fi","12":"first","13":"instock","14":"taxable","15":"shipping-taxable","16":"purchasable","17":"product-type-simple"},"acf":[],"_links":{"self":[{"href":"https:\/\/factory.sale\/fi\/wp-json\/wp\/v2\/product\/16675","targetHints":{"allow":["GET"]}}],"collection":[{"href":"https:\/\/factory.sale\/fi\/wp-json\/wp\/v2\/product"}],"about":[{"href":"https:\/\/factory.sale\/fi\/wp-json\/wp\/v2\/types\/product"}],"replies":[{"embeddable":true,"href":"https:\/\/factory.sale\/fi\/wp-json\/wp\/v2\/comments?post=16675"}],"wp:featuredmedia":[{"embeddable":true,"href":"https:\/\/factory.sale\/fi\/wp-json\/wp\/v2\/media\/10223"}],"wp:attachment":[{"href":"https:\/\/factory.sale\/fi\/wp-json\/wp\/v2\/media?parent=16675"}],"wp:term":[{"taxonomy":"factory","embeddable":true,"href":"https:\/\/factory.sale\/fi\/wp-json\/wp\/v2\/factory?post=16675"},{"taxonomy":"free-shipment","embeddable":true,"href":"https:\/\/factory.sale\/fi\/wp-json\/wp\/v2\/free-shipment?post=16675"},{"taxonomy":"product_brand","embeddable":true,"href":"https:\/\/factory.sale\/fi\/wp-json\/wp\/v2\/product_brand?post=16675"},{"taxonomy":"product_cat","embeddable":true,"href":"https:\/\/factory.sale\/fi\/wp-json\/wp\/v2\/product_cat?post=16675"},{"taxonomy":"product_tag","embeddable":true,"href":"https:\/\/factory.sale\/fi\/wp-json\/wp\/v2\/product_tag?post=16675"}],"curies":[{"name":"wp","href":"https:\/\/api.w.org\/{rel}","templated":true}]}}