{"id":16655,"date":"2022-07-14T07:12:29","date_gmt":"2022-12-07T12:29:58","guid":{"rendered":"https:\/\/factory.sale\/?post_type=product&#038;p=16655"},"modified":"2024-06-25T12:58:16","modified_gmt":"2024-06-25T12:58:16","slug":"puistonpenkki-vienna-i","status":"publish","type":"product","link":"https:\/\/factory.sale\/fi\/tuote\/puistonpenkki-vienna-i\/","title":{"rendered":"PUISTONPENKKI \u201cVIENNA I\u201d"},"content":{"rendered":"<p>\u25cf Malli hienoilla retrotyyliin viittaavilla koristeilla.<br \/>\n\u25cf Ihanteellinen sek\u00e4 historialliseen ett\u00e4 moderniin ymp\u00e4rist\u00f6\u00f6n.<br \/>\n\u25cf Omalaatuinen muotoilu, istumamukavuus ja laadukkaasti tehty ty\u00f6.<br \/>\n\u25cf Puistonpenkki ei sovellu ainoastaan ulkok\u00e4ytt\u00f6\u00f6n, vaan toimii hyvin my\u00f6s sis\u00e4tiloissa.<br \/>\n\u25cf Valuraudan ja puun yhdistelm\u00e4 ei vain n\u00e4yt\u00e4 esteettisesti miellytt\u00e4v\u00e4lt\u00e4, vaan takaa my\u00f6s kest\u00e4vyyden vuosiksi.<\/p>\n<p><strong>Lis\u00e4tiedot:<\/strong><\/p>\n<p>\u25cf Penkin pituus: 170 cm<br \/>\n\u25cf Penkin leveys: 60 cm<br \/>\n\u25cf Penkin korkeus: 74 cm<br \/>\n\u25cf Istuinosan pituus: 160 cm<br \/>\n\u25cf Istuinosan leveys: 38 cm<br \/>\n\u25cf Istuinosan korkeus: 42 cm<br \/>\n\u25cf Materiaali: valurauta, puu<br \/>\n\u25cf Galvanoitu, jauhemaalattu<br \/>\n\u25cf Puun s\u00e4vy: mahonki, tiikki, ruusupuu<br \/>\n\u25cf Sertifikaatti: PN EN 1176<br \/>\n\u25cf Takuu 2 vuotta<\/p>\n","protected":false},"excerpt":{"rendered":"<p><strong>Modernisti muotoillut katukalusteet tekev\u00e4t k\u00e4velyst\u00e4 mukavampaa ja tarjoavat mahdollisuuden heng\u00e4hdystauolle.<\/strong><\/p>\n<p>Laadukkaalla penkill\u00e4 voit lukea lempikirjaasi tai nauttia kauniista s\u00e4\u00e4st\u00e4.<\/p>\n","protected":false},"featured_media":10309,"comment_status":"open","ping_status":"closed","template":"","meta":{"_acf_changed":false},"factory":[],"free-shipment":[],"product_brand":[],"product_cat":[1336],"product_tag":[4462,4463,4464],"class_list":{"0":"post-16655","1":"product","2":"type-product","3":"status-publish","4":"has-post-thumbnail","6":"product_cat-kaupunkihuonekalut","7":"product_tag-bench-fi","8":"product_tag-park-bench-fi","9":"product_tag-urban-furniture-fi","11":"first","12":"instock","13":"taxable","14":"shipping-taxable","15":"purchasable","16":"product-type-simple"},"acf":[],"_links":{"self":[{"href":"https:\/\/factory.sale\/fi\/wp-json\/wp\/v2\/product\/16655","targetHints":{"allow":["GET"]}}],"collection":[{"href":"https:\/\/factory.sale\/fi\/wp-json\/wp\/v2\/product"}],"about":[{"href":"https:\/\/factory.sale\/fi\/wp-json\/wp\/v2\/types\/product"}],"replies":[{"embeddable":true,"href":"https:\/\/factory.sale\/fi\/wp-json\/wp\/v2\/comments?post=16655"}],"wp:featuredmedia":[{"embeddable":true,"href":"https:\/\/factory.sale\/fi\/wp-json\/wp\/v2\/media\/10309"}],"wp:attachment":[{"href":"https:\/\/factory.sale\/fi\/wp-json\/wp\/v2\/media?parent=16655"}],"wp:term":[{"taxonomy":"factory","embeddable":true,"href":"https:\/\/factory.sale\/fi\/wp-json\/wp\/v2\/factory?post=16655"},{"taxonomy":"free-shipment","embeddable":true,"href":"https:\/\/factory.sale\/fi\/wp-json\/wp\/v2\/free-shipment?post=16655"},{"taxonomy":"product_brand","embeddable":true,"href":"https:\/\/factory.sale\/fi\/wp-json\/wp\/v2\/product_brand?post=16655"},{"taxonomy":"product_cat","embeddable":true,"href":"https:\/\/factory.sale\/fi\/wp-json\/wp\/v2\/product_cat?post=16655"},{"taxonomy":"product_tag","embeddable":true,"href":"https:\/\/factory.sale\/fi\/wp-json\/wp\/v2\/product_tag?post=16655"}],"curies":[{"name":"wp","href":"https:\/\/api.w.org\/{rel}","templated":true}]}}