{"id":16651,"date":"2022-07-14T13:12:56","date_gmt":"2022-12-07T12:23:27","guid":{"rendered":"https:\/\/factory.sale\/?post_type=product&#038;p=16651"},"modified":"2024-06-26T19:11:38","modified_gmt":"2024-06-26T19:11:38","slug":"puistonpenkki-gldtr-p","status":"publish","type":"product","link":"https:\/\/factory.sale\/fi\/tuote\/puistonpenkki-gldtr-p\/","title":{"rendered":"Puistonpenkki  &#8220;Gldtr P&#8221;"},"content":{"rendered":"<p>\u25cf Moderni ja samalla klassinen puistonpenkki.<br \/>\n\u25cf Penkkiperheen uusin malli.<br \/>\n\u25cf Suunniteltu vaativimmille k\u00e4ytt\u00e4jille.<br \/>\n\u25cf Ergonomisuus ja esteettisyys mahdollistavat paremman rentoutumisen jokaiselle penkin k\u00e4ytt\u00e4j\u00e4lle.<br \/>\n\u25cf Penkki t\u00e4ydent\u00e4\u00e4 kaupunkitilat, viheralueet tai asuinalueet t\u00e4ydellisesti.<\/p>\n<p>&nbsp;<\/p>\n<p><strong>Lis\u00e4tiedot:<\/strong><\/p>\n<p>\u25cf Penkin pituus: 175 cm<br \/>\n\u25cf Penkin leveys: 59 cm<br \/>\n\u25cf Penkin korkeus: 76 cm<br \/>\n\u25cf Istuinosan pituus: 161 cm<br \/>\n\u25cf Istuinosan leveys: 34.5 cm<br \/>\n\u25cf Istuinosan korkeus: 43 cm<br \/>\n\u25cf Materiaali: ter\u00e4s, puu<br \/>\n\u25cf Galvanoitu, jauhemaalattu<br \/>\n\u25cf Puun s\u00e4vy: mahonki, tiikki, ruusupuu<br \/>\n\u25cf Sertifikaatti: PN EN 1176<br \/>\n\u25cf Takuu 2 vuotta<\/p>\n<p>&nbsp;<\/p>\n<p><em>Minimim\u00e4\u00e4r\u00e4 8 kpl!<\/em><\/p>\n<p><em>Ilmainen toimitus alkaen 8 kpl tilauksiin!<\/em><\/p>\n","protected":false},"excerpt":{"rendered":"<p><strong>Penkin vahvat puuosat on kiinnitetty galvanoituun ter\u00e4srakenteeseen, joka on k\u00e4sitelty jauhemaalilla.<\/strong><\/p>\n<p>Laadukkaalla penkill\u00e4 voit turvallisesti lukea lempikirjaasi tai nauttia kauniista s\u00e4\u00e4st\u00e4.<\/p>\n","protected":false},"featured_media":10409,"comment_status":"open","ping_status":"closed","template":"","meta":{"_acf_changed":false},"factory":[],"free-shipment":[],"product_brand":[],"product_cat":[1336,1337],"product_tag":[],"class_list":{"0":"post-16651","1":"product","2":"type-product","3":"status-publish","4":"has-post-thumbnail","6":"product_cat-kaupunkihuonekalut","7":"product_cat-penkit","9":"first","10":"instock","11":"sale","12":"taxable","13":"shipping-taxable","14":"purchasable","15":"product-type-simple"},"acf":[],"_links":{"self":[{"href":"https:\/\/factory.sale\/fi\/wp-json\/wp\/v2\/product\/16651","targetHints":{"allow":["GET"]}}],"collection":[{"href":"https:\/\/factory.sale\/fi\/wp-json\/wp\/v2\/product"}],"about":[{"href":"https:\/\/factory.sale\/fi\/wp-json\/wp\/v2\/types\/product"}],"replies":[{"embeddable":true,"href":"https:\/\/factory.sale\/fi\/wp-json\/wp\/v2\/comments?post=16651"}],"wp:featuredmedia":[{"embeddable":true,"href":"https:\/\/factory.sale\/fi\/wp-json\/wp\/v2\/media\/10409"}],"wp:attachment":[{"href":"https:\/\/factory.sale\/fi\/wp-json\/wp\/v2\/media?parent=16651"}],"wp:term":[{"taxonomy":"factory","embeddable":true,"href":"https:\/\/factory.sale\/fi\/wp-json\/wp\/v2\/factory?post=16651"},{"taxonomy":"free-shipment","embeddable":true,"href":"https:\/\/factory.sale\/fi\/wp-json\/wp\/v2\/free-shipment?post=16651"},{"taxonomy":"product_brand","embeddable":true,"href":"https:\/\/factory.sale\/fi\/wp-json\/wp\/v2\/product_brand?post=16651"},{"taxonomy":"product_cat","embeddable":true,"href":"https:\/\/factory.sale\/fi\/wp-json\/wp\/v2\/product_cat?post=16651"},{"taxonomy":"product_tag","embeddable":true,"href":"https:\/\/factory.sale\/fi\/wp-json\/wp\/v2\/product_tag?post=16651"}],"curies":[{"name":"wp","href":"https:\/\/api.w.org\/{rel}","templated":true}]}}