{"id":16641,"date":"2022-07-19T19:08:18","date_gmt":"2022-12-06T21:07:00","guid":{"rendered":"https:\/\/factory.sale\/?post_type=product&#038;p=16641"},"modified":"2024-06-26T15:50:56","modified_gmt":"2024-06-26T15:50:56","slug":"puistonpenkki-stradivarius-1","status":"publish","type":"product","link":"https:\/\/factory.sale\/fi\/tuote\/puistonpenkki-stradivarius-1\/","title":{"rendered":"PUISTONPENKKI STRADIVARIUS 1"},"content":{"rendered":"<p>\u25cf Moderni ja samalla klassinen puistonpenkki.<br \/>\n\u25cf Eritt\u00e4in vahva ter\u00e4s takaa kest\u00e4vyyden.<br \/>\n\u25cf Puinen istuin, jossa on suorakaiteen muotoiset osiot.<br \/>\n\u25cf Puistonpenkki\u00e4 on helppo huoltaa.<br \/>\n\u25cf Lopputuloksena tuote, joka palvelee meit\u00e4 vuosia!<\/p>\n<p><strong>Lis\u00e4tiedot:<\/strong><\/p>\n<p>\u25cf Penkin pituus: 170 cm<br \/>\n\u25cf Penkin leveys: 36 cm<br \/>\n\u25cf Penkin korkeus: 42 cm<br \/>\n\u25cf Istuinosan pituus: 170 cm<br \/>\n\u25cf Istuinosan leveys: 36 cm<br \/>\n\u25cf Istuinosan korkeus: 42 cm<br \/>\n\u25cf Kiinnitys: maanalainen<br \/>\n\u25cf Materiaali: ter\u00e4s, puu<br \/>\n\u25cf Galvanoitu, jauhemaalattu<br \/>\n\u25cf Puun s\u00e4vy: mahonki, tiikki, ruusupuu<br \/>\n\u25cf Sertifikaatti: PN EN 1176<br \/>\n\u25cf Takuu 2 vuotta<\/p>\n","protected":false},"excerpt":{"rendered":"<p>Modernisti muotoillut katukalusteet tekev\u00e4t k\u00e4velyst\u00e4 mukavampaa ja tarjoavat mahdollisuuden heng\u00e4hdystauolle.<\/p>\n<p>Laadukkaalla penkill\u00e4 voit lukea lempikirjaasi tai nauttia kauniista s\u00e4\u00e4st\u00e4.<\/p>\n","protected":false},"featured_media":10573,"comment_status":"open","ping_status":"closed","template":"","meta":{"_acf_changed":false},"factory":[],"free-shipment":[],"product_brand":[],"product_cat":[1336],"product_tag":[],"class_list":{"0":"post-16641","1":"product","2":"type-product","3":"status-publish","4":"has-post-thumbnail","6":"product_cat-kaupunkihuonekalut","8":"first","9":"instock","10":"sale","11":"taxable","12":"shipping-taxable","13":"purchasable","14":"product-type-simple"},"acf":[],"_links":{"self":[{"href":"https:\/\/factory.sale\/fi\/wp-json\/wp\/v2\/product\/16641","targetHints":{"allow":["GET"]}}],"collection":[{"href":"https:\/\/factory.sale\/fi\/wp-json\/wp\/v2\/product"}],"about":[{"href":"https:\/\/factory.sale\/fi\/wp-json\/wp\/v2\/types\/product"}],"replies":[{"embeddable":true,"href":"https:\/\/factory.sale\/fi\/wp-json\/wp\/v2\/comments?post=16641"}],"wp:featuredmedia":[{"embeddable":true,"href":"https:\/\/factory.sale\/fi\/wp-json\/wp\/v2\/media\/10573"}],"wp:attachment":[{"href":"https:\/\/factory.sale\/fi\/wp-json\/wp\/v2\/media?parent=16641"}],"wp:term":[{"taxonomy":"factory","embeddable":true,"href":"https:\/\/factory.sale\/fi\/wp-json\/wp\/v2\/factory?post=16641"},{"taxonomy":"free-shipment","embeddable":true,"href":"https:\/\/factory.sale\/fi\/wp-json\/wp\/v2\/free-shipment?post=16641"},{"taxonomy":"product_brand","embeddable":true,"href":"https:\/\/factory.sale\/fi\/wp-json\/wp\/v2\/product_brand?post=16641"},{"taxonomy":"product_cat","embeddable":true,"href":"https:\/\/factory.sale\/fi\/wp-json\/wp\/v2\/product_cat?post=16641"},{"taxonomy":"product_tag","embeddable":true,"href":"https:\/\/factory.sale\/fi\/wp-json\/wp\/v2\/product_tag?post=16641"}],"curies":[{"name":"wp","href":"https:\/\/api.w.org\/{rel}","templated":true}]}}