{"id":16611,"date":"2022-07-15T09:54:49","date_gmt":"2022-12-06T19:45:34","guid":{"rendered":"https:\/\/factory.sale\/?post_type=product&#038;p=16611"},"modified":"2024-06-25T14:32:10","modified_gmt":"2024-06-25T14:32:10","slug":"puistonpenkki-gds","status":"publish","type":"product","link":"https:\/\/factory.sale\/fi\/tuote\/puistonpenkki-gds\/","title":{"rendered":"PUISTONPENKKI \u201cGDS\u201d"},"content":{"rendered":"<p>\u25cf Malli hienoilla retrotyyliin viittaavilla koristeilla.<br \/>\n\u25cf Ihanteellinen sek\u00e4 historialliseen ett\u00e4 moderniin ymp\u00e4rist\u00f6\u00f6n.<br \/>\n\u25cf Omalaatuinen muotoilu, istumamukavuus ja laadukkaasti tehty ty\u00f6.<br \/>\n\u25cf Puistonpenkki ei sovellu ainoastaan ulkok\u00e4ytt\u00f6\u00f6n, vaan toimii hyvin my\u00f6s sis\u00e4tiloissa.<br \/>\n\u25cf Valuraudan ja puun yhdistelm\u00e4 ei ainoastaan n\u00e4yt\u00e4 esteettisesti miellytt\u00e4v\u00e4lt\u00e4, vaan takaa my\u00f6s<br \/>\nkest\u00e4vyyden vuosiksi.<\/p>\n<p>&nbsp;<\/p>\n<p><strong>Lis\u00e4tiedot:<\/strong><\/p>\n<p>\u25cf Penkin pituus: 170 cm<br \/>\n\u25cf Penkin leveys: 59 cm<br \/>\n\u25cf Penkin korkeus: 73 cm<br \/>\n\u25cf Istuinosan pituus: 158 cm<br \/>\n\u25cf Istuinosan leveys: 37 cm<br \/>\n\u25cf Istuinosan korkeus: 41 cm<br \/>\n\u25cf Materiaali: valurauta, puu<br \/>\n\u25cf Galvanoitu, jauhemaalattu<br \/>\n\u25cf Puun s\u00e4vy: mahonki, tiikki, ruusupuu<br \/>\n\u25cf Sertifikaatti: PN EN 1176<br \/>\n\u25cf Takuu 2 vuotta<\/p>\n<p><em>Minimim\u00e4\u00e4r\u00e4 8 kpl!<\/em><br \/>\n<em>Ilmainen toimitus alkaen 8 kpl tilauksiin!<\/em><\/p>\n","protected":false},"excerpt":{"rendered":"<p><strong>Valurautaisen puistonpenkin erinomainen viimeistely ja materiaalit takaavat kest\u00e4vyyden<\/strong>\u00a0<strong>my\u00f6s ankarissa s\u00e4\u00e4olosuhteissa.<\/strong><\/p>\n<p>Laadukkaalla penkill\u00e4 voit turvallisesti lukea lempikirjaasi tai nauttia kauniista s\u00e4\u00e4st\u00e4.<\/p>\n","protected":false},"featured_media":10237,"comment_status":"open","ping_status":"closed","template":"","meta":{"_acf_changed":false},"factory":[],"free-shipment":[],"product_brand":[],"product_cat":[1336,1337],"product_tag":[4462,4463,4464],"class_list":{"0":"post-16611","1":"product","2":"type-product","3":"status-publish","4":"has-post-thumbnail","6":"product_cat-kaupunkihuonekalut","7":"product_cat-penkit","8":"product_tag-bench-fi","9":"product_tag-park-bench-fi","10":"product_tag-urban-furniture-fi","12":"first","13":"instock","14":"sale","15":"taxable","16":"shipping-taxable","17":"purchasable","18":"product-type-simple"},"acf":[],"_links":{"self":[{"href":"https:\/\/factory.sale\/fi\/wp-json\/wp\/v2\/product\/16611","targetHints":{"allow":["GET"]}}],"collection":[{"href":"https:\/\/factory.sale\/fi\/wp-json\/wp\/v2\/product"}],"about":[{"href":"https:\/\/factory.sale\/fi\/wp-json\/wp\/v2\/types\/product"}],"replies":[{"embeddable":true,"href":"https:\/\/factory.sale\/fi\/wp-json\/wp\/v2\/comments?post=16611"}],"wp:featuredmedia":[{"embeddable":true,"href":"https:\/\/factory.sale\/fi\/wp-json\/wp\/v2\/media\/10237"}],"wp:attachment":[{"href":"https:\/\/factory.sale\/fi\/wp-json\/wp\/v2\/media?parent=16611"}],"wp:term":[{"taxonomy":"factory","embeddable":true,"href":"https:\/\/factory.sale\/fi\/wp-json\/wp\/v2\/factory?post=16611"},{"taxonomy":"free-shipment","embeddable":true,"href":"https:\/\/factory.sale\/fi\/wp-json\/wp\/v2\/free-shipment?post=16611"},{"taxonomy":"product_brand","embeddable":true,"href":"https:\/\/factory.sale\/fi\/wp-json\/wp\/v2\/product_brand?post=16611"},{"taxonomy":"product_cat","embeddable":true,"href":"https:\/\/factory.sale\/fi\/wp-json\/wp\/v2\/product_cat?post=16611"},{"taxonomy":"product_tag","embeddable":true,"href":"https:\/\/factory.sale\/fi\/wp-json\/wp\/v2\/product_tag?post=16611"}],"curies":[{"name":"wp","href":"https:\/\/api.w.org\/{rel}","templated":true}]}}