{"id":16605,"date":"2022-07-14T09:41:08","date_gmt":"2022-12-06T19:23:36","guid":{"rendered":"https:\/\/factory.sale\/?post_type=product&#038;p=16605"},"modified":"2024-06-26T21:54:47","modified_gmt":"2024-06-26T21:54:47","slug":"puistonpenkki-cent-i","status":"publish","type":"product","link":"https:\/\/factory.sale\/fi\/tuote\/puistonpenkki-cent-i\/","title":{"rendered":"PUISTONPENKKI CENT I"},"content":{"rendered":"<p>\u25cf Moderni ja samalla klassinen puistonpenkki.<br \/>\n\u25cf Insin\u00f6\u00f6rien innovatiivisen ty\u00f6n ansiosta syntynyt kest\u00e4v\u00e4 rakenne, joka s\u00e4ilytt\u00e4\u00e4 puiston penkin<br \/>\nkeveyden.<br \/>\n\u25cf Centurion penkin salaisuus on ter\u00e4sputkien ja massiivisten litteiden k\u00e4sinojien oikea yhdistelm\u00e4.<br \/>\n\u25cf Moderni muotoilu mahdollistaa selk\u00e4nojan ja istuinosan ergonomisen profiloinnin.<br \/>\n\u25cf Uusin puistonpenkkimme tarjoaa jokaiselle k\u00e4ytt\u00e4j\u00e4lle mukavan lepohetken.<\/p>\n<p>&nbsp;<\/p>\n<p><strong>Lis\u00e4tiedot:<\/strong><\/p>\n<p>\u25cf Penkin pituus: 170 cm<br \/>\n\u25cf Penkin leveys: 53 cm<br \/>\n\u25cf Penkin korkeus: 81 cm<br \/>\n\u25cf Istuinosan pituus: 152 cm<br \/>\n\u25cf Istuinosan leveys: 36 cm<br \/>\n\u25cf Istuinosan korkeus: 44.5 cm<br \/>\n\u25cf Materiaali: ter\u00e4s, puu<br \/>\n\u25cf Galvanoitu, jauhemaalattu<br \/>\n\u25cf Puun s\u00e4vy: mahonki, tiikki, ruusupuu<br \/>\n\u25cf Sertifikaatti: PN EN 1176<br \/>\n\u25cf Takuu 2 vuotta<\/p>\n<p>&nbsp;<\/p>\n<p><em>Minimim\u00e4\u00e4r\u00e4 8 kpl!<\/em><br \/>\n<em>Ilmainen toimitus alkaen 8 kpl tilauksiin!<\/em><\/p>\n","protected":false},"excerpt":{"rendered":"<p><strong>Penkin vahvat puuosat on kiinnitetty galvanoituun ter\u00e4srakenteeseen, joka on k\u00e4sitelty <\/strong><strong>jauhemaalilla.<\/strong><\/p>\n<p>Laadukkaalla penkill\u00e4 voit turvallisesti lukea lempikirjaasi tai nauttia kauniista s\u00e4\u00e4st\u00e4.<\/p>\n<p>&nbsp;<\/p>\n","protected":false},"featured_media":10344,"comment_status":"open","ping_status":"closed","template":"","meta":{"_acf_changed":false},"factory":[],"free-shipment":[],"product_brand":[],"product_cat":[1336,1337],"product_tag":[],"class_list":{"0":"post-16605","1":"product","2":"type-product","3":"status-publish","4":"has-post-thumbnail","6":"product_cat-kaupunkihuonekalut","7":"product_cat-penkit","9":"first","10":"instock","11":"sale","12":"taxable","13":"shipping-taxable","14":"purchasable","15":"product-type-simple"},"acf":[],"_links":{"self":[{"href":"https:\/\/factory.sale\/fi\/wp-json\/wp\/v2\/product\/16605","targetHints":{"allow":["GET"]}}],"collection":[{"href":"https:\/\/factory.sale\/fi\/wp-json\/wp\/v2\/product"}],"about":[{"href":"https:\/\/factory.sale\/fi\/wp-json\/wp\/v2\/types\/product"}],"replies":[{"embeddable":true,"href":"https:\/\/factory.sale\/fi\/wp-json\/wp\/v2\/comments?post=16605"}],"wp:featuredmedia":[{"embeddable":true,"href":"https:\/\/factory.sale\/fi\/wp-json\/wp\/v2\/media\/10344"}],"wp:attachment":[{"href":"https:\/\/factory.sale\/fi\/wp-json\/wp\/v2\/media?parent=16605"}],"wp:term":[{"taxonomy":"factory","embeddable":true,"href":"https:\/\/factory.sale\/fi\/wp-json\/wp\/v2\/factory?post=16605"},{"taxonomy":"free-shipment","embeddable":true,"href":"https:\/\/factory.sale\/fi\/wp-json\/wp\/v2\/free-shipment?post=16605"},{"taxonomy":"product_brand","embeddable":true,"href":"https:\/\/factory.sale\/fi\/wp-json\/wp\/v2\/product_brand?post=16605"},{"taxonomy":"product_cat","embeddable":true,"href":"https:\/\/factory.sale\/fi\/wp-json\/wp\/v2\/product_cat?post=16605"},{"taxonomy":"product_tag","embeddable":true,"href":"https:\/\/factory.sale\/fi\/wp-json\/wp\/v2\/product_tag?post=16605"}],"curies":[{"name":"wp","href":"https:\/\/api.w.org\/{rel}","templated":true}]}}