{"id":16595,"date":"2022-08-24T12:11:51","date_gmt":"2022-12-06T11:50:50","guid":{"rendered":"https:\/\/factory.sale\/?post_type=product&#038;p=16595"},"modified":"2025-11-28T10:20:21","modified_gmt":"2025-11-28T07:20:21","slug":"pressutalli-pohjala","status":"publish","type":"product","link":"https:\/\/factory.sale\/fi\/tuote\/pressutalli-pohjala\/","title":{"rendered":"PRESSUTALLI P\u00d5HJALA L"},"content":{"rendered":"<p>Pressutalli P\u00f5hjala on vahvalla p\u00e4\u00e4llyksell\u00e4 ja galvanoidulla ter\u00e4srungolla varustettu pressutalli, joka on<br \/>\nhelppo koota. Vahvan PVC -pressun ansiosta se kest\u00e4\u00e4 talviolosuhteet ja suuret lumikuormat hyvin.<\/p>\n<p>L 3,35x6m H= 2,5m; oviaukon korkeus noin 1,9 m<\/p>\n<p>Autoteltta L on saatavana kahdessa paketissa, kokonaispaino 106 kg<\/p>\n<p>193x57x30=74kg<br \/>\n125x51x13=32kg<\/p>\n<p><strong>Materiaali:<\/strong><\/p>\n<ul>\n<li>galvanoitu ter\u00e4srunko 32 x 1,1 mm<\/li>\n<li>PVC pressu 450g\/m2<\/li>\n<\/ul>\n<p><a href=\"https:\/\/factory.sale\/wp-content\/uploads\/2022\/08\/Manuaalinen-pohjala-33x6m-factory.sale_.pdf\" target=\"_blank\" rel=\"noopener\">Pressutalli P\u00f5hjala L manuaalinen<\/a><\/p>\n","protected":false},"excerpt":{"rendered":"<p>Pressutalli P\u00f5hjala on vahvalla p\u00e4\u00e4llyksell\u00e4 ja galvanoidulla ter\u00e4srungolla varustettu pressutalli, joka on<br \/>\nhelppo koota.<\/p>\n","protected":false},"featured_media":95413,"comment_status":"open","ping_status":"closed","template":"","meta":{"_acf_changed":false},"factory":[],"free-shipment":[],"product_brand":[],"product_cat":[1339,997],"product_tag":[1486,1487,1488,1489],"class_list":{"0":"post-16595","1":"product","2":"type-product","3":"status-publish","4":"has-post-thumbnail","6":"product_cat-autokatokset","7":"product_cat-piha-puutarha-fi","8":"product_tag-car-tent-fi","9":"product_tag-carport-fi","10":"product_tag-garden-fi","11":"product_tag-yard-fi","13":"first","14":"instock","15":"sale","16":"taxable","17":"shipping-taxable","18":"purchasable","19":"product-type-simple"},"acf":[],"_links":{"self":[{"href":"https:\/\/factory.sale\/fi\/wp-json\/wp\/v2\/product\/16595","targetHints":{"allow":["GET"]}}],"collection":[{"href":"https:\/\/factory.sale\/fi\/wp-json\/wp\/v2\/product"}],"about":[{"href":"https:\/\/factory.sale\/fi\/wp-json\/wp\/v2\/types\/product"}],"replies":[{"embeddable":true,"href":"https:\/\/factory.sale\/fi\/wp-json\/wp\/v2\/comments?post=16595"}],"wp:featuredmedia":[{"embeddable":true,"href":"https:\/\/factory.sale\/fi\/wp-json\/wp\/v2\/media\/95413"}],"wp:attachment":[{"href":"https:\/\/factory.sale\/fi\/wp-json\/wp\/v2\/media?parent=16595"}],"wp:term":[{"taxonomy":"factory","embeddable":true,"href":"https:\/\/factory.sale\/fi\/wp-json\/wp\/v2\/factory?post=16595"},{"taxonomy":"free-shipment","embeddable":true,"href":"https:\/\/factory.sale\/fi\/wp-json\/wp\/v2\/free-shipment?post=16595"},{"taxonomy":"product_brand","embeddable":true,"href":"https:\/\/factory.sale\/fi\/wp-json\/wp\/v2\/product_brand?post=16595"},{"taxonomy":"product_cat","embeddable":true,"href":"https:\/\/factory.sale\/fi\/wp-json\/wp\/v2\/product_cat?post=16595"},{"taxonomy":"product_tag","embeddable":true,"href":"https:\/\/factory.sale\/fi\/wp-json\/wp\/v2\/product_tag?post=16595"}],"curies":[{"name":"wp","href":"https:\/\/api.w.org\/{rel}","templated":true}]}}