{"id":16592,"date":"2022-07-01T15:13:39","date_gmt":"2022-12-04T20:41:13","guid":{"rendered":"https:\/\/factory.sale\/?post_type=product&#038;p=16592"},"modified":"2024-06-26T04:29:27","modified_gmt":"2024-06-26T04:29:27","slug":"industrial-fan-ttv-7000-teollisuustuuletin-ttv-7000","status":"publish","type":"product","link":"https:\/\/factory.sale\/fi\/tuote\/industrial-fan-ttv-7000-teollisuustuuletin-ttv-7000\/","title":{"rendered":"INDUSTRIAL FAN TTV 7000 &#8211; TEOLLISUUSTUULETIN TTV 7000"},"content":{"rendered":"<p>Kymmenet tuhannet konevuokraamot, rakennusurakoitsijat, rakennuspalvelun tarjoajat ja k\u00e4sity\u00f6l\u00e4iset\u00a0k\u00e4ytt\u00e4v\u00e4t Trotec TTV -laitteita p\u00e4ivitt\u00e4in ja ovat tehneet n\u00e4ist\u00e4 puhaltimista rakennusalan myydyimm\u00e4n\u00a0mobiilisten aksiaalipuhaltimien sarjan.<br \/>\nT\u00e4m\u00e4 tehokas puhallin on paras valinta kaikkiin tuuletusteht\u00e4viin tuotannossa, maataloudessa tai\u00a0varastotiloissa, joissa tarvitaan suuri ilmanvaihtuvuus.<br \/>\nTrotec TTV 7000 -tuuletin kolmella tasolla varmistaa hyv\u00e4n ilmanvaihdon my\u00f6s suurissa tiloissa. Tuulettimen ilmanvirtausteho voidaan asettaa jopa 8 500 m\u00b3 \/ h. T\u00e4ydellinen varastotilojen kuivan ilman ilmanvaihtoon.<br \/>\nSopivalla letkusovittimella ja useammalla liitetyll\u00e4 ilmaletkuilla Trotec TTV 7000 -puhallin kuljettaa suuria ilmam\u00e4\u00e4ri\u00e4 vaivattomasti pitkienkin et\u00e4isyyksien p\u00e4\u00e4h\u00e4n.<br \/>\nTehokas puhallin on suunniteltu erityisesti t\u00e4ytt\u00e4m\u00e4\u00e4n kovimmat k\u00e4yt\u00e4nn\u00f6n vaatimukset vaativissa olosuhteissa, tarjoten pitk\u00e4n k\u00e4ytt\u00f6i\u00e4n ja luotettavuuden my\u00f6s materiaalia kuluttavassa k\u00e4yt\u00f6ss\u00e4. Tuote ei sovellu ainoastaan teollisuuteen, rakentamiseen tai kaupalliselle alalle, vaan on my\u00f6s ihanteellinen ratkaisu jokaiseen konevuokraamoon!<\/p>\n<p><strong>Laitteen edut:<\/strong><\/p>\n<ul>\n<li>Tehokas aksiaalipuhallin \u2013 valmistettu alan korkeiden standardien mukaisesti.<\/li>\n<li>Eritt\u00e4in kest\u00e4v\u00e4 ammattimaiseen jatkuvaan k\u00e4ytt\u00f6\u00f6n vaikeimmissakin olosuhteissa.<\/li>\n<li>TTV-alustakonsepti: joustavien j\u00e4rjestelm\u00e4lis\u00e4laitteiden ansiosta tarvitset vain yhden peruslaitteen useisiin laitteisiin.<\/li>\n<li>TTV-alustan etu: pienemm\u00e4t investointi- ja yll\u00e4pitokustannukset, tehokkaampi varastointi, enemm\u00e4n joustavuutta.<\/li>\n<li>Roiskevesisuojattu (IP55)<\/li>\n<li>Voidaan pinota tilan s\u00e4\u00e4st\u00e4miseksi kuljetusta ja varastointia varten.<\/li>\n<li>Sopiva letkuliitin saatavilla: vaihtoehtoinen liitin mahdollistaa ilmankuljetusletkun tai p\u00f6lypussin kiinnitt\u00e4miseen puhaltimeen, esim. likahiukkasten imuun.<\/li>\n<\/ul>\n<p><strong>Ominaisuudet ja toiminnot:<\/strong><\/p>\n<ul>\n<li>Mobiliteetti<\/li>\n<li>Kuljetuskahvat<\/li>\n<li>Pinottava<\/li>\n<li>Kannettava<\/li>\n<li>Muoviset py\u00f6r\u00e4t<\/li>\n<li>Kumipintaiset metallirenkaat<\/li>\n<li>Ei-liikaavat umpikumirenkaat<\/li>\n<li>Nosturi<\/li>\n<li>Trukki<\/li>\n<\/ul>\n<p><strong>Lis\u00e4tiedot:<\/strong><br \/>\nIlmam\u00e4\u00e4r\u00e4<br \/>\nMax [m\u00b3\/h] 8500<br \/>\nIlmavirta<\/p>\n<p><strong>Ulos<\/strong><br \/>\nSis\u00e4\u00e4n<br \/>\nPuhallin<br \/>\nAksiaalinen<br \/>\nRadiaalinen \u2013<br \/>\nPuhaltimen tasot 3<br \/>\nIlman poistumisnopeus<br \/>\nm\/s 11<br \/>\nkm\/h 39.6<\/p>\n<p><strong>Ilman kantomatka<\/strong><br \/>\nUlkona [m] 20<br \/>\nSis\u00e4ll\u00e4 [m] 65<br \/>\nIlmanpaine<br \/>\nMax [Pa] 100<br \/>\nL\u00e4mp\u00f6tila<br \/>\nMax [\u00b0C] 45<\/p>\n<p><strong>S\u00e4hk\u00f6iset indikaattorit<\/strong><br \/>\nVirtaliit\u00e4nt\u00e4 230V\/50Hz<br \/>\nNimellisvirransy\u00f6tt\u00f6 [A] 1.8<br \/>\nEnergian tarve [kW] 0,41<br \/>\nSulake [A] 10<\/p>\n<p><strong>S\u00e4hk\u00f6liit\u00e4nt\u00e4<\/strong><br \/>\nKytkent\u00e4 CEE 7\/7<br \/>\nKaapelin pituus [m] 3<br \/>\nIP-suojausluokka 55<br \/>\n\u00c4\u00e4nitaso<br \/>\nEt\u00e4isyys 3 m [dB(A)] 58<br \/>\nLetkuliit\u00e4nt\u00e4<br \/>\nHalkaisija [mm] 560<\/p>\n<p><strong>Mitat<\/strong><br \/>\nPituus [mm] 365<br \/>\nLeveys [mm] 620<br \/>\nKorkeus (ilman pakkausta) [mm] 620<br \/>\nPaino (ilman pakkausta) [kg] 18.5<\/p>\n","protected":false},"excerpt":{"rendered":"<p>Trotec TTV 7000 -tuuletin kolmella tasolla varmistaa hyv\u00e4n ilmanvaihdon my\u00f6s suurissa tiloissa. Tuulettimen ilmanvirtausteho voidaan asettaa jopa 8 500 m\u00b3 \/ h.<\/p>\n","protected":false},"featured_media":9363,"comment_status":"open","ping_status":"closed","template":"","meta":{"_acf_changed":false},"factory":[],"free-shipment":[],"product_brand":[],"product_cat":[1322,1321],"product_tag":[],"class_list":{"0":"post-16592","1":"product","2":"type-product","3":"status-publish","4":"has-post-thumbnail","6":"product_cat-tyokalut-ja-valineet","7":"product_cat-yleinen-rakentaminen","9":"first","10":"instock","11":"taxable","12":"shipping-taxable","13":"purchasable","14":"product-type-simple"},"acf":[],"_links":{"self":[{"href":"https:\/\/factory.sale\/fi\/wp-json\/wp\/v2\/product\/16592","targetHints":{"allow":["GET"]}}],"collection":[{"href":"https:\/\/factory.sale\/fi\/wp-json\/wp\/v2\/product"}],"about":[{"href":"https:\/\/factory.sale\/fi\/wp-json\/wp\/v2\/types\/product"}],"replies":[{"embeddable":true,"href":"https:\/\/factory.sale\/fi\/wp-json\/wp\/v2\/comments?post=16592"}],"wp:featuredmedia":[{"embeddable":true,"href":"https:\/\/factory.sale\/fi\/wp-json\/wp\/v2\/media\/9363"}],"wp:attachment":[{"href":"https:\/\/factory.sale\/fi\/wp-json\/wp\/v2\/media?parent=16592"}],"wp:term":[{"taxonomy":"factory","embeddable":true,"href":"https:\/\/factory.sale\/fi\/wp-json\/wp\/v2\/factory?post=16592"},{"taxonomy":"free-shipment","embeddable":true,"href":"https:\/\/factory.sale\/fi\/wp-json\/wp\/v2\/free-shipment?post=16592"},{"taxonomy":"product_brand","embeddable":true,"href":"https:\/\/factory.sale\/fi\/wp-json\/wp\/v2\/product_brand?post=16592"},{"taxonomy":"product_cat","embeddable":true,"href":"https:\/\/factory.sale\/fi\/wp-json\/wp\/v2\/product_cat?post=16592"},{"taxonomy":"product_tag","embeddable":true,"href":"https:\/\/factory.sale\/fi\/wp-json\/wp\/v2\/product_tag?post=16592"}],"curies":[{"name":"wp","href":"https:\/\/api.w.org\/{rel}","templated":true}]}}