{"id":16589,"date":"2022-07-01T15:14:41","date_gmt":"2022-12-04T20:34:30","guid":{"rendered":"https:\/\/factory.sale\/?post_type=product&#038;p=16589"},"modified":"2024-06-26T23:39:27","modified_gmt":"2024-06-26T23:39:27","slug":"fan-ttw-35000-s-puhallin-ttw-35000-s","status":"publish","type":"product","link":"https:\/\/factory.sale\/fi\/tuote\/fan-ttw-35000-s-puhallin-ttw-35000-s\/","title":{"rendered":"FAN TTW 35000 S &#8211; PUHALLIN TTW 35000 S"},"content":{"rendered":"<p>Trotec TTW 35000 S -puhallin on paras ratkaisu kaikkiin tuuletusteht\u00e4viin tuotannossa, maataloudessa tai\u00a0varastotiloissa, joissa tarvitaan suuri ilmanvaihtuvuus ilman suuria investointeja.<br \/>\nKest\u00e4v\u00e4\u00e4 rumpupuhallinta voi s\u00e4\u00e4dell\u00e4 kaksivaiheisesti, ja koska se ylt\u00e4\u00e4 teholtaan jopa 32,400 m\u00b3 \/ h asti, se pystyy tarvittavaan ilmanvaihtoon my\u00f6s suurissa tiloissa tai halleissa.<br \/>\nRungon ja py\u00f6rien ansiosta Galvanoitu ter\u00e4skotelo on helppo kuljettaa ja siirt\u00e4\u00e4 &#8211; sen kaltevuuskulmaa voidaan s\u00e4\u00e4t\u00e4\u00e4 pystyasentoon asti. S\u00e4\u00e4dett\u00e4v\u00e4n kaltevuuskulman ansiosta ilmavirta voidaan ohjata my\u00f6s korkeille sein\u00e4- ja kattopinnoille, mik\u00e4 tekee t\u00e4st\u00e4 puhaltimesta my\u00f6s k\u00e4tev\u00e4n ja joustavan apurin teatteri-, elokuva- ja valokuva-alalle.<\/p>\n<p>Tuulettimen k\u00e4ytt\u00e4minen on eritt\u00e4in helppoa kiertokytkint\u00e4 k\u00e4ytt\u00e4en, jolla voidaan vaihtaa puhaltimen nopeutta. Laitteessa on my\u00f6s k\u00e4yt\u00e4nn\u00f6llinen kaapelipidike liit\u00e4nt\u00e4kaapelin turvalliseen kuljetukseen. K\u00e4sipy\u00f6r\u00e4\u00e4 l\u00f6ys\u00e4\u00e4m\u00e4ll\u00e4 puhaltimen kulmaa voidaan s\u00e4\u00e4t\u00e4\u00e4 molempiin suuntiin, vaakasuunnassa pys\u00e4ytyskohtaan asti ja sitten haluttu asento voidaan lukita k\u00e4sipy\u00f6r\u00e4\u00e4 k\u00e4\u00e4nt\u00e4m\u00e4ll\u00e4.<\/p>\n<p><strong>Laitteen edut:<\/strong><\/p>\n<ul>\n<li>Edullinen ratkaisu puoliammattimaisiin tuuletustoimintoihin.<\/li>\n<li>Ilmankierr\u00e4tyskapasiteetti jopa 32.400 m\u00b3\/h.<\/li>\n<li>Sein\u00e4\u00e4n kytkett\u00e4v\u00e4 laite on helppok\u00e4ytt\u00f6inen.<\/li>\n<li>Pystysuunnasta vaakasuoraan s\u00e4\u00e4dett\u00e4v\u00e4 ilmavirtauksen kaltevuuskulma.<\/li>\n<li>Helppo siirt\u00e4\u00e4 paikasta toiseen kuljetuspy\u00f6rien ansiosta.<\/li>\n<\/ul>\n<p><strong>Ominaisuudet ja toiminnot:<\/strong><\/p>\n<ul>\n<li>Mobiliteetti<\/li>\n<li>Trukki<\/li>\n<li>Kumipintaiset metallirenkaat<\/li>\n<li>Liikuteltava<\/li>\n<li>Nosturi<\/li>\n<li>Muoviset py\u00f6r\u00e4t<\/li>\n<li>Ei-liikaavat umpikumirenkaat<\/li>\n<li>Kuljetuskahvat<\/li>\n<\/ul>\n<p><strong>Tekniset tiedot:<\/strong><\/p>\n<ul>\n<li>1 vaiheen teho: 24,600 m\u00b3 \/ h<\/li>\n<li>2 vaiheen teho: 32,400 m\u00b3 \/ h<\/li>\n<li>Suurin roottorin nopeus: 850 rpm<\/li>\n<li>Tehotaso 1: 0,62 kW<\/li>\n<li>Tehotaso 2: 0.75 kW<\/li>\n<li>\u00c4\u00e4nitaso 1: 65 dB (A)<\/li>\n<li>\u00c4\u00e4nitaso 2: 75 dB (A)<\/li>\n<li>S\u00e4hk\u00f6liit\u00e4nt\u00e4: 16 A<\/li>\n<li>Virtaliit\u00e4nt\u00e4: 230 V \/ 50 Hz<\/li>\n<li>Kytkent\u00e4: CEE 7\/7<\/li>\n<li>Liikkuvuus: mobiili<\/li>\n<li>Mitat (leveys x pituus x korkeus): 1230 x 525 x 1140 mm<\/li>\n<li>Paino: 49 kg<\/li>\n<\/ul>\n<p><strong>Lis\u00e4tiedot:<\/strong><\/p>\n<p><strong>Ilmam\u00e4\u00e4r\u00e4<\/strong><br \/>\nMax [m\u00b3\/h] 32 400<br \/>\nIlmavirta<br \/>\nUlos<br \/>\nSis\u00e4\u00e4n \u2013<\/p>\n<p><strong>Ulosvirtauksen et\u00e4isyys<\/strong><br \/>\nUlos [m] \u2013<br \/>\nSis\u00e4\u00e4n [m] 10<br \/>\nIlmanpaine<br \/>\nMax taso [Pa] 160<br \/>\nPuhallin<br \/>\nAksiaalinen<br \/>\nRadiaalinen \u2013<br \/>\nTuulettimen tasot 2<br \/>\nL\u00e4mp\u00f6tila<br \/>\nMax [\u00b0C] 40<\/p>\n<p><strong>S\u00e4hk\u00f6iset indikaattorit<\/strong><br \/>\nVirtaliit\u00e4nt\u00e4 230V\/50Hz<br \/>\nEnergian tarve [kW] 0,75<br \/>\nSulake [A] 16<br \/>\nNimellisvirransy\u00f6tt\u00f6 [A] 3.2<br \/>\nS\u00e4hk\u00f6liit\u00e4nt\u00e4<br \/>\nKytkent\u00e4 CEE 7\/7<\/p>\n<p><strong>\u00c4\u00e4nitaso<\/strong><br \/>\nTaso 1 [dB(A)] 65<\/p>\n<p>Taso 2 [dB(A)] 75<br \/>\nMitat<br \/>\nPituus [mm] 525<br \/>\nLeveys [mm] 1230<br \/>\nKorkeus [mm] 1140<br \/>\nPaino [kg] 49<\/p>\n","protected":false},"excerpt":{"rendered":"<p><strong>Luotettava, tehokas ja edullinen tuulikone!<\/strong><\/p>\n<p>Rumpupuhallin Trotec TTW 35000 S max. 32 400 m\u00b3\/h ilmavirtauksella, 2 nopeusasetusta, galvanoitu ja kallistettava ter\u00e4srunko.<\/p>\n","protected":false},"featured_media":9382,"comment_status":"open","ping_status":"closed","template":"","meta":{"_acf_changed":false},"factory":[],"free-shipment":[],"product_brand":[],"product_cat":[1322,1321],"product_tag":[],"class_list":{"0":"post-16589","1":"product","2":"type-product","3":"status-publish","4":"has-post-thumbnail","6":"product_cat-tyokalut-ja-valineet","7":"product_cat-yleinen-rakentaminen","9":"first","10":"instock","11":"taxable","12":"shipping-taxable","13":"purchasable","14":"product-type-simple"},"acf":[],"_links":{"self":[{"href":"https:\/\/factory.sale\/fi\/wp-json\/wp\/v2\/product\/16589","targetHints":{"allow":["GET"]}}],"collection":[{"href":"https:\/\/factory.sale\/fi\/wp-json\/wp\/v2\/product"}],"about":[{"href":"https:\/\/factory.sale\/fi\/wp-json\/wp\/v2\/types\/product"}],"replies":[{"embeddable":true,"href":"https:\/\/factory.sale\/fi\/wp-json\/wp\/v2\/comments?post=16589"}],"wp:featuredmedia":[{"embeddable":true,"href":"https:\/\/factory.sale\/fi\/wp-json\/wp\/v2\/media\/9382"}],"wp:attachment":[{"href":"https:\/\/factory.sale\/fi\/wp-json\/wp\/v2\/media?parent=16589"}],"wp:term":[{"taxonomy":"factory","embeddable":true,"href":"https:\/\/factory.sale\/fi\/wp-json\/wp\/v2\/factory?post=16589"},{"taxonomy":"free-shipment","embeddable":true,"href":"https:\/\/factory.sale\/fi\/wp-json\/wp\/v2\/free-shipment?post=16589"},{"taxonomy":"product_brand","embeddable":true,"href":"https:\/\/factory.sale\/fi\/wp-json\/wp\/v2\/product_brand?post=16589"},{"taxonomy":"product_cat","embeddable":true,"href":"https:\/\/factory.sale\/fi\/wp-json\/wp\/v2\/product_cat?post=16589"},{"taxonomy":"product_tag","embeddable":true,"href":"https:\/\/factory.sale\/fi\/wp-json\/wp\/v2\/product_tag?post=16589"}],"curies":[{"name":"wp","href":"https:\/\/api.w.org\/{rel}","templated":true}]}}