{"id":16587,"date":"2022-07-01T15:12:48","date_gmt":"2022-12-04T20:31:21","guid":{"rendered":"https:\/\/factory.sale\/?post_type=product&#038;p=16587"},"modified":"2024-06-25T13:50:54","modified_gmt":"2024-06-25T13:50:54","slug":"dryer-ttk-655-s-ilmankuivain-ttk-655-s","status":"publish","type":"product","link":"https:\/\/factory.sale\/fi\/tuote\/dryer-ttk-655-s-ilmankuivain-ttk-655-s\/","title":{"rendered":"DRYER TTK 655 S &#8211; ILMANKUIVAIN TTK 655 S"},"content":{"rendered":"<p>Tehokas 1,9-kW-kompressori takaa korkean kuivaustehon suurissa tiloissa silloinkin, kun l\u00e4mp\u00f6tila on alle 10 \u00b0C. Korkealaatuinen automaattinen kuumakaasu sulatusj\u00e4rjestelm\u00e4 tarjoaa paljon tehokkaamman kuivaustehokkuuden kuin muut sulatusj\u00e4rjestelm\u00e4t.<br \/>\nUusien rakennusten kuivaus, vesivahinkojen korjaaminen, toistuva sijainnin ja k\u00e4ytt\u00f6olosuhteiden muutokset ankarissa rakennusymp\u00e4rist\u00f6iss\u00e4 eiv\u00e4t ole t\u00e4lle ilmankuivaimelle ongelma:<br \/>\nTrotec TTK 655 S -py\u00f6riv\u00e4n rotaatiokompressorin tekniikka mahdollistaa sen kuljettamisen k\u00e4yt\u00e4nn\u00f6ss\u00e4\u00a0miss\u00e4 tahansa asennossa ja mahdollistaa my\u00f6s ilmankuivaimen k\u00e4ynnist\u00e4misen v\u00e4litt\u00f6m\u00e4sti asennuksen\u00a0j\u00e4lkeen, mik\u00e4 s\u00e4\u00e4st\u00e4\u00e4 huomattavasti aikaa.<br \/>\nKahva ja suuret py\u00f6r\u00e4t sek\u00e4 laitteen ergonominen muotoilu mahdollistavat laitteen helpon kuljettamisen\u00a0my\u00f6s ep\u00e4tasaisilla pinnoilla tai portaissa. Sis\u00e4tiloissa k\u00e4ytettyn\u00e4 TTK 655 S: maalaamattomat kumipy\u00f6r\u00e4t\u00a0eiv\u00e4t j\u00e4t\u00e4 j\u00e4lki\u00e4 parketille tai muille herkille pinnoille.<\/p>\n<p>Erityinen suojus suojaa ilmankuivaimen elektronisia komponentteja haitalliselta p\u00f6lylt\u00e4 tai kosteudelta.\u00a0Kaikki muut TTK 655 S:n komponentit ovat turvallisesti suojattuja ja sijoitettu k\u00e4yt\u00e4nn\u00f6ss\u00e4 optimoituun ja\u00a0suojattuun rekister\u00f6ityyn suunnitteluratkaisuun.<\/p>\n<p><strong>Ominaisuudet ja toiminnot:<\/strong><\/p>\n<p>\u25cf Automaattinen vianm\u00e4\u00e4ritysj\u00e4rjestelm\u00e4<br \/>\n\u25cf Automaattinen sammutusj\u00e4rjestelm\u00e4<br \/>\n\u25cf Painike j\u00e4\u00e4nn\u00f6sveden tyhjent\u00e4miseen<br \/>\n\u25cf Automaattinen uudelleenk\u00e4ynnistystoiminto<br \/>\n\u25cf Liit\u00e4nt\u00e4 ulkoiseen viem\u00e4riin<br \/>\n\u25cf Muistitoiminto<br \/>\n\u25cf Tuulettimen k\u00e4ynnistystoiminto<\/p>\n<p><strong>TTK 655 S:n edut:<\/strong><\/p>\n<p>\u25cf Kehitys, suunnittelu, tuotanto: 100 % Trotec (Saksa).<br \/>\n\u25cf Korkea kosteudenpoistokyky jopa matalissa l\u00e4mp\u00f6tiloissa.<br \/>\n\u25cf Maksimaalinen p\u00f6ly- ja kosteussuojaus kaikille elektronisille komponenteille.<br \/>\n\u25cf Eritt\u00e4in helppohoitoinen rakenne.<br \/>\n\u25cf Optimaaliset k\u00e4sittelyominaisuudet.<br \/>\n\u25cf M\u00e4nt\u00e4kompressorin ansiosta voidaan kuljettaa ja varastoida miss\u00e4 tahansa asennossa.<br \/>\n\u25cf K\u00e4yt\u00e4nn\u00f6llinen pinoamismahdollisuus vakaaseen, tilaa s\u00e4\u00e4st\u00e4v\u00e4\u00e4n varastointiin ja kuljetukseen.<br \/>\n\u25cf Samankokoiset mallit voi pinota p\u00e4\u00e4llekk\u00e4in.<br \/>\n\u25cf K\u00e4yt\u00e4nn\u00f6llisesti optimoitu saksalainen teollinen muotoilu \u2013 suojattu malli.<\/p>\n<p><strong>KUIVAUSKAPASITEETTI<\/strong><\/p>\n<p>20 \u00b0 C l\u00e4mp\u00f6tilassa \/<br \/>\n60% RH [l \/ 24h]<br \/>\n44<\/p>\n<p>30 \u00b0 C l\u00e4mp\u00f6tilassa \/<br \/>\n80% RH [l \/ 24h]<br \/>\n91<\/p>\n<p>Max [l \/ 24h] 150<\/p>\n<p>Ilmam\u00e4\u00e4r\u00e4<\/p>\n<p>Max taso [M\u00b3 \/ h] 1000<\/p>\n<p><strong>SUOSITELTAVA KOKO RAKENNUKSEN KUIVAAMISEEN (huoneen koko)<\/strong><\/p>\n<p>m\u00b3 750<\/p>\n<p>m\u00b2 300<\/p>\n<p><strong>SUOSITELTU HUONEEN KOKO KUIVANA S\u00c4ILYTETTYN\u00c4<\/strong><\/p>\n<p>m\u00b3 1470<\/p>\n<p>m\u00b2 590<\/p>\n<p><strong>YMP\u00c4RIST\u00d6OLOSUHTEET<\/strong><\/p>\n<p>Min. l\u00e4mp\u00f6tila-alue [\u00b0 C] 5<\/p>\n<p>Max. l\u00e4mp\u00f6tila-alue [\u00b0 C] 32<\/p>\n<p>Min. kosteus-alue [% RH] 50<\/p>\n<p>Max. kosteus-alue [% RH] 90<\/p>\n<p><strong>S\u00c4HK\u00d6ISET OMINAISUUDET<\/strong><\/p>\n<p>Verkkoyhteys 220-240 V \/ 50 Hz<\/p>\n<p>Nimellisvirransy\u00f6tt\u00f6 [A] 8.6<\/p>\n<p>Energiankulutus [kW] 1.9<\/p>\n<p>Suositeltu sulake [A] 16<\/p>\n<p><strong>KOMPRESSORI<\/strong><\/p>\n<p>Rotaariokompressori +<\/p>\n<p>M\u00e4nt\u00e4kompressori \u2013<\/p>\n<p>J\u00e4\u00e4hdytysaine R-454C<\/p>\n<p>J\u00e4\u00e4hdytysaineen m\u00e4\u00e4r\u00e4 [g] 1050<\/p>\n<p>GWP-tekij\u00e4 146<\/p>\n<p>CO 2 vastike 0,15<\/p>\n<p>Imupuoli [MPa] 0.5<\/p>\n<p>Ulostulon puoli [MPa] 1.8<\/p>\n<p>Max paine [Mpa] 1.8<\/p>\n<p>Vesis\u00e4ili\u00f6<\/p>\n<p>Sis\u00e4lt\u00f6 [litraa] 6<\/p>\n<p><strong>\u00c4\u00c4NIARVOT<\/strong><\/p>\n<p>Et\u00e4isyys 1 m [dB (A)] 56<\/p>\n","protected":false},"excerpt":{"rendered":"<p>Trotec TTK 655 S ilmankuivain voi poistaa jopa 150 litraa vett\u00e4 p\u00e4iv\u00e4ss\u00e4, mik\u00e4 vastaa yli 6 litraa tunnissa.<br \/>\nT\u00e4m\u00e4 on mahdollista korkean suorituskyvyn l\u00e4mm\u00f6nsiirto- ja puhallinj\u00e4rjestelmien t\u00e4ydellisesti\u00a0koordinoidun vuorovaikutuksen ansiosta, jotka voivat kuivata ilmaa nopeudella 1000 m\u00b3 \/ h.<\/p>\n","protected":false},"featured_media":9351,"comment_status":"open","ping_status":"closed","template":"","meta":{"_acf_changed":false},"factory":[],"free-shipment":[],"product_brand":[],"product_cat":[1322,1321],"product_tag":[],"class_list":{"0":"post-16587","1":"product","2":"type-product","3":"status-publish","4":"has-post-thumbnail","6":"product_cat-tyokalut-ja-valineet","7":"product_cat-yleinen-rakentaminen","9":"first","10":"instock","11":"taxable","12":"shipping-taxable","13":"purchasable","14":"product-type-simple"},"acf":[],"_links":{"self":[{"href":"https:\/\/factory.sale\/fi\/wp-json\/wp\/v2\/product\/16587","targetHints":{"allow":["GET"]}}],"collection":[{"href":"https:\/\/factory.sale\/fi\/wp-json\/wp\/v2\/product"}],"about":[{"href":"https:\/\/factory.sale\/fi\/wp-json\/wp\/v2\/types\/product"}],"replies":[{"embeddable":true,"href":"https:\/\/factory.sale\/fi\/wp-json\/wp\/v2\/comments?post=16587"}],"wp:featuredmedia":[{"embeddable":true,"href":"https:\/\/factory.sale\/fi\/wp-json\/wp\/v2\/media\/9351"}],"wp:attachment":[{"href":"https:\/\/factory.sale\/fi\/wp-json\/wp\/v2\/media?parent=16587"}],"wp:term":[{"taxonomy":"factory","embeddable":true,"href":"https:\/\/factory.sale\/fi\/wp-json\/wp\/v2\/factory?post=16587"},{"taxonomy":"free-shipment","embeddable":true,"href":"https:\/\/factory.sale\/fi\/wp-json\/wp\/v2\/free-shipment?post=16587"},{"taxonomy":"product_brand","embeddable":true,"href":"https:\/\/factory.sale\/fi\/wp-json\/wp\/v2\/product_brand?post=16587"},{"taxonomy":"product_cat","embeddable":true,"href":"https:\/\/factory.sale\/fi\/wp-json\/wp\/v2\/product_cat?post=16587"},{"taxonomy":"product_tag","embeddable":true,"href":"https:\/\/factory.sale\/fi\/wp-json\/wp\/v2\/product_tag?post=16587"}],"curies":[{"name":"wp","href":"https:\/\/api.w.org\/{rel}","templated":true}]}}