{"id":16585,"date":"2022-07-01T15:11:43","date_gmt":"2022-12-04T20:28:21","guid":{"rendered":"https:\/\/factory.sale\/?post_type=product&#038;p=16585"},"modified":"2024-06-28T15:51:12","modified_gmt":"2024-06-28T15:51:12","slug":"dryer-ttk-355-s-ilmankuivain-ttk-355-s","status":"publish","type":"product","link":"https:\/\/factory.sale\/fi\/tuote\/dryer-ttk-355-s-ilmankuivain-ttk-355-s\/","title":{"rendered":"DRYER \u200b\u200bTTK 355 S &#8211; ILMANKUIVAIN \u200b\u200bTTK 355 S"},"content":{"rendered":"<p>T\u00e4ll\u00e4 tavalla voit poistaa vuorokaudessa jopa 70 litraa kosteutta huoneilmasta vain yhdell\u00e4 laitteella. TTK 355 5 S:n korkealaatuinen automaattinen kuumakaasu sulatusj\u00e4rjestelm\u00e4 tarjoaa paljon tehokkaamman kuivaustehokkuuden kuin muut sulatusj\u00e4rjestelm\u00e4t, ilman aikaa vievi\u00e4 sulatustaukoja, kun kuivausta ei tapahdu.<\/p>\n<p><strong>Siirrett\u00e4v\u00e4n ilmankuivaimen etuna on liikkuvuus ja korkea suorituskyky.<\/strong><br \/>\nKahva ja suuret py\u00f6r\u00e4t sek\u00e4 laitteen ergonominen muotoilu mahdollistavat Trotec TTK 355 S:n helpon kuljettamisen my\u00f6s ep\u00e4tasaisilla pinnoilla tai portaissa. M\u00e4nt\u00e4kompressoriteknologian ansiosta sit\u00e4 voidaan kuljettaa k\u00e4yt\u00e4nn\u00f6ss\u00e4 miss\u00e4 tahansa asennossa. Sis\u00e4tiloissa maalaamattomat kumipy\u00f6r\u00e4t eiv\u00e4t j\u00e4t\u00e4 j\u00e4lki\u00e4 parketille tai muille herkille pinnoille.<br \/>\nErityinen suojus suojaa ilmankuivaimen elektronisia komponentteja haitallisen p\u00f6lyn tai kosteuden ker\u00e4\u00e4ntymiselt\u00e4, mitk\u00e4 voisivat heikent\u00e4\u00e4 elektroniikan toimintoja ja pitk\u00e4ik\u00e4isyytt\u00e4.\u00a0Trotec TTK 355 S:n komponentit on suojattu rekister\u00f6ityn\u00e4 mallina. T\u00e4m\u00e4 antaa sinulle etuly\u00f6ntiaseman\u00a0verrattuna kilpailijoihin, jotka eiv\u00e4t voi k\u00e4ytt\u00e4\u00e4 samaa ratkaisua.<br \/>\nTTK 355 S on kompakti ja pinottava, mik\u00e4 tarjoaa suuren edun s\u00e4ilytykseen ja kuljetukseen.<\/p>\n<p><strong>EDUT:<\/strong><\/p>\n<p>\u25cf Kehitys, suunnittelu, tuotanto: 100 % Trotec<br \/>\n\u25cf Korkea kosteudenpoistokyky jopa matalissa l\u00e4mp\u00f6tiloissa<br \/>\n\u25cf Maksimaalinen p\u00f6ly- ja kosteussuojaus kaikille elektronisille komponenteille<br \/>\n\u25cf Eritt\u00e4in helppohoitoinen rakenne<br \/>\n\u25cf Optimaaliset k\u00e4sittelyominaisuudet<br \/>\n\u25cf M\u00e4nt\u00e4kompressorin ansiosta voidaan kuljettaa ja varastoida miss\u00e4 tahansa asennossa<br \/>\n\u25cf K\u00e4yt\u00e4nn\u00f6llinen pinoamismahdollisuus vakaaseen, tilaa s\u00e4\u00e4st\u00e4v\u00e4\u00e4n varastointiin ja kuljetukseen<br \/>\n\u25cf Samankokoiset mallit voi pinota p\u00e4\u00e4llekk\u00e4in<br \/>\n\u25cf K\u00e4yt\u00e4nn\u00f6llisesti optimoitu saksalainen teollinen muotoilu \u2013 suojattu malli<\/p>\n<p><strong>KUIVAUSKAPASITEETTI<\/strong><\/p>\n<p>20 \u00b0 C l\u00e4mp\u00f6tilassa \/<br \/>\n60% RH [l \/ 24h]<br \/>\n27<\/p>\n<p>30 \u00b0 C l\u00e4mp\u00f6tilassa \/<br \/>\n80% RH [l \/ 24h]<br \/>\n55<\/p>\n<p>Max [l \/ 24h] 70<\/p>\n<p>Ilmam\u00e4\u00e4r\u00e4<\/p>\n<p>Max taso [M\u00b3 \/ h] 1000<\/p>\n<p><strong>SUOSITELTAVA KOKO RAKENNUKSEN KUIVAAMISEEN (huoneen koko)<\/strong><\/p>\n<p>m\u00b3 450<\/p>\n<p>m\u00b2 180<\/p>\n<p><strong>SUOSITELTU HUONEEN KOKO KUIVANA S\u00c4ILYTETTYN\u00c4<\/strong><\/p>\n<p>m\u00b3 900<\/p>\n<p>m\u00b2 360<\/p>\n<p><strong>YMP\u00c4RIST\u00d6OLOSUHTEET<\/strong><\/p>\n<p>Min. l\u00e4mp\u00f6tila-alue [\u00b0 C] 5<\/p>\n<p>Max. l\u00e4mp\u00f6tila-alue [\u00b0 C] 32<\/p>\n<p>Min. kosteus-alue [% RH] 50<\/p>\n<p>Max. kosteus-alue [% RH] 90<\/p>\n<p><strong>S\u00c4HK\u00d6ISET OMINAISUUDET<\/strong><\/p>\n<p>Verkkoyhteys 220-240 V \/ 50 Hz<\/p>\n<p>Nimellisvirransy\u00f6tt\u00f6 [A] 6<\/p>\n<p>Energiankulutus [kW] 1.3<\/p>\n<p>Suositeltu sulake [A] 10<\/p>\n<p><strong>KOMPRESSORI<\/strong><\/p>\n<p>Rotaariokompressori +<\/p>\n<p>M\u00e4nt\u00e4kompressori \u2013<\/p>\n<p>J\u00e4\u00e4hdytysaine R-454C<\/p>\n<p>J\u00e4\u00e4hdytysaineen m\u00e4\u00e4r\u00e4 [g] 650<\/p>\n<p>GWP-tekij\u00e4 146<\/p>\n<p>CO 2 vastike 0,0949<\/p>\n<p>Imupuoli [MPa] 0.5<\/p>\n<p>Ulostulon puoli [MPa] 1.8<\/p>\n<p>Max paine [Mpa] 1.8<\/p>\n<p>Vesis\u00e4ili\u00f6<\/p>\n<p>Sis\u00e4lt\u00f6 [litraa] 6<\/p>\n<p><strong>\u00c4\u00c4NIARVOT<\/strong><\/p>\n<p>Et\u00e4isyys 1 m [dB (A)] 54<\/p>\n","protected":false},"excerpt":{"rendered":"<p>TTK 355 S on ammattimainen ja luotettava Trotec TTK -sarjan ilmankuivain suurempia tiloja varten. Trotec\u00a0TTK 355S on m\u00e4nt\u00e4kompressori, jonka ilmavirtaus on jopa 1000 m3 \/ h. T\u00e4m\u00e4 mahdollistaa suurempien\u00a0huoneiden kuivaamisen nopeammin kuin useimmat ilmankuivaajat.<\/p>\n","protected":false},"featured_media":9321,"comment_status":"open","ping_status":"closed","template":"","meta":{"_acf_changed":false},"factory":[],"free-shipment":[],"product_brand":[],"product_cat":[1322,1321],"product_tag":[],"class_list":{"0":"post-16585","1":"product","2":"type-product","3":"status-publish","4":"has-post-thumbnail","6":"product_cat-tyokalut-ja-valineet","7":"product_cat-yleinen-rakentaminen","9":"first","10":"instock","11":"taxable","12":"shipping-taxable","13":"purchasable","14":"product-type-simple"},"acf":[],"_links":{"self":[{"href":"https:\/\/factory.sale\/fi\/wp-json\/wp\/v2\/product\/16585","targetHints":{"allow":["GET"]}}],"collection":[{"href":"https:\/\/factory.sale\/fi\/wp-json\/wp\/v2\/product"}],"about":[{"href":"https:\/\/factory.sale\/fi\/wp-json\/wp\/v2\/types\/product"}],"replies":[{"embeddable":true,"href":"https:\/\/factory.sale\/fi\/wp-json\/wp\/v2\/comments?post=16585"}],"wp:featuredmedia":[{"embeddable":true,"href":"https:\/\/factory.sale\/fi\/wp-json\/wp\/v2\/media\/9321"}],"wp:attachment":[{"href":"https:\/\/factory.sale\/fi\/wp-json\/wp\/v2\/media?parent=16585"}],"wp:term":[{"taxonomy":"factory","embeddable":true,"href":"https:\/\/factory.sale\/fi\/wp-json\/wp\/v2\/factory?post=16585"},{"taxonomy":"free-shipment","embeddable":true,"href":"https:\/\/factory.sale\/fi\/wp-json\/wp\/v2\/free-shipment?post=16585"},{"taxonomy":"product_brand","embeddable":true,"href":"https:\/\/factory.sale\/fi\/wp-json\/wp\/v2\/product_brand?post=16585"},{"taxonomy":"product_cat","embeddable":true,"href":"https:\/\/factory.sale\/fi\/wp-json\/wp\/v2\/product_cat?post=16585"},{"taxonomy":"product_tag","embeddable":true,"href":"https:\/\/factory.sale\/fi\/wp-json\/wp\/v2\/product_tag?post=16585"}],"curies":[{"name":"wp","href":"https:\/\/api.w.org\/{rel}","templated":true}]}}