{"id":16583,"date":"2022-06-30T09:18:40","date_gmt":"2022-12-04T20:23:07","guid":{"rendered":"https:\/\/factory.sale\/?post_type=product&#038;p=16583"},"modified":"2024-07-09T01:20:01","modified_gmt":"2024-07-09T01:20:01","slug":"dryer-ttk-175-s-ilmankuivain-ttk-175-s","status":"publish","type":"product","link":"https:\/\/factory.sale\/fi\/tuote\/dryer-ttk-175-s-ilmankuivain-ttk-175-s\/","title":{"rendered":"DRYER TTK 175 S &#8211; ILMANKUIVAIN TTK 175 S"},"content":{"rendered":"<p>Kaikki elektroniset komponentit on suojattu p\u00f6lylt\u00e4 ja kosteudelta. Suojus antaa elektroniikalle maksimaalisen suojan haitallista ymp\u00e4rist\u00f6\u00e4 vastaan, mik\u00e4 lyhent\u00e4isi laitteen k\u00e4ytt\u00f6ik\u00e4\u00e4. T\u00e4m\u00e4 mahdollistaa laitteen k\u00e4yt\u00f6n vaativissakin olosuhteissa.<br \/>\nLis\u00e4ksi Trotec TTK 175 S korkealaatuinen automaattinen kuumakaasu sulatusj\u00e4rjestelm\u00e4 tarjoaa paljon tehokkaamman kuivaustehokkuuden kuin muut sulatusj\u00e4rjestelm\u00e4t, ilman aikaa vievi\u00e4 sulatustaukoja, kun kuivausta ei tapahdu!<\/p>\n<p><strong>Vahva py\u00f6riv\u00e4 rotaatiokompressoritekniikka tehokkaassa liikkuvassa suunnittelussa<\/strong><\/p>\n<p>Kahvan ergonomisen muotoilun ja isopy\u00f6r\u00e4isen vaunun ansiosta TTK 175 S -ilmakuivain on helppo kuljettaa my\u00f6s rakennusty\u00f6maan olosuhteissa tai portaissa. Sis\u00e4tiloissa maalaamattomat kumipy\u00f6r\u00e4t eiv\u00e4t j\u00e4t\u00e4 j\u00e4lki\u00e4 parketille tai muille herkille pinnoille, eli eiv\u00e4t vahingoita lattiaa tai sen p\u00e4\u00e4llyst\u00e4.<\/p>\n<p>TTK 175 S:n py\u00f6riv\u00e4n rotaatiokompressorin tekniikka mahdollistaa sen kuljetuksen k\u00e4yt\u00e4nn\u00f6ss\u00e4 miss\u00e4\u00a0tahansa asennossa, aikaa s\u00e4\u00e4st\u00e4v\u00e4 ilmankuivain, k\u00e4ytt\u00f6valmis heti asennuksen j\u00e4lkeen.<br \/>\nKun t\u00e4m\u00e4 tehokas ilmankuivain asennetaan, se n\u00e4ytt\u00e4\u00e4 heti, mist\u00e4 se on tehty. Tuotteen korkealaatuinen py\u00f6riv\u00e4 rotaatiokompressori 0,88 kW tarjoaa jopa 50 litran kuivauskapasiteetin p\u00e4iv\u00e4ss\u00e4 ja tekee vaikutuksen korkealla ilmakuivaustehollaan jopa alhaisissa l\u00e4mp\u00f6tiloissa.<br \/>\nKaksi samankokoista TTK-S kuivainta voidaan s\u00e4ilytt\u00e4\u00e4 vakaasti ja tilaa s\u00e4\u00e4st\u00e4v\u00e4sti.<\/p>\n<p><strong>Propaani (R290) ymp\u00e4rist\u00f6yst\u00e4v\u00e4llisen\u00e4 j\u00e4\u00e4hdytysaineena ilmankuivaimissa\u00a0<\/strong><\/p>\n<p>Synteettisist\u00e4 j\u00e4\u00e4hdytysaineista vapautuu vuosittain useita miljoonia tonneja hiilidioksidia\u00a0(kasvihuonekaasuja), jotka ovat haitallisia ymp\u00e4rist\u00f6lle. Siksi vaihtoehtoisten j\u00e4\u00e4hdytysaineiden k\u00e4ytt\u00f6 on\u00a0yksi t\u00e4rkeimmist\u00e4 tavoitteistamme. Propaania (R290) j\u00e4\u00e4hdytysaineena k\u00e4ytt\u00e4v\u00e4n\u00e4 t\u00e4m\u00e4 ilmankuivain\u00a0panostaa ilmastonsuojeluun.<br \/>\nLuonnollinen j\u00e4\u00e4hdytysaine propaani (R290) on orgaaninen yhdiste ja yksi hiilivedyist\u00e4. Toisin kuin\u00a0synteettiset j\u00e4\u00e4hdytysaineet, ymp\u00e4rist\u00f6yst\u00e4v\u00e4llisell\u00e4 propaanilla (R290) ei ole otsonikerrosta heikent\u00e4v\u00e4\u00e4\u00a0vaikutusta (ODP = 0) tai merkitt\u00e4v\u00e4\u00e4 kasvihuoneilmi\u00f6t\u00e4 (GWP = 3).<\/p>\n<p><strong>Lis\u00e4plussa ymp\u00e4rist\u00f6lle<\/strong><\/p>\n<p>Erinomaisten termodynaamisten ominaisuuksiensa ansiosta propaani (R290) on erityisen energiaa s\u00e4\u00e4st\u00e4v\u00e4\u00a0j\u00e4\u00e4hdytysaine ja v\u00e4hent\u00e4\u00e4 siten energiakustannuksiasi.<\/p>\n<p><strong>EDUT:<\/strong><\/p>\n<p>\u25cf Kehitys, suunnittelu, tuotanto: 100 % Trotec<br \/>\n\u25cf Korkea kosteudenpoistokyky jopa matalissa l\u00e4mp\u00f6tiloissa.<br \/>\n\u25cf Maksimaalinen p\u00f6ly- ja kosteussuojaus kaikille elektronisille komponenteille.<br \/>\n\u25cf Eritt\u00e4in helppohoitoinen rakenne.<br \/>\n\u25cf Optimaaliset k\u00e4sittelyominaisuudet<br \/>\n\u25cf Rotaatiokompressorin ansiosta voidaan kuljettaa ja varastoida miss\u00e4 tahansa asennossa.<br \/>\n\u25cf K\u00e4yt\u00e4nn\u00f6llinen pinoamismahdollisuus vakaaseen, tilaa s\u00e4\u00e4st\u00e4v\u00e4\u00e4n varastointiin ja kuljetukseen.<br \/>\n\u25cf Samankokoiset mallit voi pinota p\u00e4\u00e4llekk\u00e4in.<br \/>\n\u25cf K\u00e4yt\u00e4nn\u00f6llisesti optimoitu saksalainen teollinen muotoilu \u2013 suojattu malli.<\/p>\n<p><strong>OMINAISUUDET JA TOIMINNOT:<\/strong><\/p>\n<p>\u25cf Automaattinen vianm\u00e4\u00e4ritysj\u00e4rjestelm\u00e4<br \/>\n\u25cf Toiminnan merkkivalo<br \/>\n\u25cf Huonel\u00e4mp\u00f6tila-anturi<br \/>\n\u25cf Automaattinen sammutusj\u00e4rjestelm\u00e4<br \/>\n\u25cf Painike j\u00e4\u00e4nn\u00f6sveden tyhjent\u00e4miseen<br \/>\n\u25cf Automaattinen uudelleenk\u00e4ynnistystoiminto<br \/>\n\u25cf Liit\u00e4nt\u00e4 ulkoiseen viem\u00e4riin<br \/>\n\u25cf Muistitoiminto<br \/>\n\u25cf Tuulettimen k\u00e4ynnistystoiminto<\/p>\n<p><strong>Lis\u00e4tiedot:<\/strong><\/p>\n<p><strong>KUIVAUSKAPASITEETTI<\/strong><\/p>\n<p>20 \u00b0 C l\u00e4mp\u00f6tilassa \/ 18<\/p>\n<p>60% RH [l \/ 24h]<\/p>\n<p>30 \u00b0 C l\u00e4mp\u00f6tilassa \/<br \/>\n80% RH [l \/ 24h]<br \/>\n40<\/p>\n<p>Max [l \/ 24h] 50<\/p>\n<p>Ilmam\u00e4\u00e4r\u00e4<\/p>\n<p>Max taso [M\u00b3 \/ h] 580<\/p>\n<p><strong>SUOSITELTAVA KOKO RAKENNUKSEN KUIVAAMISEEN (huoneen koko)<\/strong><\/p>\n<p>m\u00b3 225<\/p>\n<p>m\u00b2 90<\/p>\n<p><strong>SUOSITELTU HUONEEN KOKO KUIVANA S\u00c4ILYTETTYN\u00c4<\/strong><\/p>\n<p>m\u00b3 450<\/p>\n<p>m\u00b2 180<\/p>\n<p><strong>YMP\u00c4RIST\u00d6OLOSUHTEET<\/strong><\/p>\n<p>Min. l\u00e4mp\u00f6tila-alue [\u00b0 C] 5<\/p>\n<p>Max. l\u00e4mp\u00f6tila-alue [\u00b0 C] 32<\/p>\n<p>Min. kosteus-alue [% RH] 50<\/p>\n<p>Max. kosteus-alue [% RH] 90<\/p>\n<p><strong>S\u00c4HK\u00d6ISET OMINAISUUDET<\/strong><\/p>\n<p>Verkkoyhteys 220-240 V \/ 50 Hz<\/p>\n<p>Nimellisvirransy\u00f6tt\u00f6 [A] 2.8<\/p>\n<p>Energiankulutus [kW] 0.6<\/p>\n<p>Suositeltu sulake [A] 10<\/p>\n<p><strong>KOMPRESSORI<\/strong><\/p>\n<p>Rotaariokompressori +<\/p>\n<p>M\u00e4nt\u00e4kompressori \u2013<\/p>\n<p>J\u00e4\u00e4hdytysaine R290<\/p>\n<p>J\u00e4\u00e4hdytysaineen m\u00e4\u00e4r\u00e4 [g] 150<\/p>\n<p>GWP-tekij\u00e4 3<\/p>\n<p>CO 2 vastike 0,00045<\/p>\n<p>Imupuoli [MPa] 1.1<\/p>\n<p>Ulostulon puoli [MPa] 3.1<\/p>\n<p>Max paine [Mpa] 3.1<\/p>\n<p>Vesis\u00e4ili\u00f6<\/p>\n<p>Sis\u00e4lt\u00f6 [litraa] 6<\/p>\n<p><strong>\u00c4\u00c4NIARVOT<\/strong><\/p>\n<p>Et\u00e4isyys 1 m [dB (A)] 52<\/p>\n","protected":false},"excerpt":{"rendered":"<p>TTK 175 S -ilmankuivain tekee vaikutuksen lukuisilla ty\u00f6t\u00e4 yksinkertaistavilla ja suorituskyky\u00e4 parantavilla ratkaisuillaan \u2013 optimoitu saksalainen muotoilu, joka on suojattu rekister\u00f6idyll\u00e4 patentilla.<\/p>\n","protected":false},"featured_media":9321,"comment_status":"open","ping_status":"closed","template":"","meta":{"_acf_changed":false},"factory":[],"free-shipment":[],"product_brand":[],"product_cat":[1322,1321],"product_tag":[],"class_list":{"0":"post-16583","1":"product","2":"type-product","3":"status-publish","4":"has-post-thumbnail","6":"product_cat-tyokalut-ja-valineet","7":"product_cat-yleinen-rakentaminen","9":"first","10":"instock","11":"taxable","12":"shipping-taxable","13":"purchasable","14":"product-type-simple"},"acf":[],"_links":{"self":[{"href":"https:\/\/factory.sale\/fi\/wp-json\/wp\/v2\/product\/16583","targetHints":{"allow":["GET"]}}],"collection":[{"href":"https:\/\/factory.sale\/fi\/wp-json\/wp\/v2\/product"}],"about":[{"href":"https:\/\/factory.sale\/fi\/wp-json\/wp\/v2\/types\/product"}],"replies":[{"embeddable":true,"href":"https:\/\/factory.sale\/fi\/wp-json\/wp\/v2\/comments?post=16583"}],"wp:featuredmedia":[{"embeddable":true,"href":"https:\/\/factory.sale\/fi\/wp-json\/wp\/v2\/media\/9321"}],"wp:attachment":[{"href":"https:\/\/factory.sale\/fi\/wp-json\/wp\/v2\/media?parent=16583"}],"wp:term":[{"taxonomy":"factory","embeddable":true,"href":"https:\/\/factory.sale\/fi\/wp-json\/wp\/v2\/factory?post=16583"},{"taxonomy":"free-shipment","embeddable":true,"href":"https:\/\/factory.sale\/fi\/wp-json\/wp\/v2\/free-shipment?post=16583"},{"taxonomy":"product_brand","embeddable":true,"href":"https:\/\/factory.sale\/fi\/wp-json\/wp\/v2\/product_brand?post=16583"},{"taxonomy":"product_cat","embeddable":true,"href":"https:\/\/factory.sale\/fi\/wp-json\/wp\/v2\/product_cat?post=16583"},{"taxonomy":"product_tag","embeddable":true,"href":"https:\/\/factory.sale\/fi\/wp-json\/wp\/v2\/product_tag?post=16583"}],"curies":[{"name":"wp","href":"https:\/\/api.w.org\/{rel}","templated":true}]}}