{"id":16581,"date":"2022-07-01T15:15:39","date_gmt":"2022-12-04T20:18:40","guid":{"rendered":"https:\/\/factory.sale\/?post_type=product&#038;p=16581"},"modified":"2024-06-29T00:12:54","modified_gmt":"2024-06-29T00:12:54","slug":"diesel-blower-ide-50-d-diesel-hallilammitin-ide-50-d","status":"publish","type":"product","link":"https:\/\/factory.sale\/fi\/tuote\/diesel-blower-ide-50-d-diesel-hallilammitin-ide-50-d\/","title":{"rendered":"DIESEL BLOWER IDE 50 D &#8211; DIESEL HALLIL\u00c4MMITIN IDE 50 D"},"content":{"rendered":"<p>Kest\u00e4v\u00e4n tuplalakatun runkonsa ansiosta, diesel hallil\u00e4mmitin sopii erinomaisesti ulkok\u00e4ytt\u00f6\u00f6n. Siin\u00e4 on tukeva liikuteltava rakenne, jossa on kaapelipidike ja asennettu polttoaines\u00e4ili\u00f6.\u00a0 Tuotteen termostaatti mahdollistaa sen k\u00e4yt\u00f6n my\u00f6s t\u00e4ysin automaattisessa jatkuvassa l\u00e4mmitystilassa.<br \/>\nTrotec IDE 50 D:n suuri ilman ulostuloaukko takaa kuuman ilman maksimaalisen laajennuksen 100 %:n tehokkuudella.<\/p>\n<p>L\u00e4mp\u00f6tilan s\u00e4\u00e4t\u00e4mist\u00e4 varten, sis\u00e4\u00e4nrakennetun termostaatin lis\u00e4ksi, lis\u00e4varusteena on saatavana ulkoinen termostaatti, joka voi mitata ja s\u00e4\u00e4t\u00e4\u00e4 l\u00e4mmitetyn alueen l\u00e4mp\u00f6tilaa jopa 25 metrin p\u00e4\u00e4ss\u00e4 l\u00e4mmittimest\u00e4.<\/p>\n<p><strong>L\u00e4mmittimen edut:<\/strong><\/p>\n<p>\u25cf Taloudellisesti kannattava ratkaisu.<br \/>\n\u25cf Sis\u00e4\u00e4nrakennettu polttoaines\u00e4ili\u00f6 polttoainemittarilla.<br \/>\n\u25cf S\u00e4hk\u00f6inen syttymissuoja<br \/>\n\u25cf Ylikuumenemissuoja<br \/>\n\u25cf Ruostumattomasta ter\u00e4ksest\u00e4 valmistettu polttokammio.<br \/>\n\u25cf Sis\u00e4\u00e4nrakennettu termostaatti<br \/>\n\u25cf Liit\u00e4nt\u00e4 ulkoiselle termostaatille<br \/>\n\u25cf Py\u00f6r\u00e4t helpottavat kuljetusta<\/p>\n<p><strong>Tuotteen tekniset tiedot:<br \/>\n<\/strong><br \/>\n\u25cf L\u00e4mmitystyyppi: suoraan l\u00e4mmitt\u00e4v\u00e4<br \/>\n\u25cf Ilmateho : 750 m\u00b3 \/ h<br \/>\n\u25cf L\u00e4mmitysteho: 50 kW (44,100 kcal)<br \/>\n\u25cf L\u00e4mp\u00f6tilan nousu \u2206T: 180 \u00b0C<br \/>\n\u25cf J\u00e4nnite: 230 V \/ 50 Hz<br \/>\n\u25cf Virrankulutus: 1.25 A<br \/>\n\u25cf Polttoaineen kulutus max: 4.8 l \/ h<br \/>\n\u25cf Termostaatti: sis\u00e4\u00e4nrakennettu<br \/>\n\u25cf Polttoaineen sy\u00f6tt\u00f6: kompressori<br \/>\n\u25cf \u00c4\u00e4nitaso (et\u00e4isyys 1 m): 77 dB (A)<br \/>\n\u25cf Polttoaines\u00e4ili\u00f6n tilavuus: 38 l<br \/>\n\u25cf Pituus: 860 mm<br \/>\n\u25cf Leveys: 456 mm<br \/>\n\u25cf Korkeus: 600 mm<br \/>\n\u25cf Paino: 22 kg<\/p>\n<p><strong>Ominaisuudet ja toiminnot:<\/strong><\/p>\n<p>\u25cf Mobiliteetti<br \/>\n\u25cf Kuljetuskahvat<br \/>\n\u25cf Muoviset py\u00f6r\u00e4t<br \/>\n\u25cf Kumipintaiset metallirenkaat<br \/>\n\u25cf Ei-liikaavat umpikumirenkaat<br \/>\n\u25cf Trukki<br \/>\n\u25cf Nosturi<br \/>\n\u25cf Ter\u00e4s<\/p>\n","protected":false},"excerpt":{"rendered":"<p>Trotec IDE 50 D on suoraan l\u00e4mmitt\u00e4v\u00e4 diesel hallil\u00e4mmitin, jonka l\u00e4mmitysteho on 50 kW (44 100 kcal) ja ilmateho 750 m\u00b3 \/ h, maksimi polttoaineen kulutus on 4,8 litraa \u00f6ljy\u00e4 tunnissa. Laite pystyy tuottamaan suuren m\u00e4\u00e4r\u00e4n kuumaa ilmaa suoraan sinne, miss\u00e4 sit\u00e4 tarvitaan, joten se soveltuu erityisen hyvin ilmastoitujen rakennusten, tehdastilojen tai varastojen l\u00e4mmitykseen.<\/p>\n","protected":false},"featured_media":9401,"comment_status":"open","ping_status":"closed","template":"","meta":{"_acf_changed":false},"factory":[],"free-shipment":[],"product_brand":[],"product_cat":[1322,1321],"product_tag":[],"class_list":{"0":"post-16581","1":"product","2":"type-product","3":"status-publish","4":"has-post-thumbnail","6":"product_cat-tyokalut-ja-valineet","7":"product_cat-yleinen-rakentaminen","9":"first","10":"instock","11":"taxable","12":"shipping-taxable","13":"purchasable","14":"product-type-simple"},"acf":[],"_links":{"self":[{"href":"https:\/\/factory.sale\/fi\/wp-json\/wp\/v2\/product\/16581","targetHints":{"allow":["GET"]}}],"collection":[{"href":"https:\/\/factory.sale\/fi\/wp-json\/wp\/v2\/product"}],"about":[{"href":"https:\/\/factory.sale\/fi\/wp-json\/wp\/v2\/types\/product"}],"replies":[{"embeddable":true,"href":"https:\/\/factory.sale\/fi\/wp-json\/wp\/v2\/comments?post=16581"}],"wp:featuredmedia":[{"embeddable":true,"href":"https:\/\/factory.sale\/fi\/wp-json\/wp\/v2\/media\/9401"}],"wp:attachment":[{"href":"https:\/\/factory.sale\/fi\/wp-json\/wp\/v2\/media?parent=16581"}],"wp:term":[{"taxonomy":"factory","embeddable":true,"href":"https:\/\/factory.sale\/fi\/wp-json\/wp\/v2\/factory?post=16581"},{"taxonomy":"free-shipment","embeddable":true,"href":"https:\/\/factory.sale\/fi\/wp-json\/wp\/v2\/free-shipment?post=16581"},{"taxonomy":"product_brand","embeddable":true,"href":"https:\/\/factory.sale\/fi\/wp-json\/wp\/v2\/product_brand?post=16581"},{"taxonomy":"product_cat","embeddable":true,"href":"https:\/\/factory.sale\/fi\/wp-json\/wp\/v2\/product_cat?post=16581"},{"taxonomy":"product_tag","embeddable":true,"href":"https:\/\/factory.sale\/fi\/wp-json\/wp\/v2\/product_tag?post=16581"}],"curies":[{"name":"wp","href":"https:\/\/api.w.org\/{rel}","templated":true}]}}