{"id":16573,"date":"2022-07-26T11:34:56","date_gmt":"2022-12-04T13:13:14","guid":{"rendered":"https:\/\/factory.sale\/?post_type=product&#038;p=16573"},"modified":"2024-07-12T09:32:22","modified_gmt":"2024-07-12T06:32:22","slug":"uk-settilaatikot","status":"publish","type":"product","link":"https:\/\/factory.sale\/fi\/tuote\/uk-settilaatikot\/","title":{"rendered":"UK SETTILAATIKOT"},"content":{"rendered":"<p><strong>LIS\u00c4TIEDOT:<\/strong><\/p>\n<p>\u25cf Saatavilla olevat lajit: Saarni, Koivu<br \/>\n\u25cf Kosteus: Alle 18%<br \/>\n\u25cf Saatavien klapien pituus: 23-25 cm, 28-30 cm<br \/>\n\u25cf FSC-sertifikaatti (pyynn\u00f6st\u00e4)<br \/>\n\u25cf Paino: 1144 kg<br \/>\n\u25cf Laatikon mitat (ulkoiset):<br \/>\n\u25cf 110 cm x 118 cm x 145 cm \/ 110 cm x 118 cm x 80 cm<br \/>\n\u25cf 4-suuntainen puinen lava<br \/>\n\u25cf 24 laatikkoa \/ kuorma-auto<\/p>\n","protected":false},"excerpt":{"rendered":"<p>\u25cf Hyv\u00e4\u00e4 vastinetta rahalle<br \/>\n\u25cf K\u00e4tev\u00e4 s\u00e4ilytt\u00e4\u00e4<\/p>\n","protected":false},"featured_media":10929,"comment_status":"open","ping_status":"closed","template":"","meta":{"_acf_changed":false},"factory":[],"free-shipment":[],"product_brand":[],"product_cat":[1328,997],"product_tag":[617],"class_list":{"0":"post-16573","1":"product","2":"type-product","3":"status-publish","4":"has-post-thumbnail","6":"product_cat-lammitysmateriaalit","7":"product_cat-piha-puutarha-fi","8":"product_tag-wood-fi","10":"first","11":"instock","12":"sale","13":"taxable","14":"shipping-taxable","15":"purchasable","16":"product-type-simple"},"acf":[],"_links":{"self":[{"href":"https:\/\/factory.sale\/fi\/wp-json\/wp\/v2\/product\/16573","targetHints":{"allow":["GET"]}}],"collection":[{"href":"https:\/\/factory.sale\/fi\/wp-json\/wp\/v2\/product"}],"about":[{"href":"https:\/\/factory.sale\/fi\/wp-json\/wp\/v2\/types\/product"}],"replies":[{"embeddable":true,"href":"https:\/\/factory.sale\/fi\/wp-json\/wp\/v2\/comments?post=16573"}],"wp:featuredmedia":[{"embeddable":true,"href":"https:\/\/factory.sale\/fi\/wp-json\/wp\/v2\/media\/10929"}],"wp:attachment":[{"href":"https:\/\/factory.sale\/fi\/wp-json\/wp\/v2\/media?parent=16573"}],"wp:term":[{"taxonomy":"factory","embeddable":true,"href":"https:\/\/factory.sale\/fi\/wp-json\/wp\/v2\/factory?post=16573"},{"taxonomy":"free-shipment","embeddable":true,"href":"https:\/\/factory.sale\/fi\/wp-json\/wp\/v2\/free-shipment?post=16573"},{"taxonomy":"product_brand","embeddable":true,"href":"https:\/\/factory.sale\/fi\/wp-json\/wp\/v2\/product_brand?post=16573"},{"taxonomy":"product_cat","embeddable":true,"href":"https:\/\/factory.sale\/fi\/wp-json\/wp\/v2\/product_cat?post=16573"},{"taxonomy":"product_tag","embeddable":true,"href":"https:\/\/factory.sale\/fi\/wp-json\/wp\/v2\/product_tag?post=16573"}],"curies":[{"name":"wp","href":"https:\/\/api.w.org\/{rel}","templated":true}]}}