{"id":16571,"date":"2022-10-27T09:20:43","date_gmt":"2022-12-04T13:08:31","guid":{"rendered":"https:\/\/factory.sale\/?post_type=product&#038;p=16571"},"modified":"2024-06-25T16:26:49","modified_gmt":"2024-06-25T16:26:49","slug":"infire-spectrum","status":"publish","type":"product","link":"https:\/\/factory.sale\/fi\/tuote\/infire-spectrum\/","title":{"rendered":"InFire Spectrum"},"content":{"rendered":"<p>Spectrum malli on modernin muotoinen vapaasti seisova takka. Sen ainutlaatuinen muoto sopii sek\u00e4\u00a0klassiseen ett\u00e4 moderniin sisustukseen. Se voidaan mukauttaa sisustukseen eri v\u00e4rimaailman ansiosta.<br \/>\nS\u00e4vytetyt (karkaistu) lasit tuovat tuleen tunnelmallisuutta ja varmistavat samalla k\u00e4ytt\u00f6turvallisuuden.<br \/>\nSpectrum-takka suunniteltiin siten, ett\u00e4 sen alaosaa voidaan k\u00e4ytt\u00e4\u00e4 hyllyn\u00e4.<br \/>\nTakka on kaksipuolinen, joten se voidaan sijoittaa mihin tahansa paikkaan. Takkaa ei tarvitse v\u00e4ltt\u00e4m\u00e4tt\u00e4 sijoittaa sein\u00e4\u00e4 vasten, mik\u00e4 antaa mahdollisuuden nauttia tulesta kahdelta eri puolelta tai kahdessa eri huoneessa.<\/p>\n<p>&nbsp;<\/p>\n<p><strong>Lis\u00e4tietoja:<\/strong><\/p>\n<p>\u25cf Mitat: 1100 x 920 x 250 mm<br \/>\n\u25cf Tulisija: 800mm = 2 l<br \/>\n\u25cf Palamisaika: 2-4 tuntia<br \/>\n\u25cf Lasi: 2 karkaistua 4mm lasipaneelia &#8211; s\u00e4vytetty<br \/>\n\u25cf Takuu: 24 kuukautta<br \/>\n\u25cf V\u00e4ri: Valkoinen<br \/>\n\u25cf Sovitelma: Vapaasti seisova<\/p>\n","protected":false},"excerpt":{"rendered":"<p>Spectrum malli on modernin muotoinen vapaasti seisova takka. Sen ainutlaatuinen muoto sopii sek\u00e4<br \/>\nklassiseen ett\u00e4 moderniin sisustukseen. Se voidaan mukauttaa sisustukseen eri v\u00e4rivaihtoehtojen avulla.<br \/>\nS\u00e4vytetyt (karkaistu) lasit tuovat tuleen tunnelmallisuutta ja varmistavat samalla k\u00e4ytt\u00f6turvallisuuden.<br \/>\nSpectrum-takka suunniteltiin siten, ett\u00e4 sen alaosaa voidaan k\u00e4ytt\u00e4\u00e4 hyllyn\u00e4.<\/p>\n","protected":false},"featured_media":14775,"comment_status":"open","ping_status":"closed","template":"","meta":{"_acf_changed":false},"factory":[],"free-shipment":[],"product_brand":[],"product_cat":[1326,2631],"product_tag":[],"class_list":{"0":"post-16571","1":"product","2":"type-product","3":"status-publish","4":"has-post-thumbnail","6":"product_cat-biotakat","7":"product_cat-infire-fi","9":"first","10":"instock","11":"sale","12":"taxable","13":"shipping-taxable","14":"purchasable","15":"product-type-simple"},"acf":[],"_links":{"self":[{"href":"https:\/\/factory.sale\/fi\/wp-json\/wp\/v2\/product\/16571","targetHints":{"allow":["GET"]}}],"collection":[{"href":"https:\/\/factory.sale\/fi\/wp-json\/wp\/v2\/product"}],"about":[{"href":"https:\/\/factory.sale\/fi\/wp-json\/wp\/v2\/types\/product"}],"replies":[{"embeddable":true,"href":"https:\/\/factory.sale\/fi\/wp-json\/wp\/v2\/comments?post=16571"}],"wp:featuredmedia":[{"embeddable":true,"href":"https:\/\/factory.sale\/fi\/wp-json\/wp\/v2\/media\/14775"}],"wp:attachment":[{"href":"https:\/\/factory.sale\/fi\/wp-json\/wp\/v2\/media?parent=16571"}],"wp:term":[{"taxonomy":"factory","embeddable":true,"href":"https:\/\/factory.sale\/fi\/wp-json\/wp\/v2\/factory?post=16571"},{"taxonomy":"free-shipment","embeddable":true,"href":"https:\/\/factory.sale\/fi\/wp-json\/wp\/v2\/free-shipment?post=16571"},{"taxonomy":"product_brand","embeddable":true,"href":"https:\/\/factory.sale\/fi\/wp-json\/wp\/v2\/product_brand?post=16571"},{"taxonomy":"product_cat","embeddable":true,"href":"https:\/\/factory.sale\/fi\/wp-json\/wp\/v2\/product_cat?post=16571"},{"taxonomy":"product_tag","embeddable":true,"href":"https:\/\/factory.sale\/fi\/wp-json\/wp\/v2\/product_tag?post=16571"}],"curies":[{"name":"wp","href":"https:\/\/api.w.org\/{rel}","templated":true}]}}