{"id":16539,"date":"2022-09-13T19:07:30","date_gmt":"2022-12-04T11:50:59","guid":{"rendered":"https:\/\/factory.sale\/?post_type=product&#038;p=16539"},"modified":"2024-07-01T12:55:00","modified_gmt":"2024-07-01T12:55:00","slug":"simplefire-corner-1200-l","status":"publish","type":"product","link":"https:\/\/factory.sale\/fi\/tuote\/simplefire-corner-1200-l\/","title":{"rendered":"SIMPLEfire Corner 1200 l"},"content":{"rendered":"<p>Biotakka SIMPLEfire Corner 1200 L k\u00e4ytt\u00e4\u00e4 polttoaineena ekologisesti puhdasta bioetanolia. Se tarjoaa<br \/>\ntulen taian ilman savua ja kaasua ja on hajuton ja turvallinen.<br \/>\nT\u00e4m\u00e4 vieh\u00e4tt\u00e4v\u00e4 biotakka sopii erinomaisesti asuntoon, omakotitaloon, hotelliin, ravintolaan ja muihin<br \/>\nsis\u00e4tiloihin, koska se ei vaadi savupiippuliit\u00e4nt\u00e4\u00e4 tai erityist\u00e4 ilmanvaihtoj\u00e4rjestelm\u00e4\u00e4. Bioetanoli palaa<br \/>\npuhtaasti (ei hajua, ei savua, ei nokea) ja on luotettava ja turvallinen.<br \/>\nBiotakan k\u00e4ytt\u00f6 on eritt\u00e4in helppoa: kaada vain bioetanolia ruostumattomasta ter\u00e4ksest\u00e4 valmistettuun<br \/>\npolttimeen, sytyt\u00e4 se ja voit heti nauttia el\u00e4v\u00e4st\u00e4 tulesta ja sen mukana tulevasta l\u00e4mm\u00f6st\u00e4. Sen\u00a0l\u00e4mmitysteho on noin 3 kW ja 100 % l\u00e4mm\u00f6st\u00e4 vapautuu huoneeseen. Litra bioetanolia antaa sinulle\u00a0mahdollisuuden nauttia tulesta ja l\u00e4mm\u00f6st\u00e4 2-3 tuntia.<br \/>\nBiotakka voidaan ostaa sek\u00e4 ilman lasia ett\u00e4 4mm paksuisella karkaistulla lasilla.<\/p>\n<p><strong>Tuotetiedot:<\/strong><\/p>\n<p>\u25cf Paino: 25 kg<br \/>\n\u25cf Korkeus: 45 cm<br \/>\n\u25cf Leveys: 120 cm<br \/>\n\u25cf Syvyys: 24 cm<br \/>\n\u25cf Asennus: Upotettava<br \/>\n\u25cf Tulisija: 800 mm = 1,5 litraa<br \/>\n\u25cf Palamisaika: 2-3 tuntia<\/p>\n","protected":false},"excerpt":{"rendered":"<p>Biotakka SIMPLEfire Corner 1200 L k\u00e4ytt\u00e4\u00e4 polttoaineena ekologisesti puhdasta bioetanolia. Se tarjoaa<br \/>\ntulen taian ilman savua ja kaasua ja on hajuton ja turvallinen.<\/p>\n","protected":false},"featured_media":12899,"comment_status":"open","ping_status":"closed","template":"","meta":{"_acf_changed":false},"factory":[],"free-shipment":[],"product_brand":[],"product_cat":[1326,2629],"product_tag":[1425],"class_list":{"0":"post-16539","1":"product","2":"type-product","3":"status-publish","4":"has-post-thumbnail","6":"product_cat-biotakat","7":"product_cat-simplefire-fi","8":"product_tag-home-fi","10":"first","11":"instock","12":"sale","13":"taxable","14":"shipping-taxable","15":"purchasable","16":"product-type-simple"},"acf":[],"_links":{"self":[{"href":"https:\/\/factory.sale\/fi\/wp-json\/wp\/v2\/product\/16539","targetHints":{"allow":["GET"]}}],"collection":[{"href":"https:\/\/factory.sale\/fi\/wp-json\/wp\/v2\/product"}],"about":[{"href":"https:\/\/factory.sale\/fi\/wp-json\/wp\/v2\/types\/product"}],"replies":[{"embeddable":true,"href":"https:\/\/factory.sale\/fi\/wp-json\/wp\/v2\/comments?post=16539"}],"wp:featuredmedia":[{"embeddable":true,"href":"https:\/\/factory.sale\/fi\/wp-json\/wp\/v2\/media\/12899"}],"wp:attachment":[{"href":"https:\/\/factory.sale\/fi\/wp-json\/wp\/v2\/media?parent=16539"}],"wp:term":[{"taxonomy":"factory","embeddable":true,"href":"https:\/\/factory.sale\/fi\/wp-json\/wp\/v2\/factory?post=16539"},{"taxonomy":"free-shipment","embeddable":true,"href":"https:\/\/factory.sale\/fi\/wp-json\/wp\/v2\/free-shipment?post=16539"},{"taxonomy":"product_brand","embeddable":true,"href":"https:\/\/factory.sale\/fi\/wp-json\/wp\/v2\/product_brand?post=16539"},{"taxonomy":"product_cat","embeddable":true,"href":"https:\/\/factory.sale\/fi\/wp-json\/wp\/v2\/product_cat?post=16539"},{"taxonomy":"product_tag","embeddable":true,"href":"https:\/\/factory.sale\/fi\/wp-json\/wp\/v2\/product_tag?post=16539"}],"curies":[{"name":"wp","href":"https:\/\/api.w.org\/{rel}","templated":true}]}}