{"id":16537,"date":"2022-09-13T19:19:55","date_gmt":"2022-12-04T11:48:33","guid":{"rendered":"https:\/\/factory.sale\/?post_type=product&#038;p=16537"},"modified":"2024-06-26T12:58:00","modified_gmt":"2024-06-26T12:58:00","slug":"simplefire-black-box-910","status":"publish","type":"product","link":"https:\/\/factory.sale\/fi\/tuote\/simplefire-black-box-910\/","title":{"rendered":"SIMPLEfire Black box 910"},"content":{"rendered":"<p>SIMPLEfire Blackbox 910 on tyylik\u00e4s biotakka sein\u00e4\u00e4n, joka k\u00e4ytt\u00e4\u00e4 polttoaineena ekologisesti puhdasta<br \/>\nbioetanolia. Se tarjoaa tulen taian ilman savua ja kaasua ja on hajuton ja turvallinen.<\/p>\n<p>T\u00e4m\u00e4 vieh\u00e4tt\u00e4v\u00e4 biotakka sopii erinomaisesti asuntoon, omakotitaloon, hotelliin, ravintolaan ja muihin<br \/>\nsis\u00e4tiloihin, koska se ei vaadi savupiippuliit\u00e4nt\u00e4\u00e4 tai erityist\u00e4 ilmanvaihtoj\u00e4rjestelm\u00e4\u00e4. Bioetanoli palaa<br \/>\npuhtaasti (ei hajua, ei savua, ei nokea) ja on luotettava ja turvallinen.<br \/>\nBiotakan k\u00e4ytt\u00f6 on eritt\u00e4in helppoa: kaada vain bioetanolia ruostumattomasta ter\u00e4ksest\u00e4 valmistettuun<br \/>\npolttimeen, sytyt\u00e4 se ja voit heti nauttia el\u00e4v\u00e4st\u00e4 tulesta ja sen mukana tulevasta l\u00e4mm\u00f6st\u00e4. Sen<br \/>\nl\u00e4mmitysteho on noin 3 kW ja 100 % l\u00e4mm\u00f6st\u00e4 vapautuu huoneeseen. Litra bioetanolia antaa sinulle<br \/>\nmahdollisuuden nauttia tulesta ja l\u00e4mm\u00f6st\u00e4 2-3 tuntia.<\/p>\n<p><strong>Tuotetiedot:<\/strong><\/p>\n<p>\u25cf Paino: 15 kg<br \/>\n\u25cf Korkeus: 44 cm<br \/>\n\u25cf Leveys: 91 cm<br \/>\n\u25cf Syvyys: 17 cm<br \/>\n\u25cf Asennus: Sein\u00e4\u00e4n<br \/>\n\u25cf Tulisija: 450 mm = 1 litra<br \/>\n\u25cf Palamisaika: 2-3 tuntia<\/p>\n","protected":false},"excerpt":{"rendered":"<p>SIMPLEfire Blackbox 910 on tyylik\u00e4s biotakka sein\u00e4\u00e4n, joka k\u00e4ytt\u00e4\u00e4 polttoaineena ekologisesti puhdasta<br \/>\nbioetanolia. Se tarjoaa tulen taian ilman savua ja kaasua ja on hajuton ja turvallinen.<\/p>\n","protected":false},"featured_media":12804,"comment_status":"open","ping_status":"closed","template":"","meta":{"_acf_changed":false},"factory":[],"free-shipment":[],"product_brand":[],"product_cat":[2631,2629],"product_tag":[1425],"class_list":{"0":"post-16537","1":"product","2":"type-product","3":"status-publish","4":"has-post-thumbnail","6":"product_cat-infire-fi","7":"product_cat-simplefire-fi","8":"product_tag-home-fi","10":"first","11":"instock","12":"sale","13":"taxable","14":"shipping-taxable","15":"purchasable","16":"product-type-simple"},"acf":[],"_links":{"self":[{"href":"https:\/\/factory.sale\/fi\/wp-json\/wp\/v2\/product\/16537","targetHints":{"allow":["GET"]}}],"collection":[{"href":"https:\/\/factory.sale\/fi\/wp-json\/wp\/v2\/product"}],"about":[{"href":"https:\/\/factory.sale\/fi\/wp-json\/wp\/v2\/types\/product"}],"replies":[{"embeddable":true,"href":"https:\/\/factory.sale\/fi\/wp-json\/wp\/v2\/comments?post=16537"}],"wp:featuredmedia":[{"embeddable":true,"href":"https:\/\/factory.sale\/fi\/wp-json\/wp\/v2\/media\/12804"}],"wp:attachment":[{"href":"https:\/\/factory.sale\/fi\/wp-json\/wp\/v2\/media?parent=16537"}],"wp:term":[{"taxonomy":"factory","embeddable":true,"href":"https:\/\/factory.sale\/fi\/wp-json\/wp\/v2\/factory?post=16537"},{"taxonomy":"free-shipment","embeddable":true,"href":"https:\/\/factory.sale\/fi\/wp-json\/wp\/v2\/free-shipment?post=16537"},{"taxonomy":"product_brand","embeddable":true,"href":"https:\/\/factory.sale\/fi\/wp-json\/wp\/v2\/product_brand?post=16537"},{"taxonomy":"product_cat","embeddable":true,"href":"https:\/\/factory.sale\/fi\/wp-json\/wp\/v2\/product_cat?post=16537"},{"taxonomy":"product_tag","embeddable":true,"href":"https:\/\/factory.sale\/fi\/wp-json\/wp\/v2\/product_tag?post=16537"}],"curies":[{"name":"wp","href":"https:\/\/api.w.org\/{rel}","templated":true}]}}