{"id":16531,"date":"2022-10-20T11:39:34","date_gmt":"2022-12-04T11:42:48","guid":{"rendered":"https:\/\/factory.sale\/?post_type=product&#038;p=16531"},"modified":"2024-06-26T03:44:23","modified_gmt":"2024-06-26T03:44:23","slug":"infire-insert-600","status":"publish","type":"product","link":"https:\/\/factory.sale\/fi\/tuote\/infire-insert-600\/","title":{"rendered":"InFire Insert 600"},"content":{"rendered":"<p>INSERT 600 tulisija on valmistettu asennettavaksi valmiiseen syvennykseen. 500 mm:n palotila on<br \/>\nsijoitettu erityiseen koteloon, mik\u00e4 yhdess\u00e4 lasien ja kauniin viimeistelyn kanssa muodostaa yhten\u00e4isen ja<br \/>\nesteettisen kokonaisuuden. Polttimen tuen p\u00e4\u00e4teht\u00e4v\u00e4 on absorboida polttimen l\u00e4mp\u00f6\u00e4 ja olla p\u00e4\u00e4st\u00e4m\u00e4tt\u00e4 alla<br \/>\nolevaa ylikuumenemasta.<br \/>\nPolttimen alla oleva kotelokammio on suunniteltu kompensoimaan mahdollisen polttoaineen<br \/>\nylivuodon aiheuttamaa painetta. T\u00e4m\u00e4 j\u00e4rjestelm\u00e4 varmistaa tulisijan turvallisen k\u00e4yt\u00f6n. N\u00e4iden ratkaisujen<br \/>\nansiosta tuli voidaan upottaa jopa huonekalupaneeleihin (paitsi kalvopaneeleihin). Laadukas ruostumaton<br \/>\nter\u00e4s varmistaa laadun ja kest\u00e4vyyden, kun taas pinta ja viistereuna tarjoavat kauniin lopputuloksen.<\/p>\n<p>&nbsp;<\/p>\n<p><strong>LIS\u00c4TIEDOT:<\/strong><\/p>\n<ul>\n<li>Mitat: 600 x 320 x 50 mm<\/li>\n<li>Tulisija: 500 mm = 1 l<\/li>\n<li>Palamisaika: 3-5 tuntia<\/li>\n<li>Lasi: 2 karkaistua kirkasta lasia<\/li>\n<li>Takuu: 24 kuukautta<\/li>\n<li>V\u00e4ri: Hopea INOX<\/li>\n<li>Sovitelma: Upotettu<\/li>\n<li>Paino 8 kg<\/li>\n<\/ul>\n","protected":false},"excerpt":{"rendered":"<p>Insert 600 on valmistettu asennettavaksi valmiiseen syvennykseen tai kaapin, p\u00f6yd\u00e4n tai sohvap\u00f6yd\u00e4n<br \/>\naukkoon. Rajoittamaton k\u00e4ytt\u00f6mahdollisuus, jotta sisustuksemme saa aidon l\u00e4mpim\u00e4n tulen aiheuttamaa<br \/>\nviihtyisyytt\u00e4.<br \/>\nMallissa on kaksi nopeasti stabiloituvaa 15 cm korkeaa tulta. Sopii erinomaisesti olohuoneeseen, toimistoon<br \/>\ntai makuuhuoneeseen.<\/p>\n","protected":false},"featured_media":14386,"comment_status":"open","ping_status":"closed","template":"","meta":{"_acf_changed":false},"factory":[],"free-shipment":[],"product_brand":[],"product_cat":[1326,2631],"product_tag":[],"class_list":{"0":"post-16531","1":"product","2":"type-product","3":"status-publish","4":"has-post-thumbnail","6":"product_cat-biotakat","7":"product_cat-infire-fi","9":"first","10":"instock","11":"sale","12":"taxable","13":"shipping-taxable","14":"purchasable","15":"product-type-simple"},"acf":[],"_links":{"self":[{"href":"https:\/\/factory.sale\/fi\/wp-json\/wp\/v2\/product\/16531","targetHints":{"allow":["GET"]}}],"collection":[{"href":"https:\/\/factory.sale\/fi\/wp-json\/wp\/v2\/product"}],"about":[{"href":"https:\/\/factory.sale\/fi\/wp-json\/wp\/v2\/types\/product"}],"replies":[{"embeddable":true,"href":"https:\/\/factory.sale\/fi\/wp-json\/wp\/v2\/comments?post=16531"}],"wp:featuredmedia":[{"embeddable":true,"href":"https:\/\/factory.sale\/fi\/wp-json\/wp\/v2\/media\/14386"}],"wp:attachment":[{"href":"https:\/\/factory.sale\/fi\/wp-json\/wp\/v2\/media?parent=16531"}],"wp:term":[{"taxonomy":"factory","embeddable":true,"href":"https:\/\/factory.sale\/fi\/wp-json\/wp\/v2\/factory?post=16531"},{"taxonomy":"free-shipment","embeddable":true,"href":"https:\/\/factory.sale\/fi\/wp-json\/wp\/v2\/free-shipment?post=16531"},{"taxonomy":"product_brand","embeddable":true,"href":"https:\/\/factory.sale\/fi\/wp-json\/wp\/v2\/product_brand?post=16531"},{"taxonomy":"product_cat","embeddable":true,"href":"https:\/\/factory.sale\/fi\/wp-json\/wp\/v2\/product_cat?post=16531"},{"taxonomy":"product_tag","embeddable":true,"href":"https:\/\/factory.sale\/fi\/wp-json\/wp\/v2\/product_tag?post=16531"}],"curies":[{"name":"wp","href":"https:\/\/api.w.org\/{rel}","templated":true}]}}