{"id":16529,"date":"2022-10-25T17:06:45","date_gmt":"2022-12-04T11:39:32","guid":{"rendered":"https:\/\/factory.sale\/?post_type=product&#038;p=16529"},"modified":"2024-06-26T21:23:28","modified_gmt":"2024-06-26T21:23:28","slug":"infire-murall-1200","status":"publish","type":"product","link":"https:\/\/factory.sale\/fi\/tuote\/infire-murall-1200\/","title":{"rendered":"InFire Murall 1200"},"content":{"rendered":"<p>Murall-takan hienostunut muoto, sen l\u00e4mp\u00f6 ja maaginen tunnelma rikastuttavat jokaista tilaa. Takka<br \/>\nvoidaan mukauttaa jokaisen sisustuksen tyyliin, koska sen v\u00e4ri ja koko on mahdollista muuttaa! Murall-malli<br \/>\non varustettu takkaan asennetulla s\u00e4vytetyll\u00e4 lasilla, joka lis\u00e4\u00e4 k\u00e4ytt\u00f6turvallisuutta ja tekee tulesta<br \/>\nerityisen houkuttelevan n\u00e4k\u00f6isen. Takan rakenne, hienostuneet yksityiskohdat ja sis\u00e4\u00e4nrakennetut<br \/>\nsivusein\u00e4t tekev\u00e4t takasta hienon joka suunnasta katsottuna.<\/p>\n<p><strong>Tuotetiedot:<\/strong><\/p>\n<p>\u25cf Mitat: 1200 x 560 x 160<br \/>\n\u25cf Tulisija: 800mm = 2l<br \/>\n\u25cf Palamisaika: 2-3 tuntia<br \/>\n\u25cf Lasi: Karkaistu lasi 4 mm<br \/>\n\u25cf Takuu: 24 kuukautta<br \/>\n\u25cf V\u00e4ri: Ter\u00e4s, Musta, Valkoinen<br \/>\n\u25cf Sovitelma: Upotettu, Ripustettava<\/p>\n","protected":false},"excerpt":{"rendered":"<p>Murall 1200 malli on takka, joka on tarkoitettu ripustettavaksi sein\u00e4lle kahdella tapilla. Sit\u00e4 ei voi k\u00e4ytt\u00e4\u00e4<br \/>\nlastulevyist\u00e4, huonekalulevyist\u00e4 eik\u00e4 kipsilevyist\u00e4 tehdyill\u00e4 seinill\u00e4 tai tapetilla p\u00e4\u00e4llystetyill\u00e4 seinill\u00e4.<\/p>\n<p>&nbsp;<\/p>\n","protected":false},"featured_media":14591,"comment_status":"open","ping_status":"closed","template":"","meta":{"_acf_changed":false},"factory":[],"free-shipment":[],"product_brand":[],"product_cat":[1326,2631],"product_tag":[],"class_list":{"0":"post-16529","1":"product","2":"type-product","3":"status-publish","4":"has-post-thumbnail","6":"product_cat-biotakat","7":"product_cat-infire-fi","9":"first","10":"instock","11":"sale","12":"taxable","13":"shipping-taxable","14":"purchasable","15":"product-type-simple"},"acf":[],"_links":{"self":[{"href":"https:\/\/factory.sale\/fi\/wp-json\/wp\/v2\/product\/16529","targetHints":{"allow":["GET"]}}],"collection":[{"href":"https:\/\/factory.sale\/fi\/wp-json\/wp\/v2\/product"}],"about":[{"href":"https:\/\/factory.sale\/fi\/wp-json\/wp\/v2\/types\/product"}],"replies":[{"embeddable":true,"href":"https:\/\/factory.sale\/fi\/wp-json\/wp\/v2\/comments?post=16529"}],"wp:featuredmedia":[{"embeddable":true,"href":"https:\/\/factory.sale\/fi\/wp-json\/wp\/v2\/media\/14591"}],"wp:attachment":[{"href":"https:\/\/factory.sale\/fi\/wp-json\/wp\/v2\/media?parent=16529"}],"wp:term":[{"taxonomy":"factory","embeddable":true,"href":"https:\/\/factory.sale\/fi\/wp-json\/wp\/v2\/factory?post=16529"},{"taxonomy":"free-shipment","embeddable":true,"href":"https:\/\/factory.sale\/fi\/wp-json\/wp\/v2\/free-shipment?post=16529"},{"taxonomy":"product_brand","embeddable":true,"href":"https:\/\/factory.sale\/fi\/wp-json\/wp\/v2\/product_brand?post=16529"},{"taxonomy":"product_cat","embeddable":true,"href":"https:\/\/factory.sale\/fi\/wp-json\/wp\/v2\/product_cat?post=16529"},{"taxonomy":"product_tag","embeddable":true,"href":"https:\/\/factory.sale\/fi\/wp-json\/wp\/v2\/product_tag?post=16529"}],"curies":[{"name":"wp","href":"https:\/\/api.w.org\/{rel}","templated":true}]}}