{"id":16525,"date":"2022-10-27T08:06:08","date_gmt":"2022-12-04T11:37:07","guid":{"rendered":"https:\/\/factory.sale\/?post_type=product&#038;p=16525"},"modified":"2024-06-30T05:37:03","modified_gmt":"2024-06-30T05:37:03","slug":"infire-inside-u800","status":"publish","type":"product","link":"https:\/\/factory.sale\/fi\/tuote\/infire-inside-u800\/","title":{"rendered":"InFire Inside U800"},"content":{"rendered":"<p>U800 on takka, joka on valmistettu asennettavaksi valmiiseen syvennykseen. Sen rakenne mahdollistaa<br \/>\nasennuksen sein\u00e4\u00e4n, koska taivutettujen taitteiden ansiosta se voi peitt\u00e4\u00e4 sein\u00e4\u00e4n leikatun aukon<br \/>\nep\u00e4tasaisuudet. Lis\u00e4ksi t\u00e4ll\u00e4 tavalla valmistettu kehys mahdollistaa tarkkailun kolmelta sivulta.<\/p>\n<p><strong>Tuotetiedot:<\/strong><\/p>\n<p>\u25cf Mitat: 800 x 500 x 300 mm<br \/>\n\u25cf Tulisija: 500mm = 1l<br \/>\n\u25cf Palamisaika: 3-5 tuntia<br \/>\n\u25cf Lasi: Karkaistu lasi 4 mm<\/p>\n<p>\u25cf Takuu: 24 kuukautta<br \/>\n\u25cf V\u00e4ri: Musta<br \/>\n\u25cf Sovitelma: Upotettu<\/p>\n","protected":false},"excerpt":{"rendered":"<p>U800 on takka, joka on valmistettu asennettavaksi valmiiseen syvennykseen. Sen rakenne mahdollistaa<br \/>\nasennuksen sein\u00e4\u00e4n, koska taivutettujen taitteiden ansiosta se voi peitt\u00e4\u00e4 sein\u00e4\u00e4n leikatun aukon<br \/>\nep\u00e4tasaisuudet. Lis\u00e4ksi t\u00e4ll\u00e4 tavalla valmistettu kehys mahdollistaa tarkkailun kolmelta sivulta.<\/p>\n","protected":false},"featured_media":14704,"comment_status":"open","ping_status":"closed","template":"","meta":{"_acf_changed":false},"factory":[],"free-shipment":[],"product_brand":[],"product_cat":[1326,2631],"product_tag":[1425],"class_list":{"0":"post-16525","1":"product","2":"type-product","3":"status-publish","4":"has-post-thumbnail","6":"product_cat-biotakat","7":"product_cat-infire-fi","8":"product_tag-home-fi","10":"first","11":"instock","12":"sale","13":"taxable","14":"shipping-taxable","15":"purchasable","16":"product-type-simple"},"acf":[],"_links":{"self":[{"href":"https:\/\/factory.sale\/fi\/wp-json\/wp\/v2\/product\/16525","targetHints":{"allow":["GET"]}}],"collection":[{"href":"https:\/\/factory.sale\/fi\/wp-json\/wp\/v2\/product"}],"about":[{"href":"https:\/\/factory.sale\/fi\/wp-json\/wp\/v2\/types\/product"}],"replies":[{"embeddable":true,"href":"https:\/\/factory.sale\/fi\/wp-json\/wp\/v2\/comments?post=16525"}],"wp:featuredmedia":[{"embeddable":true,"href":"https:\/\/factory.sale\/fi\/wp-json\/wp\/v2\/media\/14704"}],"wp:attachment":[{"href":"https:\/\/factory.sale\/fi\/wp-json\/wp\/v2\/media?parent=16525"}],"wp:term":[{"taxonomy":"factory","embeddable":true,"href":"https:\/\/factory.sale\/fi\/wp-json\/wp\/v2\/factory?post=16525"},{"taxonomy":"free-shipment","embeddable":true,"href":"https:\/\/factory.sale\/fi\/wp-json\/wp\/v2\/free-shipment?post=16525"},{"taxonomy":"product_brand","embeddable":true,"href":"https:\/\/factory.sale\/fi\/wp-json\/wp\/v2\/product_brand?post=16525"},{"taxonomy":"product_cat","embeddable":true,"href":"https:\/\/factory.sale\/fi\/wp-json\/wp\/v2\/product_cat?post=16525"},{"taxonomy":"product_tag","embeddable":true,"href":"https:\/\/factory.sale\/fi\/wp-json\/wp\/v2\/product_tag?post=16525"}],"curies":[{"name":"wp","href":"https:\/\/api.w.org\/{rel}","templated":true}]}}