{"id":16521,"date":"2022-10-27T08:23:30","date_gmt":"2022-12-04T11:32:26","guid":{"rendered":"https:\/\/factory.sale\/?post_type=product&#038;p=16521"},"modified":"2024-06-26T04:59:18","modified_gmt":"2024-06-26T04:59:18","slug":"infire-inside-u1000-1","status":"publish","type":"product","link":"https:\/\/factory.sale\/fi\/tuote\/infire-inside-u1000-1\/","title":{"rendered":"InFire Inside U1000.1"},"content":{"rendered":"<p>INSIDE U 1000.1 on takka, joka on valmistettu asennettavaksi valmiiseen syvennykseen. T\u00e4m\u00e4 on edistynein saatavilla olevista upotetuista malleista. Takkarunko on varustettu ilmanpoistoj\u00e4rjestelm\u00e4ll\u00e4, joka est\u00e4\u00e4 paineen muodostumisen polttimen alle ylivuototilanteessa.<br \/>\nKehyksess\u00e4 on 3 lasia, jotka liukuvat erikoiskiskoihin ja piilottavat kaikki kiinnitykset. Takan rungossa on my\u00f6s sis\u00e4\u00e4nrakennettu eristys, jonka avulla voit asentaa sen turvallisesti esimerkiksi<br \/>\nMDF:\u00e4\u00e4n tai kipsilevyyn. Takka voi olla kaunis ja vaikuttava linkki kahden huoneen v\u00e4lill\u00e4.<\/p>\n<p><strong>Tuotetiedot:<\/strong><\/p>\n<p>\u25cf Mitat: 1000 x 500 x 300 mm<br \/>\n\u25cf Tulisija: 500mm = 1l<br \/>\n\u25cf Palamisaika: 3-5 tuntia<br \/>\n\u25cf Lasi: Karkaistu lasi 4 mm, s\u00e4vytetty<br \/>\n\u25cf Takuu: 24 kuukautta<br \/>\n\u25cf V\u00e4ri: Ter\u00e4s, Musta<br \/>\n\u25cf Sovitelma: Upotettu<\/p>\n","protected":false},"excerpt":{"rendered":"<p>INSIDE U 1000.1 on takka, joka on valmistettu asennettavaksi valmiiseen syvennykseen. T\u00e4m\u00e4 on edistynein<br \/>\nsaatavilla olevista upotetuista malleista. Takkarunko on varustettu ilmanpoistoj\u00e4rjestelm\u00e4ll\u00e4, joka est\u00e4\u00e4<br \/>\npaineen muodostumisen polttimen alle ylivuototilanteessa. Kehyksess\u00e4 on my\u00f6s 3 lasia, jotka liukuvat<br \/>\nerikoiskiskoihin ja piilottavat kaikki kiinnitykset.<\/p>\n","protected":false},"featured_media":14725,"comment_status":"open","ping_status":"closed","template":"","meta":{"_acf_changed":false},"factory":[],"free-shipment":[],"product_brand":[],"product_cat":[1326,2631],"product_tag":[1425],"class_list":{"0":"post-16521","1":"product","2":"type-product","3":"status-publish","4":"has-post-thumbnail","6":"product_cat-biotakat","7":"product_cat-infire-fi","8":"product_tag-home-fi","10":"first","11":"instock","12":"sale","13":"taxable","14":"shipping-taxable","15":"purchasable","16":"product-type-simple"},"acf":[],"_links":{"self":[{"href":"https:\/\/factory.sale\/fi\/wp-json\/wp\/v2\/product\/16521","targetHints":{"allow":["GET"]}}],"collection":[{"href":"https:\/\/factory.sale\/fi\/wp-json\/wp\/v2\/product"}],"about":[{"href":"https:\/\/factory.sale\/fi\/wp-json\/wp\/v2\/types\/product"}],"replies":[{"embeddable":true,"href":"https:\/\/factory.sale\/fi\/wp-json\/wp\/v2\/comments?post=16521"}],"wp:featuredmedia":[{"embeddable":true,"href":"https:\/\/factory.sale\/fi\/wp-json\/wp\/v2\/media\/14725"}],"wp:attachment":[{"href":"https:\/\/factory.sale\/fi\/wp-json\/wp\/v2\/media?parent=16521"}],"wp:term":[{"taxonomy":"factory","embeddable":true,"href":"https:\/\/factory.sale\/fi\/wp-json\/wp\/v2\/factory?post=16521"},{"taxonomy":"free-shipment","embeddable":true,"href":"https:\/\/factory.sale\/fi\/wp-json\/wp\/v2\/free-shipment?post=16521"},{"taxonomy":"product_brand","embeddable":true,"href":"https:\/\/factory.sale\/fi\/wp-json\/wp\/v2\/product_brand?post=16521"},{"taxonomy":"product_cat","embeddable":true,"href":"https:\/\/factory.sale\/fi\/wp-json\/wp\/v2\/product_cat?post=16521"},{"taxonomy":"product_tag","embeddable":true,"href":"https:\/\/factory.sale\/fi\/wp-json\/wp\/v2\/product_tag?post=16521"}],"curies":[{"name":"wp","href":"https:\/\/api.w.org\/{rel}","templated":true}]}}