{"id":16519,"date":"2022-10-27T08:52:03","date_gmt":"2022-12-04T11:29:27","guid":{"rendered":"https:\/\/factory.sale\/?post_type=product&#038;p=16519"},"modified":"2024-06-26T15:45:25","modified_gmt":"2024-06-26T15:45:25","slug":"infire-inside-u-1200-2","status":"publish","type":"product","link":"https:\/\/factory.sale\/fi\/tuote\/infire-inside-u-1200-2\/","title":{"rendered":"InFire Inside U 1200.2"},"content":{"rendered":"<p>INSIDE U 1000.2 on takka, joka on valmistettu asennettavaksi valmiiseen syvennykseen. T\u00e4m\u00e4 on edistynein saatavilla olevista upotetuista malleista. Takkarunko on varustettu ilmanpoistoj\u00e4rjestelm\u00e4ll\u00e4, joka est\u00e4\u00e4 paineen muodostumisen polttimen alle ylivuototilanteessa.<br \/>\nKehyksess\u00e4 on 3 lasia, jotka liukuvat erikoiskiskoihin ja piilottavat kaikki kiinnitykset. Takan rungossa on my\u00f6s sis\u00e4\u00e4nrakennettu eristys, jonka avulla voit asentaa sen turvallisesti esimerkiksi MDF:\u00e4\u00e4n tai kipsilevyyn. Takka voi olla kaunis ja vaikuttava linkki kahden huoneen v\u00e4lill\u00e4.<\/p>\n<p><strong>Tuotetiedot:<\/strong><\/p>\n<p>\u25cf Mitat: 1200 x 500 x 300 mm<br \/>\n\u25cf Tulisija: 1000mm = 3L<br \/>\n\u25cf Palamisaika: 1-2 tuntia<br \/>\n\u25cf Lasi: Karkaistu lasi 4 mm, s\u00e4vytetty<br \/>\n\u25cf Takuu: 24 kuukautta<br \/>\n\u25cf V\u00e4ri: Musta<br \/>\n\u25cf Sovitelma: Upotettu<\/p>\n","protected":false},"excerpt":{"rendered":"<p>INSIDE U 1000.2 on takka, joka on valmistettu asennettavaksi valmiiseen syvennykseen. T\u00e4m\u00e4 on edistynein<br \/>\nsaatavilla olevista upotetuista malleista. Takkarunko on varustettu ilmanpoistoj\u00e4rjestelm\u00e4ll\u00e4, joka est\u00e4\u00e4<br \/>\npaineen muodostumisen polttimen alle ylivuototilanteessa.<\/p>\n","protected":false},"featured_media":14759,"comment_status":"open","ping_status":"closed","template":"","meta":{"_acf_changed":false},"factory":[],"free-shipment":[],"product_brand":[],"product_cat":[1326,2631],"product_tag":[],"class_list":{"0":"post-16519","1":"product","2":"type-product","3":"status-publish","4":"has-post-thumbnail","6":"product_cat-biotakat","7":"product_cat-infire-fi","9":"first","10":"instock","11":"sale","12":"taxable","13":"shipping-taxable","14":"purchasable","15":"product-type-simple"},"acf":[],"_links":{"self":[{"href":"https:\/\/factory.sale\/fi\/wp-json\/wp\/v2\/product\/16519","targetHints":{"allow":["GET"]}}],"collection":[{"href":"https:\/\/factory.sale\/fi\/wp-json\/wp\/v2\/product"}],"about":[{"href":"https:\/\/factory.sale\/fi\/wp-json\/wp\/v2\/types\/product"}],"replies":[{"embeddable":true,"href":"https:\/\/factory.sale\/fi\/wp-json\/wp\/v2\/comments?post=16519"}],"wp:featuredmedia":[{"embeddable":true,"href":"https:\/\/factory.sale\/fi\/wp-json\/wp\/v2\/media\/14759"}],"wp:attachment":[{"href":"https:\/\/factory.sale\/fi\/wp-json\/wp\/v2\/media?parent=16519"}],"wp:term":[{"taxonomy":"factory","embeddable":true,"href":"https:\/\/factory.sale\/fi\/wp-json\/wp\/v2\/factory?post=16519"},{"taxonomy":"free-shipment","embeddable":true,"href":"https:\/\/factory.sale\/fi\/wp-json\/wp\/v2\/free-shipment?post=16519"},{"taxonomy":"product_brand","embeddable":true,"href":"https:\/\/factory.sale\/fi\/wp-json\/wp\/v2\/product_brand?post=16519"},{"taxonomy":"product_cat","embeddable":true,"href":"https:\/\/factory.sale\/fi\/wp-json\/wp\/v2\/product_cat?post=16519"},{"taxonomy":"product_tag","embeddable":true,"href":"https:\/\/factory.sale\/fi\/wp-json\/wp\/v2\/product_tag?post=16519"}],"curies":[{"name":"wp","href":"https:\/\/api.w.org\/{rel}","templated":true}]}}