{"id":16515,"date":"2022-10-25T15:55:07","date_gmt":"2022-12-04T10:45:01","guid":{"rendered":"https:\/\/factory.sale\/?post_type=product&#038;p=16515"},"modified":"2024-06-27T13:59:24","modified_gmt":"2024-06-27T13:59:24","slug":"infire-inside-c800v1","status":"publish","type":"product","link":"https:\/\/factory.sale\/fi\/tuote\/infire-inside-c800v1\/","title":{"rendered":"InFire Inside C800V1"},"content":{"rendered":"<p>INSIDE C800 Vers1. malli on takka, joka on suunniteltu asennettavaksi valmiiseen syvennykseen. Erikoisen<br \/>\nvahvan kattilater\u00e4ksen k\u00e4ytt\u00f6 mahdollistaa minimalistisimman muodon k\u00e4ytt\u00e4m\u00e4ll\u00e4 vain yht\u00e4<br \/>\nter\u00e4skerrosta. Takan rakenne mahdollistaa tulen havainnoinnin jopa kolmelta sivulta.<\/p>\n<p>&nbsp;<\/p>\n<p><strong>Tuotetiedot:<\/strong><\/p>\n<p>\u25cf Mitat: 800 x 450 x 250<br \/>\n\u25cf Tulisija: 500 mm = 1 l<br \/>\n\u25cf Palamisaika: 3-5 tuntia<br \/>\n\u25cf Lasi: Karkaistu lasi 4 mm, s\u00e4vytetty<br \/>\n\u25cf Takuu: 24 kuukautta<br \/>\n\u25cf V\u00e4ri: Ter\u00e4s, Musta<br \/>\n\u25cf Sovitelma: Upotettu<\/p>\n","protected":false},"excerpt":{"rendered":"<p>INSIDE C800 Vers1. malli on takka, joka on suunniteltu asennettavaksi valmiiseen syvennykseen. Erikoisen<br \/>\nvahvan kattilater\u00e4ksen k\u00e4ytt\u00f6 mahdollistaa minimalistisimman muodon k\u00e4ytt\u00e4m\u00e4ll\u00e4 vain yht\u00e4<br \/>\nter\u00e4skerrosta. Takan rakenne mahdollistaa tulen havainnoinnin jopa kolmelta sivulta.<\/p>\n","protected":false},"featured_media":14523,"comment_status":"open","ping_status":"closed","template":"","meta":{"_acf_changed":false},"factory":[],"free-shipment":[],"product_brand":[],"product_cat":[1326,2631],"product_tag":[1425],"class_list":{"0":"post-16515","1":"product","2":"type-product","3":"status-publish","4":"has-post-thumbnail","6":"product_cat-biotakat","7":"product_cat-infire-fi","8":"product_tag-home-fi","10":"first","11":"instock","12":"sale","13":"taxable","14":"shipping-taxable","15":"purchasable","16":"product-type-simple"},"acf":[],"_links":{"self":[{"href":"https:\/\/factory.sale\/fi\/wp-json\/wp\/v2\/product\/16515","targetHints":{"allow":["GET"]}}],"collection":[{"href":"https:\/\/factory.sale\/fi\/wp-json\/wp\/v2\/product"}],"about":[{"href":"https:\/\/factory.sale\/fi\/wp-json\/wp\/v2\/types\/product"}],"replies":[{"embeddable":true,"href":"https:\/\/factory.sale\/fi\/wp-json\/wp\/v2\/comments?post=16515"}],"wp:featuredmedia":[{"embeddable":true,"href":"https:\/\/factory.sale\/fi\/wp-json\/wp\/v2\/media\/14523"}],"wp:attachment":[{"href":"https:\/\/factory.sale\/fi\/wp-json\/wp\/v2\/media?parent=16515"}],"wp:term":[{"taxonomy":"factory","embeddable":true,"href":"https:\/\/factory.sale\/fi\/wp-json\/wp\/v2\/factory?post=16515"},{"taxonomy":"free-shipment","embeddable":true,"href":"https:\/\/factory.sale\/fi\/wp-json\/wp\/v2\/free-shipment?post=16515"},{"taxonomy":"product_brand","embeddable":true,"href":"https:\/\/factory.sale\/fi\/wp-json\/wp\/v2\/product_brand?post=16515"},{"taxonomy":"product_cat","embeddable":true,"href":"https:\/\/factory.sale\/fi\/wp-json\/wp\/v2\/product_cat?post=16515"},{"taxonomy":"product_tag","embeddable":true,"href":"https:\/\/factory.sale\/fi\/wp-json\/wp\/v2\/product_tag?post=16515"}],"curies":[{"name":"wp","href":"https:\/\/api.w.org\/{rel}","templated":true}]}}