{"id":16511,"date":"2022-10-27T07:26:26","date_gmt":"2022-12-04T10:40:03","guid":{"rendered":"https:\/\/factory.sale\/?post_type=product&#038;p=16511"},"modified":"2024-06-27T14:00:19","modified_gmt":"2024-06-27T14:00:19","slug":"infire-inside-c1200v2","status":"publish","type":"product","link":"https:\/\/factory.sale\/fi\/tuote\/infire-inside-c1200v2\/","title":{"rendered":"InFire Inside C1200V2"},"content":{"rendered":"<p>INSIDE C1200 VERS2. malli on takka, joka on valmistettu asennettavaksi valmiiseen syvennykseen. Sen<br \/>\nrakenne mahdollistaa asennuksen sein\u00e4\u00e4n, koska taivutettujen taitteiden ansiosta se voi peitt\u00e4\u00e4 sein\u00e4\u00e4n<br \/>\nleikatun aukon ep\u00e4tasaisuudet. Lis\u00e4ksi t\u00e4ll\u00e4 tavalla valmistettu kehys mahdollistaa tarkkailun kolmelta<br \/>\nsivulta. Yksinkertainen ja hieno rakenne sopii jokaiseen sisustukseen ja lis\u00e4ksi se muodostaa t\u00e4ydellisen<br \/>\ntaustan kotisi l\u00e4mm\u00f6lle ja mukavuudelle.<\/p>\n<p><strong>Tuotetiedot:<\/strong><\/p>\n<p>\u25cf Mitat: 1200 x 500 x 200<br \/>\n\u25cf Tulisija: 1000 mm = 3 l<br \/>\n\u25cf Palamisaika: 1-2 tuntia<br \/>\n\u25cf Lasi: Karkaistu lasi 4 mm, s\u00e4vytetty<br \/>\n\u25cf Takuu: 24 kuukautta<br \/>\n\u25cf V\u00e4ri: Musta<br \/>\n\u25cf Sovitelma: Upotettu<\/p>\n","protected":false},"excerpt":{"rendered":"<p>INSIDE C1200 VERS2. malli on takka, joka on valmistettu asennettavaksi valmiiseen syvennykseen. Sen<br \/>\nrakenne mahdollistaa asennuksen sein\u00e4\u00e4n, koska taivutettujen taitteiden ansiosta se voi peitt\u00e4\u00e4 sein\u00e4\u00e4n<br \/>\nleikatun aukon ep\u00e4tasaisuudet. Lis\u00e4ksi t\u00e4ll\u00e4 tavalla valmistettu kehys mahdollistaa tarkkailun kolmelta<br \/>\nsivulta. Yksinkertainen ja hieno rakenne sopii jokaiseen sisustukseen ja lis\u00e4ksi se muodostaa t\u00e4ydellisen<br \/>\ntaustan kotisi l\u00e4mm\u00f6lle ja mukavuudelle.<\/p>\n","protected":false},"featured_media":14674,"comment_status":"open","ping_status":"closed","template":"","meta":{"_acf_changed":false},"factory":[],"free-shipment":[],"product_brand":[],"product_cat":[1326,2631],"product_tag":[],"class_list":{"0":"post-16511","1":"product","2":"type-product","3":"status-publish","4":"has-post-thumbnail","6":"product_cat-biotakat","7":"product_cat-infire-fi","9":"first","10":"instock","11":"sale","12":"taxable","13":"shipping-taxable","14":"purchasable","15":"product-type-simple"},"acf":[],"_links":{"self":[{"href":"https:\/\/factory.sale\/fi\/wp-json\/wp\/v2\/product\/16511","targetHints":{"allow":["GET"]}}],"collection":[{"href":"https:\/\/factory.sale\/fi\/wp-json\/wp\/v2\/product"}],"about":[{"href":"https:\/\/factory.sale\/fi\/wp-json\/wp\/v2\/types\/product"}],"replies":[{"embeddable":true,"href":"https:\/\/factory.sale\/fi\/wp-json\/wp\/v2\/comments?post=16511"}],"wp:featuredmedia":[{"embeddable":true,"href":"https:\/\/factory.sale\/fi\/wp-json\/wp\/v2\/media\/14674"}],"wp:attachment":[{"href":"https:\/\/factory.sale\/fi\/wp-json\/wp\/v2\/media?parent=16511"}],"wp:term":[{"taxonomy":"factory","embeddable":true,"href":"https:\/\/factory.sale\/fi\/wp-json\/wp\/v2\/factory?post=16511"},{"taxonomy":"free-shipment","embeddable":true,"href":"https:\/\/factory.sale\/fi\/wp-json\/wp\/v2\/free-shipment?post=16511"},{"taxonomy":"product_brand","embeddable":true,"href":"https:\/\/factory.sale\/fi\/wp-json\/wp\/v2\/product_brand?post=16511"},{"taxonomy":"product_cat","embeddable":true,"href":"https:\/\/factory.sale\/fi\/wp-json\/wp\/v2\/product_cat?post=16511"},{"taxonomy":"product_tag","embeddable":true,"href":"https:\/\/factory.sale\/fi\/wp-json\/wp\/v2\/product_tag?post=16511"}],"curies":[{"name":"wp","href":"https:\/\/api.w.org\/{rel}","templated":true}]}}