{"id":16505,"date":"2022-10-26T07:22:55","date_gmt":"2022-12-04T10:34:27","guid":{"rendered":"https:\/\/factory.sale\/?post_type=product&#038;p=16505"},"modified":"2024-06-27T13:59:40","modified_gmt":"2024-06-27T13:59:40","slug":"infire-inside-c1000v2","status":"publish","type":"product","link":"https:\/\/factory.sale\/fi\/tuote\/infire-inside-c1000v2\/","title":{"rendered":"InFire Inside C1000V2"},"content":{"rendered":"<p>INSIDE C1000 VERS2. malli on takka, joka on valmistettu asennettavaksi valmiiseen syvennykseen. Sen rakenne mahdollistaa asennuksen sein\u00e4\u00e4n, koska taivutettujen taitteiden ansiosta se voi peitt\u00e4\u00e4 sein\u00e4\u00e4n leikatun aukon ep\u00e4tasaisuudet. Lis\u00e4ksi t\u00e4ll\u00e4 tavalla valmistettu kehys mahdollistaa tarkkailun kolmelta sivulta. Yksinkertainen ja hieno rakenne sopii jokaiseen sisustukseen ja lis\u00e4ksi se muodostaa t\u00e4ydellisen taustan kotisi l\u00e4mm\u00f6lle ja mukavuudelle.<\/p>\n<p><strong>Tuotetiedot:<\/strong><\/p>\n<p>\u25cf Mitat: 1000 x 500 x 275<br \/>\n\u25cf Tulisija: 800 mm = 2 l<br \/>\n\u25cf Palamisaika: 2-3 tuntia<br \/>\n\u25cf Lasi: Karkaistu lasi 4 mm, s\u00e4vytetty<br \/>\n\u25cf Takuu: 24 kuukautta<br \/>\n\u25cf V\u00e4ri: Ter\u00e4s, Musta<br \/>\n\u25cf Sovitelma: Upotettu<\/p>\n","protected":false},"excerpt":{"rendered":"<p>INSIDE C1000 VERS2. malli on takka, joka on valmistettu asennettavaksi valmiiseen syvennykseen. Sen<br \/>\nrakenne mahdollistaa asennuksen sein\u00e4\u00e4n, koska taivutettujen taitteiden ansiosta se voi peitt\u00e4\u00e4 sein\u00e4\u00e4n<br \/>\nleikatun aukon ep\u00e4tasaisuudet. Lis\u00e4ksi t\u00e4ll\u00e4 tavalla valmistettu kehys mahdollistaa tarkkailun kolmelta<br \/>\nsivulta. Yksinkertainen ja hieno rakenne sopii jokaiseen sisustukseen ja lis\u00e4ksi se muodostaa t\u00e4ydellisen<br \/>\ntaustan kotisi l\u00e4mm\u00f6lle ja mukavuudelle.<\/p>\n<p>&nbsp;<\/p>\n","protected":false},"featured_media":14627,"comment_status":"open","ping_status":"closed","template":"","meta":{"_acf_changed":false},"factory":[],"free-shipment":[],"product_brand":[],"product_cat":[1326,2631],"product_tag":[1425],"class_list":{"0":"post-16505","1":"product","2":"type-product","3":"status-publish","4":"has-post-thumbnail","6":"product_cat-biotakat","7":"product_cat-infire-fi","8":"product_tag-home-fi","10":"first","11":"instock","12":"sale","13":"taxable","14":"shipping-taxable","15":"purchasable","16":"product-type-simple"},"acf":[],"_links":{"self":[{"href":"https:\/\/factory.sale\/fi\/wp-json\/wp\/v2\/product\/16505","targetHints":{"allow":["GET"]}}],"collection":[{"href":"https:\/\/factory.sale\/fi\/wp-json\/wp\/v2\/product"}],"about":[{"href":"https:\/\/factory.sale\/fi\/wp-json\/wp\/v2\/types\/product"}],"replies":[{"embeddable":true,"href":"https:\/\/factory.sale\/fi\/wp-json\/wp\/v2\/comments?post=16505"}],"wp:featuredmedia":[{"embeddable":true,"href":"https:\/\/factory.sale\/fi\/wp-json\/wp\/v2\/media\/14627"}],"wp:attachment":[{"href":"https:\/\/factory.sale\/fi\/wp-json\/wp\/v2\/media?parent=16505"}],"wp:term":[{"taxonomy":"factory","embeddable":true,"href":"https:\/\/factory.sale\/fi\/wp-json\/wp\/v2\/factory?post=16505"},{"taxonomy":"free-shipment","embeddable":true,"href":"https:\/\/factory.sale\/fi\/wp-json\/wp\/v2\/free-shipment?post=16505"},{"taxonomy":"product_brand","embeddable":true,"href":"https:\/\/factory.sale\/fi\/wp-json\/wp\/v2\/product_brand?post=16505"},{"taxonomy":"product_cat","embeddable":true,"href":"https:\/\/factory.sale\/fi\/wp-json\/wp\/v2\/product_cat?post=16505"},{"taxonomy":"product_tag","embeddable":true,"href":"https:\/\/factory.sale\/fi\/wp-json\/wp\/v2\/product_tag?post=16505"}],"curies":[{"name":"wp","href":"https:\/\/api.w.org\/{rel}","templated":true}]}}