{"id":16503,"date":"2022-10-26T07:10:56","date_gmt":"2022-12-04T10:33:13","guid":{"rendered":"https:\/\/factory.sale\/?post_type=product&#038;p=16503"},"modified":"2024-06-25T11:42:34","modified_gmt":"2024-06-25T11:42:34","slug":"infire-inside-c1000v1","status":"publish","type":"product","link":"https:\/\/factory.sale\/fi\/tuote\/infire-inside-c1000v1\/","title":{"rendered":"InFire Inside C1000V1"},"content":{"rendered":"<p>INSIDE C1000 vers1. malli on takka, joka on suunniteltu asennettavaksi valmiiseen syvennykseen. Erikoisen<br \/>\nvahvan kattilater\u00e4ksen k\u00e4ytt\u00f6 mahdollistaa minimalistisimman muodon k\u00e4ytt\u00e4m\u00e4ll\u00e4 vain yht\u00e4<br \/>\nter\u00e4skerrosta. Takan rakenne mahdollistaa tulen havainnoinnin jopa kolmelta sivulta.<\/p>\n<p><strong>Lis\u00e4tiedot:<\/strong><\/p>\n<p>\u25cf Mitat: 1000 x 450 x 250<br \/>\n\u25cf Tulisija: 800 mm = 2 l<br \/>\n\u25cf Palamisaika: 2-3 tuntia<br \/>\n\u25cf Lasi: Karkaistu lasi 4 mm, s\u00e4vytetty<br \/>\n\u25cf Takuu: 24 kuukautta<br \/>\n\u25cf V\u00e4ri: Ter\u00e4s, Musta<br \/>\n\u25cf Sovitelma: Upotettu<\/p>\n","protected":false},"excerpt":{"rendered":"<p>INSIDE C1000 vers1. malli on takka, joka on suunniteltu asennettavaksi valmiiseen syvennykseen. Erikoisen<br \/>\nvahvan kattilater\u00e4ksen k\u00e4ytt\u00f6 mahdollistaa minimalistisimman muodon k\u00e4ytt\u00e4m\u00e4ll\u00e4 vain yht\u00e4<br \/>\nter\u00e4skerrosta. Takan rakenne mahdollistaa tulen havainnoinnin jopa kolmelta sivulta.<\/p>\n","protected":false},"featured_media":14611,"comment_status":"open","ping_status":"closed","template":"","meta":{"_acf_changed":false},"factory":[],"free-shipment":[],"product_brand":[],"product_cat":[1252,2624],"product_tag":[1208],"class_list":{"0":"post-16503","1":"product","2":"type-product","3":"status-publish","4":"has-post-thumbnail","6":"product_cat-bio-fireplaces-2","7":"product_cat-infire","8":"product_tag-home","10":"first","11":"instock","12":"sale","13":"taxable","14":"shipping-taxable","15":"purchasable","16":"product-type-simple"},"acf":[],"_links":{"self":[{"href":"https:\/\/factory.sale\/fi\/wp-json\/wp\/v2\/product\/16503","targetHints":{"allow":["GET"]}}],"collection":[{"href":"https:\/\/factory.sale\/fi\/wp-json\/wp\/v2\/product"}],"about":[{"href":"https:\/\/factory.sale\/fi\/wp-json\/wp\/v2\/types\/product"}],"replies":[{"embeddable":true,"href":"https:\/\/factory.sale\/fi\/wp-json\/wp\/v2\/comments?post=16503"}],"wp:featuredmedia":[{"embeddable":true,"href":"https:\/\/factory.sale\/fi\/wp-json\/wp\/v2\/media\/14611"}],"wp:attachment":[{"href":"https:\/\/factory.sale\/fi\/wp-json\/wp\/v2\/media?parent=16503"}],"wp:term":[{"taxonomy":"factory","embeddable":true,"href":"https:\/\/factory.sale\/fi\/wp-json\/wp\/v2\/factory?post=16503"},{"taxonomy":"free-shipment","embeddable":true,"href":"https:\/\/factory.sale\/fi\/wp-json\/wp\/v2\/free-shipment?post=16503"},{"taxonomy":"product_brand","embeddable":true,"href":"https:\/\/factory.sale\/fi\/wp-json\/wp\/v2\/product_brand?post=16503"},{"taxonomy":"product_cat","embeddable":true,"href":"https:\/\/factory.sale\/fi\/wp-json\/wp\/v2\/product_cat?post=16503"},{"taxonomy":"product_tag","embeddable":true,"href":"https:\/\/factory.sale\/fi\/wp-json\/wp\/v2\/product_tag?post=16503"}],"curies":[{"name":"wp","href":"https:\/\/api.w.org\/{rel}","templated":true}]}}