{"id":16499,"date":"2022-09-11T09:19:01","date_gmt":"2022-12-04T10:27:26","guid":{"rendered":"https:\/\/factory.sale\/?post_type=product&#038;p=16499"},"modified":"2024-06-26T14:21:21","modified_gmt":"2024-06-26T14:21:21","slug":"infire-insert-1000","status":"publish","type":"product","link":"https:\/\/factory.sale\/fi\/tuote\/infire-insert-1000\/","title":{"rendered":"InFire Insert 1000"},"content":{"rendered":"<p>InFire Insert 1000 on kauniisti viimeistelty bio-tulisija, joka yhdess\u00e4 4 mm karkaistun lasin kanssa luo<br \/>\nyhten\u00e4isen ja esteettisen kokonaisuuden. T\u00e4m\u00e4 bio-tulisija sopii erinomaisesti upottettavaksi erilaisiin<br \/>\nmateriaaleihin, jotka eiv\u00e4t ole herkki\u00e4 korkeille l\u00e4mp\u00f6tiloille. Tulos on houkuttelevan ja tyylikk\u00e4\u00e4n n\u00e4k\u00f6inen.<br \/>\nLis\u00e4ksi tuote ei vaadi savupiippuliit\u00e4nt\u00e4\u00e4 tai erityist\u00e4 ilmanvaihtoj\u00e4rjestelm\u00e4\u00e4.<br \/>\nBio-tulisija InFire Insert 1000 on valmistettu korkealaatuisesta ruostumattomasta ter\u00e4ksest\u00e4, mik\u00e4 takaa<br \/>\nkest\u00e4vyyden. Bio-tulisija k\u00e4ytt\u00e4\u00e4 polttoaineena ekologisesti puhdasta bioetanolia ja tarjoaa tulen taian<br \/>\nilman savua, kaasua, hajua ja on turvallinen puhtaan palamisen ansiosta.<\/p>\n<p><strong>Tuotetiedot:<\/strong><\/p>\n<p>\u25cf PAINO: 22 kg<br \/>\n\u25cf KORKEUS: 5 cm<br \/>\n\u25cf LEVEYS: 100 cm<br \/>\n\u25cf SYVYYS: 32 cm<br \/>\n\u25cf SOVITELMA: Upotettu, Asennus materiaaliin, joka ei ole herkk\u00e4 korkeille l\u00e4mp\u00f6tiloille<br \/>\n\u25cf PALAMISAIKA: 2-4 tuntia<\/p>\n","protected":false},"excerpt":{"rendered":"<p>InFire Insert 1000 on kauniisti viimeistelty bio-tulisija, joka yhdess\u00e4 4 mm karkaistun lasin kanssa luo<br \/>\nyhten\u00e4isen ja esteettisen kokonaisuuden.<\/p>\n","protected":false},"featured_media":12775,"comment_status":"open","ping_status":"closed","template":"","meta":{"_acf_changed":false},"factory":[],"free-shipment":[],"product_brand":[],"product_cat":[1326,2631],"product_tag":[1425],"class_list":{"0":"post-16499","1":"product","2":"type-product","3":"status-publish","4":"has-post-thumbnail","6":"product_cat-biotakat","7":"product_cat-infire-fi","8":"product_tag-home-fi","10":"first","11":"instock","12":"sale","13":"taxable","14":"shipping-taxable","15":"purchasable","16":"product-type-simple"},"acf":[],"_links":{"self":[{"href":"https:\/\/factory.sale\/fi\/wp-json\/wp\/v2\/product\/16499","targetHints":{"allow":["GET"]}}],"collection":[{"href":"https:\/\/factory.sale\/fi\/wp-json\/wp\/v2\/product"}],"about":[{"href":"https:\/\/factory.sale\/fi\/wp-json\/wp\/v2\/types\/product"}],"replies":[{"embeddable":true,"href":"https:\/\/factory.sale\/fi\/wp-json\/wp\/v2\/comments?post=16499"}],"wp:featuredmedia":[{"embeddable":true,"href":"https:\/\/factory.sale\/fi\/wp-json\/wp\/v2\/media\/12775"}],"wp:attachment":[{"href":"https:\/\/factory.sale\/fi\/wp-json\/wp\/v2\/media?parent=16499"}],"wp:term":[{"taxonomy":"factory","embeddable":true,"href":"https:\/\/factory.sale\/fi\/wp-json\/wp\/v2\/factory?post=16499"},{"taxonomy":"free-shipment","embeddable":true,"href":"https:\/\/factory.sale\/fi\/wp-json\/wp\/v2\/free-shipment?post=16499"},{"taxonomy":"product_brand","embeddable":true,"href":"https:\/\/factory.sale\/fi\/wp-json\/wp\/v2\/product_brand?post=16499"},{"taxonomy":"product_cat","embeddable":true,"href":"https:\/\/factory.sale\/fi\/wp-json\/wp\/v2\/product_cat?post=16499"},{"taxonomy":"product_tag","embeddable":true,"href":"https:\/\/factory.sale\/fi\/wp-json\/wp\/v2\/product_tag?post=16499"}],"curies":[{"name":"wp","href":"https:\/\/api.w.org\/{rel}","templated":true}]}}