{"id":16497,"date":"2022-09-11T08:48:09","date_gmt":"2022-12-04T10:24:04","guid":{"rendered":"https:\/\/factory.sale\/?post_type=product&#038;p=16497"},"modified":"2024-07-11T22:43:08","modified_gmt":"2024-07-11T19:43:08","slug":"infire-inround","status":"publish","type":"product","link":"https:\/\/factory.sale\/fi\/tuote\/infire-inround\/","title":{"rendered":"InFire Inround"},"content":{"rendered":"<p>InFire Inround on ennenn\u00e4kem\u00e4tt\u00f6m\u00e4n muotoinen bio-tulisija, jonka py\u00f6re\u00e4 muotoilu mahdollistaa tulesta<br \/>\nnauttimisen joka suunnasta. Bio-tulisijan alaosa voidaan asentaa tai upottaa tasaiseen pintaan ja sarjaan<br \/>\nkuuluva yl\u00e4osa voidaan asentaa kattoon. Yl\u00e4osa j\u00e4ljittelee suunnitteluelementtin\u00e4 savukaasujen poistoa,<br \/>\nmutta itse bio-tulisija ei tarvitse savupiippuliit\u00e4nt\u00e4\u00e4 tai erityist\u00e4 ilmanvaihtoj\u00e4rjestelm\u00e4\u00e4 ja sopii siksi<br \/>\nkaikkialle \u2013 kotiin, toimistoon, ravintolaan tai muuhun asiakkaita palvelevaan tilaan. Voit olla varma, ett\u00e4<br \/>\nkauniisti muotoiltu InFire Inround bio-tulisija ei j\u00e4\u00e4 kenelt\u00e4k\u00e4\u00e4n huomaamatta. Takan 4 mm karkaistu lasi<br \/>\n(2 puoliympyr\u00e4\u00e4) lis\u00e4\u00e4 turvallisuutta ja tasoittaa palamista.<br \/>\nT\u00e4m\u00e4 bio-tulisija k\u00e4ytt\u00e4\u00e4 polttoaineena ekologisesti puhdasta bioetanolia, joka palaa eritt\u00e4in puhtaasti tarjoten tulen taikaa ilman savua, kaasua, hajuton ja turvallinen.<\/p>\n<p><strong>Tuotetiedot:<\/strong><\/p>\n<p>\u25cf PAINO: 26 kg<br \/>\n\u25cf KORKEUS: 22 cm \/ 200 cm<br \/>\n\u25cf HALKAISIJA: 80 cm<br \/>\n\u25cf SOVITELMA: Upotettu, Vapaasti seisova<br \/>\n\u25cf PALAMISAIKA: 2-3 tuntia<\/p>\n","protected":false},"excerpt":{"rendered":"<p>InFire Inround on ennenn\u00e4kem\u00e4tt\u00f6m\u00e4n muotoinen bio-tulisija, jonka py\u00f6re\u00e4 muotoilu mahdollistaa tulen<br \/>\nnauttimisen joka suunnasta.<\/p>\n","protected":false},"featured_media":12762,"comment_status":"open","ping_status":"closed","template":"","meta":{"_acf_changed":false},"factory":[],"free-shipment":[],"product_brand":[],"product_cat":[1326,2631],"product_tag":[1425],"class_list":{"0":"post-16497","1":"product","2":"type-product","3":"status-publish","4":"has-post-thumbnail","6":"product_cat-biotakat","7":"product_cat-infire-fi","8":"product_tag-home-fi","10":"first","11":"instock","12":"sale","13":"taxable","14":"shipping-taxable","15":"purchasable","16":"product-type-simple"},"acf":[],"_links":{"self":[{"href":"https:\/\/factory.sale\/fi\/wp-json\/wp\/v2\/product\/16497","targetHints":{"allow":["GET"]}}],"collection":[{"href":"https:\/\/factory.sale\/fi\/wp-json\/wp\/v2\/product"}],"about":[{"href":"https:\/\/factory.sale\/fi\/wp-json\/wp\/v2\/types\/product"}],"replies":[{"embeddable":true,"href":"https:\/\/factory.sale\/fi\/wp-json\/wp\/v2\/comments?post=16497"}],"wp:featuredmedia":[{"embeddable":true,"href":"https:\/\/factory.sale\/fi\/wp-json\/wp\/v2\/media\/12762"}],"wp:attachment":[{"href":"https:\/\/factory.sale\/fi\/wp-json\/wp\/v2\/media?parent=16497"}],"wp:term":[{"taxonomy":"factory","embeddable":true,"href":"https:\/\/factory.sale\/fi\/wp-json\/wp\/v2\/factory?post=16497"},{"taxonomy":"free-shipment","embeddable":true,"href":"https:\/\/factory.sale\/fi\/wp-json\/wp\/v2\/free-shipment?post=16497"},{"taxonomy":"product_brand","embeddable":true,"href":"https:\/\/factory.sale\/fi\/wp-json\/wp\/v2\/product_brand?post=16497"},{"taxonomy":"product_cat","embeddable":true,"href":"https:\/\/factory.sale\/fi\/wp-json\/wp\/v2\/product_cat?post=16497"},{"taxonomy":"product_tag","embeddable":true,"href":"https:\/\/factory.sale\/fi\/wp-json\/wp\/v2\/product_tag?post=16497"}],"curies":[{"name":"wp","href":"https:\/\/api.w.org\/{rel}","templated":true}]}}