{"id":16493,"date":"2022-09-10T19:48:55","date_gmt":"2022-12-04T10:18:16","guid":{"rendered":"https:\/\/factory.sale\/?post_type=product&#038;p=16493"},"modified":"2024-07-05T14:54:04","modified_gmt":"2024-07-05T14:54:04","slug":"infire-inportal-2","status":"publish","type":"product","link":"https:\/\/factory.sale\/fi\/tuote\/infire-inportal-2\/","title":{"rendered":"InFire Inportal 2"},"content":{"rendered":"<p>InFire Inportal 2 on klassisen takan muotoinen biotakka, joka sopii t\u00e4ydellisesti jokaiseen sisustukseen.<br \/>\nKiillotetusta MDF-materiaalista valmistettu takkakuori on tyylik\u00e4s ja silm\u00e4\u00e4npist\u00e4v\u00e4.<br \/>\nTakkaa ei tarvitse kytke\u00e4 savupiippuun, eik\u00e4 se tarvitse erityist\u00e4 ilmanvaihtoj\u00e4rjestelm\u00e4\u00e4 ja sopii siksi<br \/>\nkaikkialle \u2013 kotiin, toimistoon, ravintolaan tai muuhun asiakkaita palvelevaan tilaan. Voit olla varma, ett\u00e4<br \/>\nkauniisti muotoiltu Inportal 2 biotakka ei j\u00e4\u00e4 kenelt\u00e4k\u00e4\u00e4n huomaamatta. Takan 4 mm karkaistu lasi lis\u00e4\u00e4<br \/>\nturvallisuutta ja tasoittaa palamista.<\/p>\n<p><strong>Tuotetiedot:<\/strong><\/p>\n<p>\u25cf PAINO: 28 kg<br \/>\n\u25cf KORKEUS: 100 cm<br \/>\n\u25cf LEVEYS: 110 cm<br \/>\n\u25cf SYVYYS: 30 cm<br \/>\n\u25cf SOVITELMA: Vapaasti seisova<br \/>\n\u25cf PALAMISAIKA: 3-5 tuntia<\/p>\n","protected":false},"excerpt":{"rendered":"<p>InFire Inportal 2 on klassisen takan muotoinen biotakka, joka sopii t\u00e4ydellisesti jokaiseen sisustukseen. MDF-kiillotettu kuori takaa<br \/>\neleganssin ja mukavan tunnelman sis\u00e4tiloissa.<\/p>\n","protected":false},"featured_media":12740,"comment_status":"open","ping_status":"closed","template":"","meta":{"_acf_changed":false},"factory":[],"free-shipment":[],"product_brand":[],"product_cat":[1326,2631],"product_tag":[],"class_list":{"0":"post-16493","1":"product","2":"type-product","3":"status-publish","4":"has-post-thumbnail","6":"product_cat-biotakat","7":"product_cat-infire-fi","9":"first","10":"instock","11":"sale","12":"taxable","13":"shipping-taxable","14":"purchasable","15":"product-type-simple"},"acf":[],"_links":{"self":[{"href":"https:\/\/factory.sale\/fi\/wp-json\/wp\/v2\/product\/16493","targetHints":{"allow":["GET"]}}],"collection":[{"href":"https:\/\/factory.sale\/fi\/wp-json\/wp\/v2\/product"}],"about":[{"href":"https:\/\/factory.sale\/fi\/wp-json\/wp\/v2\/types\/product"}],"replies":[{"embeddable":true,"href":"https:\/\/factory.sale\/fi\/wp-json\/wp\/v2\/comments?post=16493"}],"wp:featuredmedia":[{"embeddable":true,"href":"https:\/\/factory.sale\/fi\/wp-json\/wp\/v2\/media\/12740"}],"wp:attachment":[{"href":"https:\/\/factory.sale\/fi\/wp-json\/wp\/v2\/media?parent=16493"}],"wp:term":[{"taxonomy":"factory","embeddable":true,"href":"https:\/\/factory.sale\/fi\/wp-json\/wp\/v2\/factory?post=16493"},{"taxonomy":"free-shipment","embeddable":true,"href":"https:\/\/factory.sale\/fi\/wp-json\/wp\/v2\/free-shipment?post=16493"},{"taxonomy":"product_brand","embeddable":true,"href":"https:\/\/factory.sale\/fi\/wp-json\/wp\/v2\/product_brand?post=16493"},{"taxonomy":"product_cat","embeddable":true,"href":"https:\/\/factory.sale\/fi\/wp-json\/wp\/v2\/product_cat?post=16493"},{"taxonomy":"product_tag","embeddable":true,"href":"https:\/\/factory.sale\/fi\/wp-json\/wp\/v2\/product_tag?post=16493"}],"curies":[{"name":"wp","href":"https:\/\/api.w.org\/{rel}","templated":true}]}}