{"id":16488,"date":"2022-09-10T10:28:11","date_gmt":"2022-12-03T21:07:31","guid":{"rendered":"https:\/\/factory.sale\/?post_type=product&#038;p=16488"},"modified":"2024-06-29T23:31:07","modified_gmt":"2024-06-29T23:31:07","slug":"infire-inecco","status":"publish","type":"product","link":"https:\/\/factory.sale\/fi\/tuote\/infire-inecco\/","title":{"rendered":"InFire Inecco"},"content":{"rendered":"<p>INECCO malli on moderni, vapaasti seisova tulisija. Sen ainutlaatuinen muoto sopii t\u00e4ydellisesti moderniin<br \/>\nsisustukseen ja se t\u00e4ytt\u00e4\u00e4 tilan kauniilla tulella ja l\u00e4mm\u00f6ll\u00e4. Takka sopii my\u00f6s koriste-elementiksi ulos,<br \/>\nesim. terassille. Takka on varustettu runkoon integroidulla eristyksell\u00e4 ja tuuletusaukoilla, jotka siirt\u00e4v\u00e4t<br \/>\nl\u00e4mm\u00f6n huoneeseen. Karkaistu lasi lis\u00e4\u00e4 turvallisuutta ja tasoittaa paloa.<\/p>\n<p><strong>Tuotetiedot:<\/strong><\/p>\n<p>\u25cf Mitat: 1100 x 750 x 300 mm<br \/>\n\u25cf Tulisija: 500 mm = 1 l<br \/>\n\u25cf Palamisaika: 2-4 tuntia<br \/>\n\u25cf Lasi: Karkaistu lasi 4 mm, s\u00e4vytetty<br \/>\n\u25cf Takuu: 24 kuukautta<br \/>\n\u25cf V\u00e4ri: Valkoinen, Musta<br \/>\n\u25cf Sovitelma: Vapaasti seisova<\/p>\n","protected":false},"excerpt":{"rendered":"<p>INECCO malli on moderni, vapaasti seisova tulisija. Sen ainutlaatuinen muoto sopii t\u00e4ydellisesti moderniin<br \/>\nsisustukseen ja se t\u00e4ytt\u00e4\u00e4 tilan kauniilla tulella ja l\u00e4mm\u00f6ll\u00e4.<\/p>\n","protected":false},"featured_media":12693,"comment_status":"open","ping_status":"closed","template":"","meta":{"_acf_changed":false},"factory":[],"free-shipment":[],"product_brand":[],"product_cat":[1326,2631],"product_tag":[],"class_list":{"0":"post-16488","1":"product","2":"type-product","3":"status-publish","4":"has-post-thumbnail","6":"product_cat-biotakat","7":"product_cat-infire-fi","9":"first","10":"instock","11":"sale","12":"taxable","13":"shipping-taxable","14":"purchasable","15":"product-type-simple"},"acf":[],"_links":{"self":[{"href":"https:\/\/factory.sale\/fi\/wp-json\/wp\/v2\/product\/16488","targetHints":{"allow":["GET"]}}],"collection":[{"href":"https:\/\/factory.sale\/fi\/wp-json\/wp\/v2\/product"}],"about":[{"href":"https:\/\/factory.sale\/fi\/wp-json\/wp\/v2\/types\/product"}],"replies":[{"embeddable":true,"href":"https:\/\/factory.sale\/fi\/wp-json\/wp\/v2\/comments?post=16488"}],"wp:featuredmedia":[{"embeddable":true,"href":"https:\/\/factory.sale\/fi\/wp-json\/wp\/v2\/media\/12693"}],"wp:attachment":[{"href":"https:\/\/factory.sale\/fi\/wp-json\/wp\/v2\/media?parent=16488"}],"wp:term":[{"taxonomy":"factory","embeddable":true,"href":"https:\/\/factory.sale\/fi\/wp-json\/wp\/v2\/factory?post=16488"},{"taxonomy":"free-shipment","embeddable":true,"href":"https:\/\/factory.sale\/fi\/wp-json\/wp\/v2\/free-shipment?post=16488"},{"taxonomy":"product_brand","embeddable":true,"href":"https:\/\/factory.sale\/fi\/wp-json\/wp\/v2\/product_brand?post=16488"},{"taxonomy":"product_cat","embeddable":true,"href":"https:\/\/factory.sale\/fi\/wp-json\/wp\/v2\/product_cat?post=16488"},{"taxonomy":"product_tag","embeddable":true,"href":"https:\/\/factory.sale\/fi\/wp-json\/wp\/v2\/product_tag?post=16488"}],"curies":[{"name":"wp","href":"https:\/\/api.w.org\/{rel}","templated":true}]}}