{"id":16486,"date":"2022-09-10T10:06:00","date_gmt":"2022-12-03T21:05:57","guid":{"rendered":"https:\/\/factory.sale\/?post_type=product&#038;p=16486"},"modified":"2024-06-29T08:15:13","modified_gmt":"2024-06-29T08:15:13","slug":"infire-industrial","status":"publish","type":"product","link":"https:\/\/factory.sale\/fi\/tuote\/infire-industrial\/","title":{"rendered":"InFire Industrial"},"content":{"rendered":"<p>Tulisija sopii loft-tyyliseen sisustukseen, mutta my\u00f6s moderniin, puiseen ja klassiseen sisustukseen. Se on<br \/>\nvarustettu Puolan kansantasavallan tyylisill\u00e4 puisilla jaloilla ja verkolla, joka n\u00e4ytt\u00e4\u00e4 tyylikk\u00e4\u00e4n<br \/>\nruosteiselta. Se voidaan sijoittaa sein\u00e4\u00e4 vasten, mutta se n\u00e4ytt\u00e4\u00e4 hyv\u00e4lt\u00e4 my\u00f6s huoneen keskipisteess\u00e4<br \/>\nmallin hyvin muotoillun viimeistelyn ansiosta.<\/p>\n<p><strong>Tuotetiedot:<\/strong><\/p>\n<p>\u25cf Mitat: 1000 x 470 x 300 mm<br \/>\n\u25cf Tulisija: 500 mm = 1 l<br \/>\n\u25cf Palamisaika: 3-5 tuntia<br \/>\n\u25cf Lasi: 2 karkaistua 4mm lasipaneelia &#8211; s\u00e4vytetty<br \/>\n\u25cf Takuu: 24 kuukautta<br \/>\n\u25cf V\u00e4ri: ter\u00e4s, musta<br \/>\n\u25cf Sovitelma: Vapaasti seisova<\/p>\n","protected":false},"excerpt":{"rendered":"<p>Tulisija sopii loft-tyyliseen sisustukseen, mutta my\u00f6s moderniin, puiseen ja klassiseen sisustukseen.<\/p>\n","protected":false},"featured_media":12677,"comment_status":"open","ping_status":"closed","template":"","meta":{"_acf_changed":false},"factory":[],"free-shipment":[],"product_brand":[],"product_cat":[1326,2631],"product_tag":[1425],"class_list":{"0":"post-16486","1":"product","2":"type-product","3":"status-publish","4":"has-post-thumbnail","6":"product_cat-biotakat","7":"product_cat-infire-fi","8":"product_tag-home-fi","10":"first","11":"instock","12":"sale","13":"taxable","14":"shipping-taxable","15":"purchasable","16":"product-type-simple"},"acf":[],"_links":{"self":[{"href":"https:\/\/factory.sale\/fi\/wp-json\/wp\/v2\/product\/16486","targetHints":{"allow":["GET"]}}],"collection":[{"href":"https:\/\/factory.sale\/fi\/wp-json\/wp\/v2\/product"}],"about":[{"href":"https:\/\/factory.sale\/fi\/wp-json\/wp\/v2\/types\/product"}],"replies":[{"embeddable":true,"href":"https:\/\/factory.sale\/fi\/wp-json\/wp\/v2\/comments?post=16486"}],"wp:featuredmedia":[{"embeddable":true,"href":"https:\/\/factory.sale\/fi\/wp-json\/wp\/v2\/media\/12677"}],"wp:attachment":[{"href":"https:\/\/factory.sale\/fi\/wp-json\/wp\/v2\/media?parent=16486"}],"wp:term":[{"taxonomy":"factory","embeddable":true,"href":"https:\/\/factory.sale\/fi\/wp-json\/wp\/v2\/factory?post=16486"},{"taxonomy":"free-shipment","embeddable":true,"href":"https:\/\/factory.sale\/fi\/wp-json\/wp\/v2\/free-shipment?post=16486"},{"taxonomy":"product_brand","embeddable":true,"href":"https:\/\/factory.sale\/fi\/wp-json\/wp\/v2\/product_brand?post=16486"},{"taxonomy":"product_cat","embeddable":true,"href":"https:\/\/factory.sale\/fi\/wp-json\/wp\/v2\/product_cat?post=16486"},{"taxonomy":"product_tag","embeddable":true,"href":"https:\/\/factory.sale\/fi\/wp-json\/wp\/v2\/product_tag?post=16486"}],"curies":[{"name":"wp","href":"https:\/\/api.w.org\/{rel}","templated":true}]}}