{"id":16484,"date":"2022-09-10T09:27:24","date_gmt":"2022-12-03T21:04:28","guid":{"rendered":"https:\/\/factory.sale\/?post_type=product&#038;p=16484"},"modified":"2024-06-26T19:57:16","modified_gmt":"2024-06-26T19:57:16","slug":"infire-incyrcle","status":"publish","type":"product","link":"https:\/\/factory.sale\/fi\/tuote\/infire-incyrcle\/","title":{"rendered":"InFire Incyrcle"},"content":{"rendered":"<p>Incyrcle tulisija on kattoon ripustettava design-tulisija. Sen muoto sopii moderniin ja loft-sisustukseen. Putken<br \/>\npituus sek\u00e4 kotelon ja putken v\u00e4ri voidaan r\u00e4\u00e4t\u00e4l\u00f6id\u00e4 asiakkaan tarpeiden mukaan.<\/p>\n<p><strong>Tuotetiedot:<\/strong><\/p>\n<p>\u25cf Mitat: 700 x 350 x 1500(putki) mm<br \/>\n\u25cf Tulisija: 500 mm = 1 l<br \/>\n\u25cf Palamisaika: 3-5 tuntia<br \/>\n\u25cf Lasi: 2 karkaistua 4mm lasipaneelia &#8211; s\u00e4vytetty<br \/>\n\u25cf Takuu: 24 kuukautta<br \/>\n\u25cf V\u00e4ri: Musta, Valkoinen, Kromi<br \/>\n\u25cf Sovitelma: Riippuva<\/p>\n","protected":false},"excerpt":{"rendered":"<p>Incyrcle tulisija on kattoon ripustettava design-tulisija. Sen muoto sopii moderniin ja loft-sisustukseen.<\/p>\n","protected":false},"featured_media":12657,"comment_status":"open","ping_status":"closed","template":"","meta":{"_acf_changed":false},"factory":[],"free-shipment":[],"product_brand":[],"product_cat":[1326,2631],"product_tag":[1425],"class_list":{"0":"post-16484","1":"product","2":"type-product","3":"status-publish","4":"has-post-thumbnail","6":"product_cat-biotakat","7":"product_cat-infire-fi","8":"product_tag-home-fi","10":"first","11":"instock","12":"sale","13":"taxable","14":"shipping-taxable","15":"purchasable","16":"product-type-simple"},"acf":[],"_links":{"self":[{"href":"https:\/\/factory.sale\/fi\/wp-json\/wp\/v2\/product\/16484","targetHints":{"allow":["GET"]}}],"collection":[{"href":"https:\/\/factory.sale\/fi\/wp-json\/wp\/v2\/product"}],"about":[{"href":"https:\/\/factory.sale\/fi\/wp-json\/wp\/v2\/types\/product"}],"replies":[{"embeddable":true,"href":"https:\/\/factory.sale\/fi\/wp-json\/wp\/v2\/comments?post=16484"}],"wp:featuredmedia":[{"embeddable":true,"href":"https:\/\/factory.sale\/fi\/wp-json\/wp\/v2\/media\/12657"}],"wp:attachment":[{"href":"https:\/\/factory.sale\/fi\/wp-json\/wp\/v2\/media?parent=16484"}],"wp:term":[{"taxonomy":"factory","embeddable":true,"href":"https:\/\/factory.sale\/fi\/wp-json\/wp\/v2\/factory?post=16484"},{"taxonomy":"free-shipment","embeddable":true,"href":"https:\/\/factory.sale\/fi\/wp-json\/wp\/v2\/free-shipment?post=16484"},{"taxonomy":"product_brand","embeddable":true,"href":"https:\/\/factory.sale\/fi\/wp-json\/wp\/v2\/product_brand?post=16484"},{"taxonomy":"product_cat","embeddable":true,"href":"https:\/\/factory.sale\/fi\/wp-json\/wp\/v2\/product_cat?post=16484"},{"taxonomy":"product_tag","embeddable":true,"href":"https:\/\/factory.sale\/fi\/wp-json\/wp\/v2\/product_tag?post=16484"}],"curies":[{"name":"wp","href":"https:\/\/api.w.org\/{rel}","templated":true}]}}