{"id":16482,"date":"2022-09-10T08:27:25","date_gmt":"2022-12-03T21:03:16","guid":{"rendered":"https:\/\/factory.sale\/?post_type=product&#038;p=16482"},"modified":"2024-06-28T23:28:17","modified_gmt":"2024-06-28T23:28:17","slug":"infire-incube","status":"publish","type":"product","link":"https:\/\/factory.sale\/fi\/tuote\/infire-incube\/","title":{"rendered":"InFire Incube"},"content":{"rendered":"<p>INCUBE on vapaasti seisova tulisija, joka geometrisen symmetriansa ansiosta voidaan sijoittaa k\u00e4yt\u00e4nn\u00f6ss\u00e4<br \/>\nmihin tahansa sis\u00e4tilaan \u2013 niin sein\u00e4\u00e4 vasten kuin ennen kaikkea huoneen keskelle.<\/p>\n<p><strong>Tuotetiedot:<\/strong><\/p>\n<p>\u25cf Mitat: 1100 X 650 X 300<br \/>\n\u25cf Tilavuus: 1,5L<br \/>\n\u25cf Poltin: 800 mm ruostumaton ter\u00e4s<br \/>\n\u25cf Palamisaika: 2-4 tuntia<br \/>\n\u25cf Lasi: 4 mm karkaistu lasi<\/p>\n<p>\u25cf Takuu: 24 kuukautta<br \/>\n\u25cf V\u00e4ri: musta, valkoinen, pulverimaalattu ruostumaton ter\u00e4s<br \/>\n\u25cf Paino: 22 kg<br \/>\n\u25cf Sovitelma: Vapaasti seisova<\/p>\n","protected":false},"excerpt":{"rendered":"<p>INCUBE on vapaasti seisova tulisija, joka geometrisen symmetriansa ansiosta voidaan sijoittaa k\u00e4yt\u00e4nn\u00f6ss\u00e4<br \/>\nmihin tahansa sis\u00e4tilaan \u2013 niin sein\u00e4\u00e4 vasten kuin ennen kaikkea huoneen keskelle.<\/p>\n","protected":false},"featured_media":12608,"comment_status":"open","ping_status":"closed","template":"","meta":{"_acf_changed":false},"factory":[],"free-shipment":[],"product_brand":[],"product_cat":[1326,2631],"product_tag":[1425],"class_list":{"0":"post-16482","1":"product","2":"type-product","3":"status-publish","4":"has-post-thumbnail","6":"product_cat-biotakat","7":"product_cat-infire-fi","8":"product_tag-home-fi","10":"first","11":"instock","12":"sale","13":"taxable","14":"shipping-taxable","15":"purchasable","16":"product-type-simple"},"acf":[],"_links":{"self":[{"href":"https:\/\/factory.sale\/fi\/wp-json\/wp\/v2\/product\/16482","targetHints":{"allow":["GET"]}}],"collection":[{"href":"https:\/\/factory.sale\/fi\/wp-json\/wp\/v2\/product"}],"about":[{"href":"https:\/\/factory.sale\/fi\/wp-json\/wp\/v2\/types\/product"}],"replies":[{"embeddable":true,"href":"https:\/\/factory.sale\/fi\/wp-json\/wp\/v2\/comments?post=16482"}],"wp:featuredmedia":[{"embeddable":true,"href":"https:\/\/factory.sale\/fi\/wp-json\/wp\/v2\/media\/12608"}],"wp:attachment":[{"href":"https:\/\/factory.sale\/fi\/wp-json\/wp\/v2\/media?parent=16482"}],"wp:term":[{"taxonomy":"factory","embeddable":true,"href":"https:\/\/factory.sale\/fi\/wp-json\/wp\/v2\/factory?post=16482"},{"taxonomy":"free-shipment","embeddable":true,"href":"https:\/\/factory.sale\/fi\/wp-json\/wp\/v2\/free-shipment?post=16482"},{"taxonomy":"product_brand","embeddable":true,"href":"https:\/\/factory.sale\/fi\/wp-json\/wp\/v2\/product_brand?post=16482"},{"taxonomy":"product_cat","embeddable":true,"href":"https:\/\/factory.sale\/fi\/wp-json\/wp\/v2\/product_cat?post=16482"},{"taxonomy":"product_tag","embeddable":true,"href":"https:\/\/factory.sale\/fi\/wp-json\/wp\/v2\/product_tag?post=16482"}],"curies":[{"name":"wp","href":"https:\/\/api.w.org\/{rel}","templated":true}]}}