{"id":16480,"date":"2022-09-10T09:02:19","date_gmt":"2022-12-03T21:00:59","guid":{"rendered":"https:\/\/factory.sale\/?post_type=product&#038;p=16480"},"modified":"2024-07-11T12:19:57","modified_gmt":"2024-07-11T09:19:57","slug":"infire-incoza","status":"publish","type":"product","link":"https:\/\/factory.sale\/fi\/tuote\/infire-incoza\/","title":{"rendered":"InFire Incoza"},"content":{"rendered":"<p>Ainutlaatuisen muotoilunsa ansiosta InFire Incoza bio tulisija sopii t\u00e4ydellisesti sek\u00e4 moderniin ett\u00e4<br \/>\nrustiikkiseen sisustukseen. Sit\u00e4 ei tarvitse kytke\u00e4 savupiippuun, eik\u00e4 se tarvitse erityist\u00e4<br \/>\nilmanvaihtoj\u00e4rjestelm\u00e4\u00e4 ja sopii siksi kaikkialle \u2013 kotiin, toimistoon, ravintolaan tai muuhun asiakkaita<br \/>\npalvelevaan tilaan. Voit olla varma, ett\u00e4 kauniisti muotoiltu InFire Incoza bio tulisija ei j\u00e4\u00e4 kenelt\u00e4k\u00e4\u00e4n<br \/>\nhuomaamatta. Tulisijan 4 mm karkaistu lasi lis\u00e4\u00e4 turvallisuutta ja tasoittaa palamista.<br \/>\nT\u00e4m\u00e4 bio tulisija k\u00e4ytt\u00e4\u00e4 polttoaineena ekologisesti puhdasta bioetanolia, joka palaa eritt\u00e4in puhtaasti<br \/>\ntarjoten tulen taikaa ilman savua, kaasua, hajuton ja turvallinen.<\/p>\n<p><strong>Tuotetiedot:<\/strong><br \/>\n\u25cf PAINO: 26 kg<br \/>\n\u25cf KORKEUS: 125 cm<br \/>\n\u25cf LEVEYS: 60 cm<br \/>\n\u25cf SYVYYS: 34 cm<br \/>\n\u25cf ASENNUS: Itsen\u00e4inen<br \/>\n\u25cf PALAMISAIKA: 2-4 tuntia<\/p>\n","protected":false},"excerpt":{"rendered":"<p>InFire Incoza bio tulisija sopii t\u00e4ydellisesti sek\u00e4 moderniin ett\u00e4 rustiikkiseen sisustukseen.<\/p>\n","protected":false},"featured_media":12635,"comment_status":"open","ping_status":"closed","template":"","meta":{"_acf_changed":false},"factory":[],"free-shipment":[],"product_brand":[],"product_cat":[1326,2631],"product_tag":[],"class_list":{"0":"post-16480","1":"product","2":"type-product","3":"status-publish","4":"has-post-thumbnail","6":"product_cat-biotakat","7":"product_cat-infire-fi","9":"first","10":"instock","11":"sale","12":"taxable","13":"shipping-taxable","14":"purchasable","15":"product-type-simple"},"acf":[],"_links":{"self":[{"href":"https:\/\/factory.sale\/fi\/wp-json\/wp\/v2\/product\/16480","targetHints":{"allow":["GET"]}}],"collection":[{"href":"https:\/\/factory.sale\/fi\/wp-json\/wp\/v2\/product"}],"about":[{"href":"https:\/\/factory.sale\/fi\/wp-json\/wp\/v2\/types\/product"}],"replies":[{"embeddable":true,"href":"https:\/\/factory.sale\/fi\/wp-json\/wp\/v2\/comments?post=16480"}],"wp:featuredmedia":[{"embeddable":true,"href":"https:\/\/factory.sale\/fi\/wp-json\/wp\/v2\/media\/12635"}],"wp:attachment":[{"href":"https:\/\/factory.sale\/fi\/wp-json\/wp\/v2\/media?parent=16480"}],"wp:term":[{"taxonomy":"factory","embeddable":true,"href":"https:\/\/factory.sale\/fi\/wp-json\/wp\/v2\/factory?post=16480"},{"taxonomy":"free-shipment","embeddable":true,"href":"https:\/\/factory.sale\/fi\/wp-json\/wp\/v2\/free-shipment?post=16480"},{"taxonomy":"product_brand","embeddable":true,"href":"https:\/\/factory.sale\/fi\/wp-json\/wp\/v2\/product_brand?post=16480"},{"taxonomy":"product_cat","embeddable":true,"href":"https:\/\/factory.sale\/fi\/wp-json\/wp\/v2\/product_cat?post=16480"},{"taxonomy":"product_tag","embeddable":true,"href":"https:\/\/factory.sale\/fi\/wp-json\/wp\/v2\/product_tag?post=16480"}],"curies":[{"name":"wp","href":"https:\/\/api.w.org\/{rel}","templated":true}]}}