{"id":16478,"date":"2022-09-09T14:37:56","date_gmt":"2022-12-03T20:58:11","guid":{"rendered":"https:\/\/factory.sale\/?post_type=product&#038;p=16478"},"modified":"2024-07-04T12:04:04","modified_gmt":"2024-07-04T12:04:04","slug":"infire-inbox-600","status":"publish","type":"product","link":"https:\/\/factory.sale\/fi\/tuote\/infire-inbox-600\/","title":{"rendered":"INFIRE INBOX 600"},"content":{"rendered":"<p>INBOX 600 on ihanteellinen sek\u00e4 sis\u00e4ll\u00f6ksi perinteiseen tulisijaan ett\u00e4 itsen\u00e4iseksi tulisijaksi. Sit\u00e4 ei<br \/>\ntarvitse kytke\u00e4 savupiippuun tai s\u00e4hk\u00f6j\u00e4rjestelm\u00e4\u00e4n, mik\u00e4 tarkoittaa, ett\u00e4 se voidaan sijoittaa k\u00e4yt\u00e4nn\u00f6ss\u00e4<br \/>\nminne tahansa \u2013 kunhan kyseess\u00e4 on syttym\u00e4t\u00f6n materiaali.<\/p>\n<p><strong>Lis\u00e4tiedot:<\/strong><br \/>\n\u25cf Mitat: 600 x 200 x 50 mm<br \/>\n\u25cf Tulisija: 500 mm = 1 l<br \/>\n\u25cf Lasi: 4 mm karkaistu lasi<br \/>\n\u25cf Takuu: 24 kuukautta<br \/>\n\u25cf V\u00e4ri: Musta, pulverimaalattu ter\u00e4s<br \/>\n\u25cf Paino: 8 kg<br \/>\n\u25cf Asennus: Syttym\u00e4tt\u00f6m\u00e4ss\u00e4 materiaalissa olevaan reik\u00e4\u00e4n.<br \/>\n\u25cf Sovitelma: Vapaasti seisova, upotettu<\/p>\n","protected":false},"excerpt":{"rendered":"<p>INBOX 600 on ihanteellinen sek\u00e4 sis\u00e4ll\u00f6ksi perinteiseen tulisijaan ett\u00e4 itsen\u00e4iseksi tulisijaksi.<\/p>\n","protected":false},"featured_media":15719,"comment_status":"open","ping_status":"closed","template":"","meta":{"_acf_changed":false},"factory":[],"free-shipment":[],"product_brand":[],"product_cat":[1326,2631],"product_tag":[1425],"class_list":{"0":"post-16478","1":"product","2":"type-product","3":"status-publish","4":"has-post-thumbnail","6":"product_cat-biotakat","7":"product_cat-infire-fi","8":"product_tag-home-fi","10":"first","11":"instock","12":"sale","13":"taxable","14":"shipping-taxable","15":"purchasable","16":"product-type-simple"},"acf":[],"_links":{"self":[{"href":"https:\/\/factory.sale\/fi\/wp-json\/wp\/v2\/product\/16478","targetHints":{"allow":["GET"]}}],"collection":[{"href":"https:\/\/factory.sale\/fi\/wp-json\/wp\/v2\/product"}],"about":[{"href":"https:\/\/factory.sale\/fi\/wp-json\/wp\/v2\/types\/product"}],"replies":[{"embeddable":true,"href":"https:\/\/factory.sale\/fi\/wp-json\/wp\/v2\/comments?post=16478"}],"wp:featuredmedia":[{"embeddable":true,"href":"https:\/\/factory.sale\/fi\/wp-json\/wp\/v2\/media\/15719"}],"wp:attachment":[{"href":"https:\/\/factory.sale\/fi\/wp-json\/wp\/v2\/media?parent=16478"}],"wp:term":[{"taxonomy":"factory","embeddable":true,"href":"https:\/\/factory.sale\/fi\/wp-json\/wp\/v2\/factory?post=16478"},{"taxonomy":"free-shipment","embeddable":true,"href":"https:\/\/factory.sale\/fi\/wp-json\/wp\/v2\/free-shipment?post=16478"},{"taxonomy":"product_brand","embeddable":true,"href":"https:\/\/factory.sale\/fi\/wp-json\/wp\/v2\/product_brand?post=16478"},{"taxonomy":"product_cat","embeddable":true,"href":"https:\/\/factory.sale\/fi\/wp-json\/wp\/v2\/product_cat?post=16478"},{"taxonomy":"product_tag","embeddable":true,"href":"https:\/\/factory.sale\/fi\/wp-json\/wp\/v2\/product_tag?post=16478"}],"curies":[{"name":"wp","href":"https:\/\/api.w.org\/{rel}","templated":true}]}}