{"id":16474,"date":"2022-09-10T09:07:50","date_gmt":"2022-12-03T20:54:26","guid":{"rendered":"https:\/\/factory.sale\/?post_type=product&#038;p=16474"},"modified":"2024-06-26T04:33:48","modified_gmt":"2024-06-26T04:33:48","slug":"infire-2-side-900","status":"publish","type":"product","link":"https:\/\/factory.sale\/fi\/tuote\/infire-2-side-900\/","title":{"rendered":"InFire 2 Side 900"},"content":{"rendered":"<p><strong>Lis\u00e4tiedot:<\/strong><\/p>\n<p>\u25cf Mitat: 900 x 500 x 250<br \/>\n\u25cf Paino: 12 kg<br \/>\n\u25cf Tulisija: 500mm = 1l<br \/>\n\u25cf Palamisaika: 3-5 tuntia<br \/>\n\u25cf Lasi: 4 mm karkaistu lasi<br \/>\n\u25cf Takuu: 24 kuukautta<br \/>\n\u25cf V\u00e4ri: pulverimaalattu ter\u00e4s, musta<br \/>\n\u25cf Asennus: Syvennyksess\u00e4<br \/>\n\u25cf Sovitelma: upotettu, riippuva<\/p>\n<p>Komponentit ja pakkaus:<br \/>\n\u25cf Poltin: 500 mm ruostumatonta ter\u00e4st\u00e4<br \/>\n\u25cf Tilavuus: 1 l<br \/>\n\u25cf Lasi: 4 mm karkaistu lasi<\/p>\n<p>&nbsp;<\/p>\n<p>Voimme konfiguroida tuotteen syvyyden pyynn\u00f6st\u00e4 (150 &#8211; 350 mm).<\/p>\n<p>&nbsp;<\/p>\n<p>Tilaustuotteen odotusaika on 6 viikkoa.<\/p>\n","protected":false},"excerpt":{"rendered":"<p>Malli 2 Side 900 on suunniteltu asennettavaksi kahden huoneen v\u00e4liseen sein\u00e4\u00e4n.<\/p>\n","protected":false},"featured_media":12521,"comment_status":"open","ping_status":"closed","template":"","meta":{"_acf_changed":false},"factory":[],"free-shipment":[],"product_brand":[],"product_cat":[1326,2631],"product_tag":[2228],"class_list":{"0":"post-16474","1":"product","2":"type-product","3":"status-publish","4":"has-post-thumbnail","6":"product_cat-biotakat","7":"product_cat-infire-fi","8":"product_tag-stainless-steel-fi","10":"first","11":"instock","12":"sale","13":"taxable","14":"shipping-taxable","15":"purchasable","16":"product-type-simple"},"acf":[],"_links":{"self":[{"href":"https:\/\/factory.sale\/fi\/wp-json\/wp\/v2\/product\/16474","targetHints":{"allow":["GET"]}}],"collection":[{"href":"https:\/\/factory.sale\/fi\/wp-json\/wp\/v2\/product"}],"about":[{"href":"https:\/\/factory.sale\/fi\/wp-json\/wp\/v2\/types\/product"}],"replies":[{"embeddable":true,"href":"https:\/\/factory.sale\/fi\/wp-json\/wp\/v2\/comments?post=16474"}],"wp:featuredmedia":[{"embeddable":true,"href":"https:\/\/factory.sale\/fi\/wp-json\/wp\/v2\/media\/12521"}],"wp:attachment":[{"href":"https:\/\/factory.sale\/fi\/wp-json\/wp\/v2\/media?parent=16474"}],"wp:term":[{"taxonomy":"factory","embeddable":true,"href":"https:\/\/factory.sale\/fi\/wp-json\/wp\/v2\/factory?post=16474"},{"taxonomy":"free-shipment","embeddable":true,"href":"https:\/\/factory.sale\/fi\/wp-json\/wp\/v2\/free-shipment?post=16474"},{"taxonomy":"product_brand","embeddable":true,"href":"https:\/\/factory.sale\/fi\/wp-json\/wp\/v2\/product_brand?post=16474"},{"taxonomy":"product_cat","embeddable":true,"href":"https:\/\/factory.sale\/fi\/wp-json\/wp\/v2\/product_cat?post=16474"},{"taxonomy":"product_tag","embeddable":true,"href":"https:\/\/factory.sale\/fi\/wp-json\/wp\/v2\/product_tag?post=16474"}],"curies":[{"name":"wp","href":"https:\/\/api.w.org\/{rel}","templated":true}]}}