{"id":16472,"date":"2022-09-09T14:02:58","date_gmt":"2022-12-03T20:52:21","guid":{"rendered":"https:\/\/factory.sale\/?post_type=product&#038;p=16472"},"modified":"2024-07-11T22:27:30","modified_gmt":"2024-07-11T19:27:30","slug":"infire-2-side-1200","status":"publish","type":"product","link":"https:\/\/factory.sale\/fi\/tuote\/infire-2-side-1200\/","title":{"rendered":"InFire 2 Side 1200"},"content":{"rendered":"<p><strong>Tuotetiedot:<\/strong><br \/>\n\u25cf Mitat: 1200 X 500 X 250<br \/>\n\u25cf Tulisija: 800mm = 2l<br \/>\n\u25cf Palamisaika: 3-5 tuntia<br \/>\n\u25cf 4mm karkaistu lasi<br \/>\n\u25cf Takuu: 24 kuukautta<br \/>\n\u25cf V\u00e4ri: pulverimaalattu ter\u00e4s, musta<br \/>\n\u25cf Paino: 16 kg<br \/>\n\u25cf Asennus: Syvennyksess\u00e4<br \/>\n\u25cf Sovitelma: upotettu<\/p>\n<p>&nbsp;<\/p>\n<p><strong>Komponentit ja pakkaus:<\/strong><br \/>\n\u25cf Poltin: 800 mm ruostumatonta ter\u00e4st\u00e4<br \/>\n\u25cf Tilavuus: 1,5 l<br \/>\n\u25cf Lasi: 4 mm karkaistu lasi<br \/>\nVoimme konfiguroida tuotteen syvyyden pyynn\u00f6st\u00e4 (150 &#8211; 350 mm).<br \/>\nTilaustuotteen odotusaika on 6 viikkoa.<\/p>\n","protected":false},"excerpt":{"rendered":"<p>Malli 2 Side 1200 on suunniteltu asennettavaksi kahden huoneen v\u00e4liseen sein\u00e4\u00e4n.<\/p>\n","protected":false},"featured_media":12540,"comment_status":"open","ping_status":"closed","template":"","meta":{"_acf_changed":false},"factory":[],"free-shipment":[],"product_brand":[],"product_cat":[1326,2631],"product_tag":[2318,1425],"class_list":{"0":"post-16472","1":"product","2":"type-product","3":"status-publish","4":"has-post-thumbnail","6":"product_cat-biotakat","7":"product_cat-infire-fi","8":"product_tag-cozy-fi","9":"product_tag-home-fi","11":"first","12":"instock","13":"sale","14":"taxable","15":"shipping-taxable","16":"purchasable","17":"product-type-simple"},"acf":[],"_links":{"self":[{"href":"https:\/\/factory.sale\/fi\/wp-json\/wp\/v2\/product\/16472","targetHints":{"allow":["GET"]}}],"collection":[{"href":"https:\/\/factory.sale\/fi\/wp-json\/wp\/v2\/product"}],"about":[{"href":"https:\/\/factory.sale\/fi\/wp-json\/wp\/v2\/types\/product"}],"replies":[{"embeddable":true,"href":"https:\/\/factory.sale\/fi\/wp-json\/wp\/v2\/comments?post=16472"}],"wp:featuredmedia":[{"embeddable":true,"href":"https:\/\/factory.sale\/fi\/wp-json\/wp\/v2\/media\/12540"}],"wp:attachment":[{"href":"https:\/\/factory.sale\/fi\/wp-json\/wp\/v2\/media?parent=16472"}],"wp:term":[{"taxonomy":"factory","embeddable":true,"href":"https:\/\/factory.sale\/fi\/wp-json\/wp\/v2\/factory?post=16472"},{"taxonomy":"free-shipment","embeddable":true,"href":"https:\/\/factory.sale\/fi\/wp-json\/wp\/v2\/free-shipment?post=16472"},{"taxonomy":"product_brand","embeddable":true,"href":"https:\/\/factory.sale\/fi\/wp-json\/wp\/v2\/product_brand?post=16472"},{"taxonomy":"product_cat","embeddable":true,"href":"https:\/\/factory.sale\/fi\/wp-json\/wp\/v2\/product_cat?post=16472"},{"taxonomy":"product_tag","embeddable":true,"href":"https:\/\/factory.sale\/fi\/wp-json\/wp\/v2\/product_tag?post=16472"}],"curies":[{"name":"wp","href":"https:\/\/api.w.org\/{rel}","templated":true}]}}