{"id":16468,"date":"2022-07-26T11:19:45","date_gmt":"2022-12-03T20:42:35","guid":{"rendered":"https:\/\/factory.sale\/?post_type=product&#038;p=16468"},"modified":"2024-06-30T13:36:02","modified_gmt":"2024-06-30T13:36:02","slug":"jatti-laatikko","status":"publish","type":"product","link":"https:\/\/factory.sale\/fi\/tuote\/jatti-laatikko\/","title":{"rendered":"J\u00c4TTILAATIKKO"},"content":{"rendered":"<p><strong>LIS\u00c4TIEDOT:<\/strong><\/p>\n<p>\u25cf Saatavilla olevat lajit: Saarni, Koivu<br \/>\n\u25cf Kosteus: Alle 18%<br \/>\n\u25cf Saatavien klapien pituus: 23-25 cm, 28-30 cm<br \/>\n\u25cf FSC-sertifikaatti (pyynn\u00f6st\u00e4)<br \/>\n\u25cf Paino: 980 \u2013 1052 kg (riippuu lajista)<br \/>\n\u25cf Laatikon mitat (ulkoiset): 118 cm x 110 cm x 200 cm<br \/>\n\u25cf 4-suuntainen puinen lava<br \/>\n\u25cf 24 laatikkoa \/ kuorma-auto (riippuu painosta)<\/p>\n","protected":false},"excerpt":{"rendered":"<p>\u25cf Riitt\u00e4v\u00e4sti s\u00e4ilytystilaa pit\u00e4m\u00e4\u00e4n sinut l\u00e4mpim\u00e4n\u00e4 pitk\u00e4\u00e4n<br \/>\n\u25cf Erinomainen hinta-laatusuhde<br \/>\n\u25cf K\u00e4tev\u00e4 s\u00e4ilytt\u00e4\u00e4<\/p>\n","protected":false},"featured_media":10916,"comment_status":"open","ping_status":"closed","template":"","meta":{"_acf_changed":false},"factory":[],"free-shipment":[],"product_brand":[],"product_cat":[1328,997],"product_tag":[617],"class_list":{"0":"post-16468","1":"product","2":"type-product","3":"status-publish","4":"has-post-thumbnail","6":"product_cat-lammitysmateriaalit","7":"product_cat-piha-puutarha-fi","8":"product_tag-wood-fi","10":"first","11":"instock","12":"sale","13":"taxable","14":"shipping-taxable","15":"purchasable","16":"product-type-simple"},"acf":[],"_links":{"self":[{"href":"https:\/\/factory.sale\/fi\/wp-json\/wp\/v2\/product\/16468","targetHints":{"allow":["GET"]}}],"collection":[{"href":"https:\/\/factory.sale\/fi\/wp-json\/wp\/v2\/product"}],"about":[{"href":"https:\/\/factory.sale\/fi\/wp-json\/wp\/v2\/types\/product"}],"replies":[{"embeddable":true,"href":"https:\/\/factory.sale\/fi\/wp-json\/wp\/v2\/comments?post=16468"}],"wp:featuredmedia":[{"embeddable":true,"href":"https:\/\/factory.sale\/fi\/wp-json\/wp\/v2\/media\/10916"}],"wp:attachment":[{"href":"https:\/\/factory.sale\/fi\/wp-json\/wp\/v2\/media?parent=16468"}],"wp:term":[{"taxonomy":"factory","embeddable":true,"href":"https:\/\/factory.sale\/fi\/wp-json\/wp\/v2\/factory?post=16468"},{"taxonomy":"free-shipment","embeddable":true,"href":"https:\/\/factory.sale\/fi\/wp-json\/wp\/v2\/free-shipment?post=16468"},{"taxonomy":"product_brand","embeddable":true,"href":"https:\/\/factory.sale\/fi\/wp-json\/wp\/v2\/product_brand?post=16468"},{"taxonomy":"product_cat","embeddable":true,"href":"https:\/\/factory.sale\/fi\/wp-json\/wp\/v2\/product_cat?post=16468"},{"taxonomy":"product_tag","embeddable":true,"href":"https:\/\/factory.sale\/fi\/wp-json\/wp\/v2\/product_tag?post=16468"}],"curies":[{"name":"wp","href":"https:\/\/api.w.org\/{rel}","templated":true}]}}