{"id":16466,"date":"2022-07-26T11:00:42","date_gmt":"2022-12-03T20:38:19","guid":{"rendered":"https:\/\/factory.sale\/?post_type=product&#038;p=16466"},"modified":"2024-06-29T12:45:53","modified_gmt":"2024-06-29T12:45:53","slug":"ekonominen-laatikko","status":"publish","type":"product","link":"https:\/\/factory.sale\/fi\/tuote\/ekonominen-laatikko\/","title":{"rendered":"EKONOMINEN LAATIKKO"},"content":{"rendered":"<p><strong>LIS\u00c4TIEDOT:<\/strong><\/p>\n<p>\u25cf Saatavilla olevat lajit: Saarni, Koivu<br \/>\n\u25cf Kosteus: Alle 18%<br \/>\n\u25cf Saatavien klapien pituus: 23-25 cm, 28-30 cm<br \/>\n\u25cf FSC-sertifikaatti (pyynn\u00f6st\u00e4)<br \/>\n\u25cf Paino: 760 \u2013 800kg (riippuu lajista)<br \/>\n\u25cf Koko: 2m3<br \/>\n\u25cf Laatikon mitat (ulkoiset): 118cm x 82cm x 200cm<br \/>\n\u25cf 4-suuntainen puinen lava<br \/>\n\u25cf 30-32 laatikkoa \/ kuorma-auto (riippuu painosta)<\/p>\n","protected":false},"excerpt":{"rendered":"<p>\u25cf Riitt\u00e4v\u00e4sti s\u00e4ilytystilaa pit\u00e4m\u00e4\u00e4n sinut l\u00e4mpim\u00e4n\u00e4 pitk\u00e4\u00e4n<br \/>\n\u25cf Erinomainen hinta-laatusuhde<br \/>\n\u25cf K\u00e4tev\u00e4 s\u00e4ilytt\u00e4\u00e4<\/p>\n","protected":false},"featured_media":10901,"comment_status":"open","ping_status":"closed","template":"","meta":{"_acf_changed":false},"factory":[],"free-shipment":[],"product_brand":[],"product_cat":[1328,1328,997,997],"product_tag":[617,617],"class_list":{"0":"post-16466","1":"product","2":"type-product","3":"status-publish","4":"has-post-thumbnail","6":"product_cat-lammitysmateriaalit","8":"product_cat-piha-puutarha-fi","10":"product_tag-wood-fi","13":"first","14":"instock","15":"sale","16":"taxable","17":"shipping-taxable","18":"purchasable","19":"product-type-simple"},"acf":[],"_links":{"self":[{"href":"https:\/\/factory.sale\/fi\/wp-json\/wp\/v2\/product\/16466","targetHints":{"allow":["GET"]}}],"collection":[{"href":"https:\/\/factory.sale\/fi\/wp-json\/wp\/v2\/product"}],"about":[{"href":"https:\/\/factory.sale\/fi\/wp-json\/wp\/v2\/types\/product"}],"replies":[{"embeddable":true,"href":"https:\/\/factory.sale\/fi\/wp-json\/wp\/v2\/comments?post=16466"}],"wp:featuredmedia":[{"embeddable":true,"href":"https:\/\/factory.sale\/fi\/wp-json\/wp\/v2\/media\/10901"}],"wp:attachment":[{"href":"https:\/\/factory.sale\/fi\/wp-json\/wp\/v2\/media?parent=16466"}],"wp:term":[{"taxonomy":"factory","embeddable":true,"href":"https:\/\/factory.sale\/fi\/wp-json\/wp\/v2\/factory?post=16466"},{"taxonomy":"free-shipment","embeddable":true,"href":"https:\/\/factory.sale\/fi\/wp-json\/wp\/v2\/free-shipment?post=16466"},{"taxonomy":"product_brand","embeddable":true,"href":"https:\/\/factory.sale\/fi\/wp-json\/wp\/v2\/product_brand?post=16466"},{"taxonomy":"product_cat","embeddable":true,"href":"https:\/\/factory.sale\/fi\/wp-json\/wp\/v2\/product_cat?post=16466"},{"taxonomy":"product_tag","embeddable":true,"href":"https:\/\/factory.sale\/fi\/wp-json\/wp\/v2\/product_tag?post=16466"}],"curies":[{"name":"wp","href":"https:\/\/api.w.org\/{rel}","templated":true}]}}