{"id":16464,"date":"2022-07-27T06:34:08","date_gmt":"2022-12-03T20:32:06","guid":{"rendered":"https:\/\/factory.sale\/?post_type=product&#038;p=16464"},"modified":"2025-03-20T20:37:40","modified_gmt":"2025-03-20T17:37:40","slug":"kuivat-polttopuut-1-iso-sakki-13-m3-polttopuut-koivu","status":"publish","type":"product","link":"https:\/\/factory.sale\/fi\/tuote\/kuivat-polttopuut-1-iso-sakki-13-m3-polttopuut-koivu\/","title":{"rendered":"Kuivat polttopuut, 1 iso s\u00e4kki 1,3 m3 polttopuita koivusta"},"content":{"rendered":"<p>\u25cf Eritt\u00e4in kuivia, pilkottuja polttopuita 1,3m3 s\u00e4keiss\u00e4<br \/>\n\u25cf Yhdess\u00e4 s\u00e4kiss\u00e4 voi olla l\u00e4mp\u00f6arvoltaan erityyppisi\u00e4 parhaita klapeja lehtipuusta: saarni, koivu tai tammi<br \/>\n\u25cf T\u00e4ydellinen takkaan, tulisijoille, nuotioille ja ruoanlaittoon (BBQ, pizzan leivonta jne.)<\/p>\n<p>Laatuluokka II \u2013 polttopuiden koko voi vaihdella:<br \/>\n\u25cf Polttopuiden pituus &#8211; 20 cm &#8211; 30 cm<br \/>\n\u25cf Polttopuiden halkaisija &#8211; 6 cm &#8211; 19 cm<br \/>\n\u25cf Polttopuiden muoto vaihtelee (katso tuotteen kuva)<br \/>\n\u25cf K\u00e4sitelty korkeissa l\u00e4mp\u00f6tiloissa, joten kuivuuden lis\u00e4ksi klapit eiv\u00e4t sis\u00e4ll\u00e4 pieni\u00e4 tuholaisia, joita tiivist\u00e4m\u00e4tt\u00f6m\u00e4st\u00e4 puusta l\u00f6ytyy. T\u00e4m\u00e4n ansiosta polttopuita voidaan varastoida my\u00f6s talon sis\u00e4ll\u00e4 ilman vaaraa, ett\u00e4 tuholaiset siirtyv\u00e4t talon puurakenteisiin.<\/p>\n<p>&nbsp;<\/p>\n<p><em>Pussi sis\u00e4lt\u00e4\u00e4 1,3 m3 kuivattua polttopuuta, minimim\u00e4\u00e4r\u00e4 10 pussia<\/em><\/p>\n","protected":false},"excerpt":{"rendered":"<p><strong>Kuiva, hehkuva, k\u00e4ytt\u00f6valmis!<\/strong><\/p>\n<p>K\u00e4sitelty korkeissa l\u00e4mp\u00f6tiloissa, joten kuivuuden lis\u00e4ksi klapit eiv\u00e4t sis\u00e4ll\u00e4 pieni\u00e4 tuholaisia, joita tiivist\u00e4m\u00e4tt\u00f6m\u00e4st\u00e4 puusta l\u00f6ytyy. T\u00e4m\u00e4n ansiosta polttopuita voidaan varastoida my\u00f6s talon sis\u00e4ll\u00e4 ilman vaaraa, ett\u00e4 tuholaiset siirtyv\u00e4t talon puurakenteisiin.<\/p>\n","protected":false},"featured_media":67765,"comment_status":"open","ping_status":"closed","template":"","meta":{"_acf_changed":false},"factory":[],"free-shipment":[],"product_brand":[],"product_cat":[1325,1328],"product_tag":[617],"class_list":{"0":"post-16464","1":"product","2":"type-product","3":"status-publish","4":"has-post-thumbnail","6":"product_cat-lammitys-vesi-ja-ilmanvaihto","7":"product_cat-lammitysmateriaalit","8":"product_tag-wood-fi","10":"first","11":"instock","12":"sale","13":"taxable","14":"shipping-taxable","15":"purchasable","16":"product-type-simple"},"acf":[],"_links":{"self":[{"href":"https:\/\/factory.sale\/fi\/wp-json\/wp\/v2\/product\/16464","targetHints":{"allow":["GET"]}}],"collection":[{"href":"https:\/\/factory.sale\/fi\/wp-json\/wp\/v2\/product"}],"about":[{"href":"https:\/\/factory.sale\/fi\/wp-json\/wp\/v2\/types\/product"}],"replies":[{"embeddable":true,"href":"https:\/\/factory.sale\/fi\/wp-json\/wp\/v2\/comments?post=16464"}],"wp:featuredmedia":[{"embeddable":true,"href":"https:\/\/factory.sale\/fi\/wp-json\/wp\/v2\/media\/67765"}],"wp:attachment":[{"href":"https:\/\/factory.sale\/fi\/wp-json\/wp\/v2\/media?parent=16464"}],"wp:term":[{"taxonomy":"factory","embeddable":true,"href":"https:\/\/factory.sale\/fi\/wp-json\/wp\/v2\/factory?post=16464"},{"taxonomy":"free-shipment","embeddable":true,"href":"https:\/\/factory.sale\/fi\/wp-json\/wp\/v2\/free-shipment?post=16464"},{"taxonomy":"product_brand","embeddable":true,"href":"https:\/\/factory.sale\/fi\/wp-json\/wp\/v2\/product_brand?post=16464"},{"taxonomy":"product_cat","embeddable":true,"href":"https:\/\/factory.sale\/fi\/wp-json\/wp\/v2\/product_cat?post=16464"},{"taxonomy":"product_tag","embeddable":true,"href":"https:\/\/factory.sale\/fi\/wp-json\/wp\/v2\/product_tag?post=16464"}],"curies":[{"name":"wp","href":"https:\/\/api.w.org\/{rel}","templated":true}]}}