{"id":16450,"date":"2022-08-26T08:13:15","date_gmt":"2022-12-03T18:39:16","guid":{"rendered":"https:\/\/factory.sale\/?post_type=product&#038;p=16450"},"modified":"2024-10-08T09:07:43","modified_gmt":"2024-10-08T06:07:43","slug":"bulder-takka-colorado-00-keittolevylla-ja-lasiovella-7-putkea","status":"publish","type":"product","link":"https:\/\/factory.sale\/fi\/tuote\/bulder-takka-colorado-00-keittolevylla-ja-lasiovella-7-putkea\/","title":{"rendered":"BULDER TAKKA Colorado 00 KEITTOLEVYLL\u00c4 JA LASIOVELLA (7 PUTKEA)"},"content":{"rendered":"<p>Bulder takka Colorado 00 keittolevyll\u00e4 ja lasilla (7 putkea) on kiinte\u00e4ll\u00e4 polttoaineella toimiva<br \/>\nilmanl\u00e4mmitin, jota voidaan k\u00e4ytt\u00e4\u00e4 sek\u00e4 asuin- ett\u00e4 teollisuustilojen l\u00e4mmitykseen. L\u00e4mp\u00f6 jakautuu<br \/>\ntasaisesti koko l\u00e4mmitett\u00e4v\u00e4\u00e4n tilaan ilman puhaltimen apua. Kylm\u00e4 ilma tunkeutuu putkiin, jossa se<br \/>\nl\u00e4mpenee 60-80 asteeseen ja virtaa sitten ulos l\u00e4mmitett\u00e4v\u00e4\u00e4n huoneeseen. K\u00e4ytt\u00f6kohteet ovat erilaisia:<br \/>\nkes\u00e4m\u00f6kit, varastot, ty\u00f6pajat, kaupat, asuinrakennukset jne. ilmatilavuudella 1300 M3 asti. Esimerkiksi<br \/>\npienin takkatyyppi tuottaa 4,5 m3 l\u00e4mmint\u00e4 ilmaa minuutissa. Bulder takkaa voidaan k\u00e4ytt\u00e4\u00e4<br \/>\nvaral\u00e4mmityksen\u00e4 rinnakkain muiden l\u00e4mmittimien kanssa.<\/p>\n<p>&nbsp;<\/p>\n<p>&nbsp;<\/p>\n<p><strong>Lis\u00e4tiedot:<\/strong><\/p>\n<ul>\n<li>Tuotekoodi: 6001069<\/li>\n<li>L\u00e4mmitett\u00e4v\u00e4 tila m3: 130 m3<\/li>\n<li>Paino: 70 kg<\/li>\n<li>Mitat: syvyys\/korkeus\/leveys: 695 \u0445 490 \u0445 665 mm<\/li>\n<li>L\u00e4mmitysteho kw: 7 kW<\/li>\n<li>Savuputken halkaisija 120 mm<\/li>\n<li>Klapien pituus 370mm<\/li>\n<\/ul>\n<p><em>CE sertifikaatti<\/em><\/p>\n<p>Ilmanl\u00e4mmittimen toiminta perustuu kiinte\u00e4n polttoaineen hehkuen palamiseen 2-kammioisessa tulisijassa.<br \/>\nHehkuen palamisen tuloksena alemmassa kammiossa kehittyy savukaasuja, ylemm\u00e4ss\u00e4 vain niiden loppuun<br \/>\npalaminen. Dakota ilmanl\u00e4mmitin koostuu kaksikammioisesta tulisijasta, jonka ymp\u00e4rille on asennettu<br \/>\nilmaputket, savupelti, ilmans\u00e4\u00e4din ja takkaluukku. L\u00e4mmitett\u00e4v\u00e4 ilma tunkeutuu sis\u00e4\u00e4n putken alaosasta,<br \/>\nkuumenee ja virtaa tasaisesti l\u00e4mmitett\u00e4v\u00e4\u00e4n tilaan. Ilman l\u00e4mp\u00f6tila ei vaihtele tilassa suuresti, sill\u00e4<br \/>\nilmanl\u00e4mmitin varmistaa ilman liikkumisen. Polttoaineen palaminen tapahtuu tulisijan molemmissa<br \/>\nkammioissa.<br \/>\nKaasut, jotka eiv\u00e4t pala kokonaan alemmassa kammiossa, nousevat yl\u00e4osaan, miss\u00e4 ne palavat loppuun<br \/>\nilma-aukon kautta sinne tulevan lis\u00e4ilman ansiosta. T\u00e4llainen takkarakenne takaa polttoaineen tehokkaan<br \/>\nk\u00e4yt\u00f6n ja korkean hy\u00f6tysuhteen (75 %). Ilmanl\u00e4mmitin Dakota (Bulder) on valmistettu korkealaatuisesta<br \/>\nkattilater\u00e4ksest\u00e4, mik\u00e4 oikein k\u00e4ytettyn\u00e4 varmistaa sen pitk\u00e4n k\u00e4ytt\u00f6i\u00e4n (v\u00e4hint\u00e4\u00e4n 15 vuotta). Bulderin<br \/>\ntehoa muutetaan tulisijan ovessa sijaitsevalla s\u00e4\u00e4timell\u00e4. Puulla l\u00e4mmitett\u00e4ess\u00e4 ilmanl\u00e4mmitin toimii yli 8<br \/>\ntuntia t\u00e4yteen ladatulla tulisijalla. Tulisijan suuri ovi ja tilava polttokammio helpottavat l\u00e4mmitt\u00e4mist\u00e4 ja<br \/>\nmahdollistavat my\u00f6s hyvin tukevien halkojen k\u00e4yt\u00f6n l\u00e4mmitykseen. Dakota (Bulder) ilmanl\u00e4mmittimen<br \/>\nl\u00e4mmityskulut ovat huomattavasti pienempi\u00e4 kuin perinteisen takan.<\/p>\n<p>&nbsp;<\/p>\n<p>&nbsp;<\/p>\n<p>&nbsp;<\/p>\n<p><a href=\"https:\/\/factory.sale\/wp-content\/uploads\/2022\/08\/ohje_Polar_FIN.pdf\" target=\"_blank\" rel=\"noopener\">Manuaalinen<\/a><\/p>\n<p><a href=\"https:\/\/factory.sale\/wp-content\/uploads\/2022\/08\/Certificate-of-conformity.pdf\" target=\"_blank\" rel=\"noopener\">Certificate-of-conformity.pdf<\/a><\/p>\n","protected":false},"excerpt":{"rendered":"<p>Bulder -takka &#8216;Colorado 00&#8217; on kiinte\u00e4ll\u00e4 polttoaineella toimiva<br \/>\nilmanl\u00e4mmitin, jota voidaan k\u00e4ytt\u00e4\u00e4 sek\u00e4 asuin- ett\u00e4 teollisuustilojen l\u00e4mmitykseen.<\/p>\n","protected":false},"featured_media":24484,"comment_status":"open","ping_status":"closed","template":"","meta":{"_acf_changed":false},"factory":[],"free-shipment":[],"product_brand":[],"product_cat":[2312,1325,1329],"product_tag":[],"class_list":{"0":"post-16450","1":"product","2":"type-product","3":"status-publish","4":"has-post-thumbnail","6":"product_cat-bulder-uunit","7":"product_cat-lammitys-vesi-ja-ilmanvaihto","8":"product_cat-uunit","10":"first","11":"instock","12":"sale","13":"taxable","14":"shipping-taxable","15":"purchasable","16":"product-type-simple"},"acf":[],"_links":{"self":[{"href":"https:\/\/factory.sale\/fi\/wp-json\/wp\/v2\/product\/16450","targetHints":{"allow":["GET"]}}],"collection":[{"href":"https:\/\/factory.sale\/fi\/wp-json\/wp\/v2\/product"}],"about":[{"href":"https:\/\/factory.sale\/fi\/wp-json\/wp\/v2\/types\/product"}],"replies":[{"embeddable":true,"href":"https:\/\/factory.sale\/fi\/wp-json\/wp\/v2\/comments?post=16450"}],"wp:featuredmedia":[{"embeddable":true,"href":"https:\/\/factory.sale\/fi\/wp-json\/wp\/v2\/media\/24484"}],"wp:attachment":[{"href":"https:\/\/factory.sale\/fi\/wp-json\/wp\/v2\/media?parent=16450"}],"wp:term":[{"taxonomy":"factory","embeddable":true,"href":"https:\/\/factory.sale\/fi\/wp-json\/wp\/v2\/factory?post=16450"},{"taxonomy":"free-shipment","embeddable":true,"href":"https:\/\/factory.sale\/fi\/wp-json\/wp\/v2\/free-shipment?post=16450"},{"taxonomy":"product_brand","embeddable":true,"href":"https:\/\/factory.sale\/fi\/wp-json\/wp\/v2\/product_brand?post=16450"},{"taxonomy":"product_cat","embeddable":true,"href":"https:\/\/factory.sale\/fi\/wp-json\/wp\/v2\/product_cat?post=16450"},{"taxonomy":"product_tag","embeddable":true,"href":"https:\/\/factory.sale\/fi\/wp-json\/wp\/v2\/product_tag?post=16450"}],"curies":[{"name":"wp","href":"https:\/\/api.w.org\/{rel}","templated":true}]}}