{"id":16446,"date":"2022-01-20T09:03:42","date_gmt":"2022-12-03T18:18:26","guid":{"rendered":"https:\/\/factory.sale\/?post_type=product&#038;p=16446"},"modified":"2024-06-30T09:03:52","modified_gmt":"2024-06-30T09:03:52","slug":"juotetut-levylammonvaihtimet-gbs-sarja","status":"publish","type":"product","link":"https:\/\/factory.sale\/fi\/tuote\/juotetut-levylammonvaihtimet-gbs-sarja\/","title":{"rendered":"JUOTETUT LEVYL\u00c4MM\u00d6NVAIHTIMET GBS SARJA"},"content":{"rendered":"<p>[vc_row][vc_column][vc_column_text]Maailmanlaajuisena levyl\u00e4mm\u00f6nvaihtimien suunnittelun ja valmistuksen teknologiajohtajana<br \/>\ntuotevalikoimamme on yksi markkinoiden laajimmista. Tiivisteellisten, juotettujen ja kokonaan hitsattujen<br \/>\nlevyl\u00e4mm\u00f6nvaihtimien lis\u00e4ksi tuotevalikoimaamme kuuluu my\u00f6s ainutlaatuisia prosessi optimoituja malleja<br \/>\nerikoistoiminnoilla. T\u00e4m\u00e4 tekee meist\u00e4 alamme asiantuntijan, joka tarjoaa sek\u00e4 valmiita ett\u00e4 r\u00e4\u00e4t\u00e4l\u00f6ityj\u00e4<br \/>\nratkaisuja j\u00e4rjestelmiisi.<br \/>\nJuotetut levyl\u00e4mm\u00f6nvaihtimemme tarjoavat r\u00e4\u00e4t\u00e4l\u00f6idyt ratkaisut monenlaisiin j\u00e4rjestelmiin. Juotetun<br \/>\nlevyl\u00e4mm\u00f6nvaihdin sarjamme automatisoidun tuotannon ja kompaktin suunnittelun ansiosta voimme koota<br \/>\nsinulle yksil\u00f6llisen l\u00e4mm\u00f6nvaihtimen eritt\u00e4in lyhyess\u00e4 ajassa. Uusin teknologia ja vuosikymmenten kokemus<br \/>\nonnistuneista kokonaisuuksista takaavat korkeimman laadun, kustannustehokkuuden ja luotettavuuden.<br \/>\nJos pid\u00e4t joustavaa mitoitusta ja kehittynytt\u00e4 tekniikkaa t\u00e4rke\u00e4n\u00e4, GBS-levyl\u00e4mm\u00f6nvaihtimet ovat sinulle<br \/>\nparas valinta. N\u00e4m\u00e4 juotetut monipuoliset l\u00e4mm\u00f6nvaihtimet sopivat ihanteellisesti kaikenkokoisiin<br \/>\nj\u00e4rjestelmiin joissa paine on enint\u00e4\u00e4n 40 baaria -196\u00b0C &#8211; +200\u00b0C asteessa. T\u00e4m\u00e4 tuo j\u00e4rjestelmiin laadun,<br \/>\ntaloudellisen tehokkuuden ja erinomaisen l\u00e4mp\u00f6tehon.<\/p>\n<p>GBS-sarjan tuotteet ovat luotettavia ja monipuolisia l\u00e4mm\u00f6nvaihtimia Kelvionin juotettujen<br \/>\nlevyl\u00e4mm\u00f6nvaihtimien joukossa. Uusin teknologia ja vuosikymmenten kokemus onnistuneista j\u00e4rjestelmist\u00e4<br \/>\ntakaavat korkeimman laadun, kustannustehokkuuden ja luotettavuuden. Varustettu erinomaisiksi<br \/>\ntodistetuilla teknisill\u00e4 ominaisuuksilla, kuten Safety ChamberTM, Delta InjectionTM ja Full-Flow SystemTM,<br \/>\nyksik\u00f6t ovat ihanteellisia kaikenkokoisiin j\u00e4rjestelmiin joissa on max. 200 \u00b0C \/ 392 \u00b0F ja jopa 40 baaria \/<br \/>\n580 psi. Tuotevalikoima tarjoaa my\u00f6s laajimman valikoiman ja joustavuuden kokojen, erilaisten liit\u00e4nt\u00f6jen,<br \/>\nvirtausj\u00e4rjestelmien ja lis\u00e4varusteiden suhteen. GBS-sarjan l\u00e4mm\u00f6nvaihtimet ovat siis aina oikea ratkaisu<br \/>\nk\u00e4ytt\u00f6olosuhteisiisi.<\/p>\n<p><strong>Etusi:<\/strong><br \/>\n\u22b2 Suurin joustavuus<br \/>\n\u22b2 Kompakti muotoilu<br \/>\n\u22b2 Optimaalinen automuotoilu<br \/>\n\u22b2 Laaja valikoima sovelluksia<br \/>\n\u22b2 Vankka rakenne<br \/>\n\u22b2 Eritelmien mukaan tehty l\u00e4mm\u00f6nvaihdin<br \/>\nEsimerkkihinnasto eri malleille: (v\u00e4rillinen X tarkoittaa, ett\u00e4 mallissa on eristys)<br \/>\nTarvitsemme seuraavat tiedot, ett\u00e4 voimme valita sinulle optimaalisen l\u00e4mm\u00f6nvaihtimen:<br \/>\n\u22b2 Tarvittava l\u00e4mp\u00f6tila<br \/>\n\u22b2 Virtausnopeudet tai tarvittava l\u00e4mp\u00f6kuorma<br \/>\n\u22b2 Suurin sallittu paineh\u00e4vi\u00f6<br \/>\n\u22b2 Vaaditut ty\u00f6olosuhteet<\/p>\n<p>&nbsp;<\/p>\n<p>[\/vc_column_text][\/vc_column][\/vc_row][vc_row][vc_column]<div class=\"video-wrapper \"><iframe loading=\"lazy\" title=\"Kelvion Brazed PHE Production in Wilchwitz, Germany\" width=\"500\" height=\"281\" src=\"https:\/\/www.youtube.com\/embed\/g_VL5oA0O54?feature=oembed\" frameborder=\"0\" allow=\"accelerometer; autoplay; clipboard-write; encrypted-media; gyroscope; picture-in-picture; web-share\" referrerpolicy=\"strict-origin-when-cross-origin\" allowfullscreen><\/iframe><\/div>[\/vc_column][\/vc_row]<\/p>\n","protected":false},"excerpt":{"rendered":"<p>Juotettu monipuolinen l\u00e4mm\u00f6nvaihdin, jota voidaan k\u00e4ytt\u00e4\u00e4 j\u00e4rjestelmiss\u00e4, joiden paine on enint\u00e4\u00e4n 31<br \/>\nbaaria ja +200\u00b0C astetta.<\/p>\n<p><strong>Soveltuvuus:<\/strong><\/p>\n<p>\u22b2 L\u00e4mmitys\/k\u00e4ytt\u00f6vesij\u00e4rjestelm\u00e4t<br \/>\n\u22b2 Lattial\u00e4mmitys<br \/>\n\u22b2 J\u00e4\u00e4hdyttimet ja lauhduttimet<br \/>\n\u22b2 Ekonomaiseri<br \/>\n\u22b2 Kylm\u00e4aineen h\u00f6yrystin<br \/>\n\u22b2 \u00d6ljynj\u00e4\u00e4hdyttimet ja monet muut teolliset j\u00e4rjestelm\u00e4t<\/p>\n","protected":false},"featured_media":5600,"comment_status":"open","ping_status":"closed","template":"","meta":{"_acf_changed":false},"factory":[],"free-shipment":[],"product_brand":[],"product_cat":[1325,1327],"product_tag":[],"class_list":{"0":"post-16446","1":"product","2":"type-product","3":"status-publish","4":"has-post-thumbnail","6":"product_cat-lammitys-vesi-ja-ilmanvaihto","7":"product_cat-lammonvaihdin","9":"first","10":"instock","11":"sale","12":"taxable","13":"shipping-taxable","14":"purchasable","15":"product-type-simple"},"acf":[],"_links":{"self":[{"href":"https:\/\/factory.sale\/fi\/wp-json\/wp\/v2\/product\/16446","targetHints":{"allow":["GET"]}}],"collection":[{"href":"https:\/\/factory.sale\/fi\/wp-json\/wp\/v2\/product"}],"about":[{"href":"https:\/\/factory.sale\/fi\/wp-json\/wp\/v2\/types\/product"}],"replies":[{"embeddable":true,"href":"https:\/\/factory.sale\/fi\/wp-json\/wp\/v2\/comments?post=16446"}],"wp:featuredmedia":[{"embeddable":true,"href":"https:\/\/factory.sale\/fi\/wp-json\/wp\/v2\/media\/5600"}],"wp:attachment":[{"href":"https:\/\/factory.sale\/fi\/wp-json\/wp\/v2\/media?parent=16446"}],"wp:term":[{"taxonomy":"factory","embeddable":true,"href":"https:\/\/factory.sale\/fi\/wp-json\/wp\/v2\/factory?post=16446"},{"taxonomy":"free-shipment","embeddable":true,"href":"https:\/\/factory.sale\/fi\/wp-json\/wp\/v2\/free-shipment?post=16446"},{"taxonomy":"product_brand","embeddable":true,"href":"https:\/\/factory.sale\/fi\/wp-json\/wp\/v2\/product_brand?post=16446"},{"taxonomy":"product_cat","embeddable":true,"href":"https:\/\/factory.sale\/fi\/wp-json\/wp\/v2\/product_cat?post=16446"},{"taxonomy":"product_tag","embeddable":true,"href":"https:\/\/factory.sale\/fi\/wp-json\/wp\/v2\/product_tag?post=16446"}],"curies":[{"name":"wp","href":"https:\/\/api.w.org\/{rel}","templated":true}]}}