{"id":16442,"date":"2022-01-24T19:46:11","date_gmt":"2022-12-03T17:48:14","guid":{"rendered":"https:\/\/factory.sale\/?post_type=product&#038;p=16442"},"modified":"2024-06-30T01:46:21","modified_gmt":"2024-06-30T01:46:21","slug":"juotettu-levylammonvaihdin-gbe-gke-sarja","status":"publish","type":"product","link":"https:\/\/factory.sale\/fi\/tuote\/juotettu-levylammonvaihdin-gbe-gke-sarja\/","title":{"rendered":"JUOTETTU LEVYL\u00c4MM\u00d6NVAIHDIN GBE-GKE SARJA"},"content":{"rendered":"<p>[vc_row][vc_column][vc_column_text]Maailmanlaajuisena levyl\u00e4mm\u00f6nvaihtimien suunnittelun ja valmistuksen teknologiajohtajana<br \/>\ntuotevalikoimamme on yksi markkinoiden laajimmista. Tiivisteellisten, juotettujen ja kokonaan hitsattujen<br \/>\nlevyl\u00e4mm\u00f6nvaihtimien lis\u00e4ksi tuotevalikoimaamme kuuluu my\u00f6s ainutlaatuisia prosessi optimoituja malleja<br \/>\nerikoistoiminnoilla. T\u00e4m\u00e4 tekee meist\u00e4 alamme asiantuntijan, joka tarjoaa sek\u00e4 valmiita ett\u00e4 r\u00e4\u00e4t\u00e4l\u00f6ityj\u00e4<br \/>\nratkaisuja j\u00e4rjestelmiisi.<br \/>\nJuotetut levyl\u00e4mm\u00f6nvaihtimemme tarjoavat r\u00e4\u00e4t\u00e4l\u00f6idyt ratkaisut monenlaisiin j\u00e4rjestelmiin. Juotetun<br \/>\nlevyl\u00e4mm\u00f6nvaihdin sarjamme automatisoidun tuotannon ja kompaktin suunnittelun ansiosta voimme koota<\/p>\n<p>sinulle yksil\u00f6llisen l\u00e4mm\u00f6nvaihtimen eritt\u00e4in lyhyess\u00e4 ajassa. Uusin teknologia ja vuosikymmenten kokemus<br \/>\nonnistuneista kokonaisuuksista takaavat korkeimman laadun, kustannustehokkuuden ja luotettavuuden.<br \/>\nLevyl\u00e4mm\u00f6nvaihtimemme tarjoavat taloudellisen ratkaisun hajautettuihin kuumavesij\u00e4rjestelmiin,<br \/>\nerotusj\u00e4rjestelmiin ja erilaisiin uudistaviin j\u00e4rjestelmiin. N\u00e4ill\u00e4 l\u00e4mp\u00f6tehokkailla levyl\u00e4mm\u00f6nvaihtimilla<br \/>\nsaavutat kaiken pieness\u00e4 koossa ja painossa, saat maksimaalisen tehokkuuden, laadun ja kannattavuuden.<br \/>\nGBE\/GKE-sarjat ovat kompakteja juotettuja levyl\u00e4mm\u00f6nvaihtimia, jotka on suunniteltu hydroniikkaan ja<br \/>\njotka sopivat t\u00e4ydellisesti j\u00e4rjestelmiin, joissa paine on enint\u00e4\u00e4n 30 baaria\/435 psi ja max. 200\u00b0C\/392\u00b0F.<br \/>\nLevyl\u00e4mm\u00f6nvaihtimemme tarjoavat taloudellisen ratkaisun hajautettuihin kuumavesij\u00e4rjestelmiin,<br \/>\nerotusj\u00e4rjestelmiin ja erilaisiin uudistaviin j\u00e4rjestelmiin. N\u00e4ill\u00e4 l\u00e4mp\u00f6tehokkailla levyl\u00e4mm\u00f6nvaihtimilla<br \/>\nsaavutat kaiken pieness\u00e4 koossa ja painossa, saat maksimaalisen tehokkuuden, laadun ja kannattavuuden.<\/p>\n<p><strong>Edut:<\/strong><\/p>\n<ul>\n<li>alhaiset investointikustannukset<\/li>\n<li>korkea tehokkuus<\/li>\n<li>kompakti muotoilu<\/li>\n<li>conbraze malli saatavilla<\/li>\n<li>modulaarinen rakenne<\/li>\n<li>Esimerkkihinnasto eri malleille: (v\u00e4rillinen X tarkoittaa, ett\u00e4 mallissa on eristys)<\/li>\n<li>Tarvitsemme seuraavat tiedot, ett\u00e4 voimme valita sinulle optimaalisen l\u00e4mm\u00f6nvaihtimen:<\/li>\n<li>Tarvittava l\u00e4mp\u00f6tila<\/li>\n<li>Virtausnopeudet tai tarvittava l\u00e4mp\u00f6kuorma<\/li>\n<li>Suurin sallittu paineh\u00e4vi\u00f6<\/li>\n<li>Vaaditut ty\u00f6olosuhteet<\/li>\n<\/ul>\n<p>&nbsp;<\/p>\n<p><strong>Esimerkkihinnasto eri malleille: (v\u00e4rillinen X tarkoittaa, ett\u00e4 t\u00e4ss\u00e4 mallissa on eristys)<\/strong><\/p>\n<table width=\"1141\">\n<tbody>\n<tr>\n<td rowspan=\"3\" width=\"85\">\u00a0 \u00a0KW<\/td>\n<td width=\"274\">90-33\/30-60 *C<\/td>\n<td rowspan=\"3\" width=\"65\">\u00a0PRICE<\/td>\n<td width=\"14\"><\/td>\n<td rowspan=\"3\" width=\"64\">\u00a0 KW<\/td>\n<td width=\"280\">70-20\/10-58 *C<\/td>\n<td rowspan=\"3\" width=\"53\">\u00a0PRICE<\/td>\n<td rowspan=\"3\" width=\"64\">\u00a0 \u00a0KW<\/td>\n<td width=\"174\">90-33\/30-35 *C<\/td>\n<td rowspan=\"3\" width=\"68\">PRICE<\/td>\n<\/tr>\n<tr>\n<td>20 \/ 20 kPa<\/td>\n<td><\/td>\n<td>20 \/ 20 kPa<\/td>\n<td>20 \/ 20 kPa<\/td>\n<\/tr>\n<tr>\n<td>Heating\/vent<\/td>\n<td><\/td>\n<td>Dhw (1-step or 2-step)<\/td>\n<td>Floorheating<\/td>\n<\/tr>\n<tr>\n<td>\u00a0 \u00a0 \u00a050<\/td>\n<td width=\"274\">GBE 240H-30 (E3,E4) X<br \/>\nGBS 240H-30 (EH1,EH2)B<br \/>\nISOL PUR 240-8\/30<\/td>\n<td width=\"65\">250.98<br \/>\n315.12<br \/>\n73,82<\/td>\n<td><\/td>\n<td>50<\/p>\n<p>&nbsp;<\/p>\n<p>&nbsp;<\/p>\n<p>100<\/td>\n<td width=\"280\">GBE 240H-40 (E3,E4) X<\/p>\n<p>GBS 525M-DS-15\/15 (XF1,XF2,XF3,XF4)<br \/>\nISOL PUR 525-30\/40 500-34\/44 550-44\/60<\/td>\n<td width=\"53\">295,30<\/p>\n<p>563,34<br \/>\n94,89<\/td>\n<td>\u00a0 \u00a020<\/td>\n<td width=\"174\">GBS 100M-30R (CG1,CG2) B<br \/>\nISOL PUR 100-24\/40<\/td>\n<td width=\"68\">185,76<br \/>\n57,99<\/td>\n<\/tr>\n<tr>\n<td>\u00a0 \u00a0 100<\/td>\n<td width=\"274\">GBE 240H-40 (E3,E4) X<br \/>\nGBS 240H-40 (EH1,EH2) B<br \/>\nISOL PUR 240-34\/50<\/td>\n<td width=\"65\">281.23<br \/>\n381.03<br \/>\n89,60<\/td>\n<td><\/td>\n<td>150<\/td>\n<td width=\"280\">GBS 525M-DS-25\/25 (XF1,XF2,XF3,XF4)<br \/>\nISOL PUR 525-44\/60 500-50\/70 550-70\/80<\/td>\n<td width=\"53\">767,19<br \/>\n102,80<\/td>\n<td>\u00a0 \u00a040<\/td>\n<td>GBE 400H-60 (F3,F4) X<\/td>\n<td>397,21<\/td>\n<\/tr>\n<tr>\n<td>\u00a0 \u00a0 150<\/td>\n<td width=\"274\">GBE 500H-40 (F3,F4) X<br \/>\nGBS 500H-40 (FGL1,FGL2) B<br \/>\nISOL PUR 525-30\/40 500-34\/44 550-44\/60<\/td>\n<td width=\"65\">401.58<br \/>\n482.51<br \/>\n94,89<\/td>\n<td><\/td>\n<td>200<\/td>\n<td width=\"280\">GBS 525L-DS-31\/31 (XF1,XF2,XF3,XF4)<br \/>\nISOL PUR 525-70\/90 500-80\/100 550-90\/140<\/td>\n<td width=\"53\">889,5<br \/>\n108,07<\/td>\n<td>\u00a0 \u00a060<\/td>\n<td>GBE 400H-90 (F3,F4) X<\/td>\n<td>531,72<\/td>\n<\/tr>\n<tr>\n<td>\u00a0 \u00a0 200<\/td>\n<td width=\"274\">GBE 500H-60 (F3,F4) X<br \/>\nGBS 500H-60 (FGL1,FGL2) B<br \/>\nISOL PUR 525-44\/60 500-50\/70 550-70\/80<\/td>\n<td width=\"65\">524.58<br \/>\n645.22<br \/>\n102,80<\/td>\n<td><\/td>\n<td>250<\/td>\n<td width=\"280\">GBS 525L-DS-41\/41 (XF1,XF2,XF3,XF4)<br \/>\nISOL PUR 525-70\/90 500-80\/100 550-90\/140<\/td>\n<td width=\"53\">1093,35<br \/>\n108,07<\/td>\n<td>80<\/td>\n<td>GBS 757L-30 (XG1,XG2) X<\/td>\n<td>1056,73<\/td>\n<\/tr>\n<tr>\n<td>\u00a0 \u00a0 250<\/td>\n<td width=\"274\">GBE 500H-70 (F3,F4) X<br \/>\nGBS 500H-70 (FGL1,FGL2) B<br \/>\nISOL PUR 525-44\/60 500-50\/70 550-70\/80<\/td>\n<td width=\"65\">568.08<br \/>\n726.57<br \/>\n102,80<\/td>\n<td><\/td>\n<td>300<\/td>\n<td width=\"280\">GBS 525L-DS-45\/45 (XF1,XF2,XF3,XF4)<br \/>\nISOL PUR 525-70\/90 500-80\/100 550-90\/140<\/td>\n<td width=\"53\">1174,89<br \/>\n108,07<\/td>\n<td>100<\/td>\n<td>GBS 757L-40 (XG1,XG2) X<\/td>\n<td>1240,70<\/td>\n<\/tr>\n<tr>\n<td>300<\/td>\n<td width=\"274\">GBE 500H-90 (F3,F4) X<br \/>\nGBS 500H-90 (FGL1,FGL2) B<br \/>\nISOL PUR 525-70\/90 500-80\/100 550-90\/140<\/td>\n<td width=\"65\">709.09<br \/>\n889.28<br \/>\n108,07<\/td>\n<td><\/td>\n<td>350<\/td>\n<td width=\"280\">GBS 700L-DS-29\/29 (GLZ1,GLZ2,GLZ3,GLZ4) B<br \/>\nISOL PUR 757-44\/50 700-44\/60<\/td>\n<td width=\"53\">1531,07<br \/>\n142,33<\/td>\n<td><\/td>\n<td><\/td>\n<td><\/td>\n<\/tr>\n<tr>\n<td>350<\/td>\n<td width=\"274\">GBE 500H-100 (F3,F4) X<br \/>\nGBS 500H-100 (FGL1,FGL2) B<br \/>\nISOL PUR 525-70\/90 500-80\/100 550-90\/140<\/td>\n<td width=\"65\">770.59<br \/>\n970.64<br \/>\n108,07<\/td>\n<td><\/td>\n<td>400<\/td>\n<td width=\"280\">GBS 700L-DS-37\/37 (GLZ1,GLZ2,GLZ3,GLZ4) B<br \/>\nISOL PUR 757-60\/90 700-70\/100<\/td>\n<td width=\"53\">1806,45<br \/>\n163,42<\/td>\n<td><\/td>\n<td><\/td>\n<td><\/td>\n<\/tr>\n<tr>\n<td>400<\/td>\n<td width=\"274\">GBS 700M-50 (GLZ1,GLZ2) B<br \/>\nISOL PUR 757-44\/50 700-44\/60<br \/>\nGBS 757H-50 (XG1,XG2) X<\/td>\n<td width=\"65\">1247.74<br \/>\n142,33<br \/>\n1424.66<\/td>\n<td><\/td>\n<td>500<\/td>\n<td width=\"280\">GBS 700L-DS-45\/45 (GLZ1,GLZ2,GLZ3,GLZ4) B<br \/>\nISOL PUR 757-60\/90 700-70\/100<\/td>\n<td width=\"53\">2081,82<br \/>\n163,42<\/td>\n<td><\/td>\n<td><\/td>\n<td><\/td>\n<\/tr>\n<tr>\n<td>450<\/td>\n<td width=\"274\">GBS 700M-50 (GLZ1,GLZ2) B<br \/>\nISOL PUR 757-44\/50 700-44\/60<br \/>\nGBS 757H-60 (XG1,XG2) X<\/td>\n<td width=\"65\">1247.74<br \/>\n142,33<br \/>\n1608.63<\/td>\n<td><\/td>\n<td>600<\/td>\n<td width=\"280\">GBS 700L-DS-51\/51 (GLZ1,GLZ2,GLZ3,GLZ4) B<br \/>\nISOL PUR 757-60\/90 700-70\/100<\/td>\n<td width=\"53\">2288,34<br \/>\n163,42<\/td>\n<td><\/td>\n<td><\/td>\n<td><\/td>\n<\/tr>\n<tr>\n<td>500<\/td>\n<td width=\"274\">GBS 700M-60 (GLZ1,GLZ2) B<br \/>\nISOL PUR 757-44\/50 700-44\/60<br \/>\nGBS 757H-60 (XG1,XG2) X<\/td>\n<td width=\"65\">1419.85<br \/>\n142,33<br \/>\n1608.63<\/td>\n<td><\/td>\n<td><\/td>\n<td><\/td>\n<td><\/td>\n<td><\/td>\n<td><\/td>\n<td><\/td>\n<\/tr>\n<tr>\n<td>600<\/td>\n<td width=\"274\">GBS 700M-70 (GLZ1,GLZ2) B<br \/>\nISOL PUR 757-60\/90 700-70\/100<br \/>\nGBS 757H-70 (XG1,XG2) X<\/td>\n<td width=\"65\">1591.95<br \/>\n163,42<br \/>\n1792.59<\/td>\n<td><\/td>\n<td><\/td>\n<td><\/td>\n<td><\/td>\n<td><\/td>\n<td><\/td>\n<td><\/td>\n<\/tr>\n<tr>\n<td>700<\/td>\n<td width=\"274\">GBS 700M-90 (GLZ1,GLZ2) B<br \/>\nISOL PUR 757-60\/90 700-70\/100<br \/>\nGBS 757H-90 (XG1,XG2) X<\/td>\n<td width=\"65\">1936.17<br \/>\n163,42<br \/>\n2160.52<\/td>\n<td><\/td>\n<td><\/td>\n<td><\/td>\n<td><\/td>\n<td><\/td>\n<td><\/td>\n<td><\/td>\n<\/tr>\n<tr>\n<td>800<\/td>\n<td width=\"274\">GBS 700M-100 (GLZ1,GLZ2) B<br \/>\nISOL PUR 757-60\/90 700-70\/100<br \/>\nGBS 757H-100 (XG1,XG2) X<\/td>\n<td width=\"65\">2108.27<br \/>\n163,42<br \/>\n2344.49<\/td>\n<td><\/td>\n<td><\/td>\n<td><\/td>\n<td><\/td>\n<td><\/td>\n<td><\/td>\n<td><\/td>\n<\/tr>\n<\/tbody>\n<\/table>\n<p>[\/vc_column_text][\/vc_column][\/vc_row][vc_row][vc_column]<div class=\"video-wrapper \"><iframe loading=\"lazy\" title=\"Kelvion Brazed PHE Production in Wilchwitz, Germany\" width=\"500\" height=\"281\" src=\"https:\/\/www.youtube.com\/embed\/g_VL5oA0O54?feature=oembed\" frameborder=\"0\" allow=\"accelerometer; autoplay; clipboard-write; encrypted-media; gyroscope; picture-in-picture; web-share\" referrerpolicy=\"strict-origin-when-cross-origin\" allowfullscreen><\/iframe><\/div>[\/vc_column][\/vc_row]<\/p>\n","protected":false},"excerpt":{"rendered":"<p>GBE\/GKE-sarjat ovat kompakteja juotettuja levyl\u00e4mm\u00f6nvaihtimia, jotka on suunniteltu hydroniikkaan ja<br \/>\njotka sopivat t\u00e4ydellisesti j\u00e4rjestelmiin, joissa paine on enint\u00e4\u00e4n 30 baaria\/435 psi ja max. 200\u00b0C\/392\u00b0F.<br \/>\nSoveltuvuus:<\/p>\n<ul>\n<li>Lattia- ja perinteinen l\u00e4mmitys<\/li>\n<li>Juomaveden l\u00e4mmitys<\/li>\n<li>Hydrauliset j\u00e4rjestelm\u00e4t alhaisella paineella<\/li>\n<\/ul>\n","protected":false},"featured_media":5600,"comment_status":"open","ping_status":"closed","template":"","meta":{"_acf_changed":false},"factory":[],"free-shipment":[],"product_brand":[],"product_cat":[1327],"product_tag":[],"class_list":{"0":"post-16442","1":"product","2":"type-product","3":"status-publish","4":"has-post-thumbnail","6":"product_cat-lammonvaihdin","8":"first","9":"instock","10":"sale","11":"taxable","12":"shipping-taxable","13":"purchasable","14":"product-type-simple"},"acf":[],"_links":{"self":[{"href":"https:\/\/factory.sale\/fi\/wp-json\/wp\/v2\/product\/16442","targetHints":{"allow":["GET"]}}],"collection":[{"href":"https:\/\/factory.sale\/fi\/wp-json\/wp\/v2\/product"}],"about":[{"href":"https:\/\/factory.sale\/fi\/wp-json\/wp\/v2\/types\/product"}],"replies":[{"embeddable":true,"href":"https:\/\/factory.sale\/fi\/wp-json\/wp\/v2\/comments?post=16442"}],"wp:featuredmedia":[{"embeddable":true,"href":"https:\/\/factory.sale\/fi\/wp-json\/wp\/v2\/media\/5600"}],"wp:attachment":[{"href":"https:\/\/factory.sale\/fi\/wp-json\/wp\/v2\/media?parent=16442"}],"wp:term":[{"taxonomy":"factory","embeddable":true,"href":"https:\/\/factory.sale\/fi\/wp-json\/wp\/v2\/factory?post=16442"},{"taxonomy":"free-shipment","embeddable":true,"href":"https:\/\/factory.sale\/fi\/wp-json\/wp\/v2\/free-shipment?post=16442"},{"taxonomy":"product_brand","embeddable":true,"href":"https:\/\/factory.sale\/fi\/wp-json\/wp\/v2\/product_brand?post=16442"},{"taxonomy":"product_cat","embeddable":true,"href":"https:\/\/factory.sale\/fi\/wp-json\/wp\/v2\/product_cat?post=16442"},{"taxonomy":"product_tag","embeddable":true,"href":"https:\/\/factory.sale\/fi\/wp-json\/wp\/v2\/product_tag?post=16442"}],"curies":[{"name":"wp","href":"https:\/\/api.w.org\/{rel}","templated":true}]}}