{"id":160105,"date":"2026-04-30T12:10:31","date_gmt":"2026-04-30T09:18:01","guid":{"rendered":"https:\/\/factory.sale\/?post_type=product&#038;p=160105"},"modified":"2026-04-30T12:47:48","modified_gmt":"2026-04-30T09:47:48","slug":"vision-sauna-ovaalinmuotoinen-ulkosauna-8-henkilolle","status":"publish","type":"product","link":"https:\/\/factory.sale\/fi\/tuote\/vision-sauna-ovaalinmuotoinen-ulkosauna-8-henkilolle\/","title":{"rendered":"Vision-sauna \u2013 ovaalinmuotoinen ulkosauna 8-henkil\u00f6lle"},"content":{"rendered":"<p><strong>Panoraaman\u00e4kym\u00e4<\/strong><\/p>\n<p>Vision-sauna vie rentoutumisen uudelle tasolle yhdist\u00e4m\u00e4ll\u00e4 sis\u00e4tilan l\u00e4mm\u00f6n luonnon kauneuteen. Sen kaareva ja avara lasietuosa luo katkeamattoman panoraaman\u00e4kym\u00e4n, tuoden lumiset laaksot, rauhalliset j\u00e4rvet ja kultaiset auringonlaskut suoraan saunael\u00e4mykseen. Lauteet on suunnattu harkitusti n\u00e4kym\u00e4\u00e4 kohti, jotta jokainen saunoja voi nauttia parhaasta mahdollisesta ja esteett\u00f6m\u00e4st\u00e4 maisemasta. Jokaisesta saunahetkest\u00e4 tulee rauhallinen, el\u00e4myksellinen ja meditatiivinen yhteys luontoon.<\/p>\n<p>&nbsp;<\/p>\n<p><strong>Huolellisesti suunniteltu ergonomia<\/strong><\/p>\n<p>Vision-saunan jokainen yksityiskohta on suunniteltu mukavaan ja vaivattomaan k\u00e4ytt\u00f6\u00f6n my\u00f6s pidempien saunomiskertojen aikana. Monitasoiset, kulmaan sijoitetut lauteet tarjoavat joustavia istumismahdollisuuksia \u2013 istu ryhdikk\u00e4\u00e4sti, venyttele tai rentoudu t\u00e4ysin.<br \/>\nKaareva sis\u00e4tila, sile\u00e4t pinnat ja tehokas l\u00e4mm\u00f6nkierto luovat tasaisen l\u00e4mm\u00f6n sek\u00e4 avaran tunnelman, jolloin voit antautua syv\u00e4\u00e4n ja palauttavaan rentoutumiseen ilman kompromisseja.<\/p>\n<p>&nbsp;<\/p>\n<p><strong>Premium-luokan materiaalit<\/strong><\/p>\n<p>Lauteet on valmistettu laadukkaasta lepp\u00e4puusta, joka sopii erinomaisesti saunak\u00e4ytt\u00f6\u00f6n hyv\u00e4n kosteudenkest\u00e4vyyden, alhaisen l\u00e4mm\u00f6njohtavuuden ja l\u00e4mpim\u00e4n, arvokkaan s\u00e4vyn ansiosta.<br \/>\nYhdess\u00e4 kest\u00e4v\u00e4n l\u00e4mp\u00f6puusta valmistetun saunarungon kanssa \u2013 joka tunnetaan pitk\u00e4st\u00e4 k\u00e4ytt\u00f6i\u00e4st\u00e4\u00e4n, mittapysyvyydest\u00e4\u00e4n ja luonnollisesta lahonkest\u00e4vyydest\u00e4\u00e4n \u2013 t\u00e4m\u00e4 materiaalivalinta takaa pitk\u00e4aikaisen toimivuuden my\u00f6s vaativissa ulko-olosuhteissa. Lepp\u00e4lauteet lis\u00e4\u00e4v\u00e4t mukavuutta pidempien saunahetkien aikana ja luovat elegantin sek\u00e4 ylellisen tunnelman.<\/p>\n<p>&nbsp;<\/p>\n<p><strong>Yksil\u00f6llinen tyyli<\/strong><\/p>\n<p>Vision-sauna on saatavilla nelj\u00e4ll\u00e4 elegantilla lasivaihtoehdolla: kirkas, peililasi, pronssins\u00e4vyinen ja mustaksi s\u00e4vytetty lasi. Jokainen vaihtoehto vaikuttaa yksityisyyteen, valon m\u00e4\u00e4r\u00e4\u00e4n ja saunan yleiseen visuaaliseen ilmeeseen.<br \/>\nKirkas lasi tarjoaa puhtaan ja esteett\u00f6m\u00e4n n\u00e4kym\u00e4n ymp\u00e4r\u00f6iv\u00e4\u00e4n maisemaan. Peililasi lis\u00e4\u00e4 yksityisyytt\u00e4 ja luo tyylikk\u00e4\u00e4n heijastavan vaikutelman. Pronssins\u00e4vyinen lasi t\u00e4ytt\u00e4\u00e4 tilan l\u00e4mpim\u00e4ll\u00e4, kullanhohtoisella s\u00e4vyll\u00e4, kun taas mustaksi s\u00e4vytetty lasi luo modernin, yksityisen ja intiimin tunnelman.<\/p>\n<p>&nbsp;<\/p>\n<p><strong>Tekniset tiedot:<\/strong><\/p>\n<div class=\"TyagGW_tableContainer\">\n<div class=\"group TyagGW_tableWrapper flex flex-col-reverse w-fit\" tabindex=\"-1\">\n<table class=\"w-fit min-w-(--thread-content-width)\" style=\"height: 244px;\" width=\"432\" data-start=\"2839\" data-end=\"3123\">\n<thead data-start=\"2839\" data-end=\"2864\">\n<tr data-start=\"2839\" data-end=\"2864\">\n<th class=\"\" data-start=\"2839\" data-end=\"2856\" data-col-size=\"sm\"><\/th>\n<th class=\"\" data-start=\"2856\" data-end=\"2864\" data-col-size=\"sm\"><\/th>\n<\/tr>\n<\/thead>\n<tbody data-start=\"2876\" data-end=\"3123\">\n<tr data-start=\"2876\" data-end=\"2924\">\n<td data-start=\"2876\" data-end=\"2902\" data-col-size=\"sm\">Koottu koko (P \u00d7 L \u00d7 K)<\/td>\n<td data-col-size=\"sm\" data-start=\"2902\" data-end=\"2924\">240 \u00d7 310 \u00d7 230 cm<\/td>\n<\/tr>\n<tr data-start=\"2925\" data-end=\"2976\">\n<td data-start=\"2925\" data-end=\"2954\" data-col-size=\"sm\">Flat-pack-koko (P \u00d7 L \u00d7 K)<\/td>\n<td data-col-size=\"sm\" data-start=\"2954\" data-end=\"2976\">240 \u00d7 120 \u00d7 150 cm<\/td>\n<\/tr>\n<tr data-start=\"2977\" data-end=\"3010\">\n<td data-start=\"2977\" data-end=\"3001\" data-col-size=\"sm\">L\u00f6ylyhuoneen tilavuus<\/td>\n<td data-col-size=\"sm\" data-start=\"3001\" data-end=\"3010\">14 m\u00b3<\/td>\n<\/tr>\n<tr data-start=\"3011\" data-end=\"3030\">\n<td data-start=\"3011\" data-end=\"3019\" data-col-size=\"sm\">Paino<\/td>\n<td data-col-size=\"sm\" data-start=\"3019\" data-end=\"3030\">~710 kg<\/td>\n<\/tr>\n<tr data-start=\"3031\" data-end=\"3074\">\n<td data-start=\"3031\" data-end=\"3059\" data-col-size=\"sm\">L\u00f6ylyhuoneen kapasiteetti<\/td>\n<td data-col-size=\"sm\" data-start=\"3059\" data-end=\"3074\">~8 henkil\u00f6\u00e4<\/td>\n<\/tr>\n<tr data-start=\"3075\" data-end=\"3099\">\n<td data-start=\"3075\" data-end=\"3090\" data-col-size=\"sm\">Puun paksuus<\/td>\n<td data-col-size=\"sm\" data-start=\"3090\" data-end=\"3099\">40 mm<\/td>\n<\/tr>\n<tr data-start=\"3100\" data-end=\"3123\">\n<td data-start=\"3100\" data-end=\"3115\" data-col-size=\"sm\">L\u00e4mmitysaika<\/td>\n<td data-col-size=\"sm\" data-start=\"3115\" data-end=\"3123\">~1 h<\/td>\n<\/tr>\n<\/tbody>\n<\/table>\n<\/div>\n<\/div>\n<p>&nbsp;<\/p>\n<p>&nbsp;<\/p>\n<p><strong>Peruspaketti sis\u00e4lt\u00e4\u00e4:<\/strong><\/p>\n<ul>\n<li>L\u00e4mp\u00f6puusta valmistettu saunarunko, puun paksuus 40 mm<\/li>\n<li>Musta bitumipaanukatto<\/li>\n<li>Kiuaskivet, vain kiukaan kanssa<\/li>\n<li>Lepp\u00e4puusta valmistetut lauteet<\/li>\n<li>Ulkopuolinen puuovi lasi-ikkunalla ja lukolla<\/li>\n<li>Koristeelliset puiset vanteet edess\u00e4 ja takana<\/li>\n<li>Kirkas panoraamaikkuna<\/li>\n<li>Ruostumattomasta ter\u00e4ksest\u00e4 valmistetut vanteet, 2 kpl<\/li>\n<\/ul>\n<p>&nbsp;<\/p>\n<p>&nbsp;<\/p>\n<p><strong>Lis\u00e4valinnat (Hinnat ilman ALV):<\/strong><\/p>\n<div class=\"TyagGW_tableContainer\">\n<div class=\"group TyagGW_tableWrapper flex flex-col-reverse w-fit\" tabindex=\"-1\">\n<table class=\"w-fit min-w-(--thread-content-width)\" style=\"height: 213px;\" width=\"411\" data-start=\"3582\" data-end=\"3804\">\n<thead data-start=\"3582\" data-end=\"3605\">\n<tr data-start=\"3582\" data-end=\"3605\">\n<th class=\"\" data-start=\"3582\" data-end=\"3596\" data-col-size=\"sm\"><\/th>\n<th class=\"\" data-start=\"3596\" data-end=\"3605\" data-col-size=\"sm\"><\/th>\n<\/tr>\n<\/thead>\n<tbody data-start=\"3617\" data-end=\"3804\">\n<tr data-start=\"3617\" data-end=\"3637\">\n<td data-start=\"3617\" data-end=\"3626\" data-col-size=\"sm\">Lattia<\/td>\n<td data-start=\"3626\" data-end=\"3637\" data-col-size=\"sm\">220 EUR<\/td>\n<\/tr>\n<tr data-start=\"3638\" data-end=\"3668\">\n<td data-start=\"3638\" data-end=\"3657\" data-col-size=\"sm\">Kiinte\u00e4t ikkunat<\/td>\n<td data-start=\"3657\" data-end=\"3668\" data-col-size=\"sm\">104 EUR<\/td>\n<\/tr>\n<tr data-start=\"3669\" data-end=\"3700\">\n<td data-start=\"3669\" data-end=\"3689\" data-col-size=\"sm\">Avattavat ikkunat<\/td>\n<td data-col-size=\"sm\" data-start=\"3689\" data-end=\"3700\">173 EUR<\/td>\n<\/tr>\n<tr data-start=\"3701\" data-end=\"3741\">\n<td data-start=\"3701\" data-end=\"3730\" data-col-size=\"sm\">Sis\u00e4puolinen LED-valaistus<\/td>\n<td data-col-size=\"sm\" data-start=\"3730\" data-end=\"3741\">334 EUR<\/td>\n<\/tr>\n<tr data-start=\"3742\" data-end=\"3782\">\n<td data-start=\"3742\" data-end=\"3771\" data-col-size=\"sm\">Ulkopuolinen LED-valaistus<\/td>\n<td data-col-size=\"sm\" data-start=\"3771\" data-end=\"3782\">219 EUR<\/td>\n<\/tr>\n<tr data-start=\"3783\" data-end=\"3804\">\n<td data-start=\"3783\" data-end=\"3793\" data-col-size=\"sm\">Maalaus<\/td>\n<td data-start=\"3793\" data-end=\"3804\" data-col-size=\"sm\">140 EUR<\/td>\n<\/tr>\n<\/tbody>\n<\/table>\n<\/div>\n<\/div>\n<p data-section-id=\"1hlf2e7\" data-start=\"3811\" data-end=\"3830\"><strong>Kiuasvaihtoehdot:<\/strong><\/p>\n<div class=\"TyagGW_tableContainer\">\n<div class=\"group TyagGW_tableWrapper flex flex-col-reverse w-fit\" tabindex=\"-1\">\n<table class=\"w-fit min-w-(--thread-content-width)\" style=\"height: 124px;\" width=\"406\" data-start=\"3832\" data-end=\"3948\">\n<thead data-start=\"3832\" data-end=\"3849\">\n<tr data-start=\"3832\" data-end=\"3849\">\n<th class=\"\" data-start=\"3832\" data-end=\"3840\" data-col-size=\"sm\"><\/th>\n<th class=\"\" data-start=\"3840\" data-end=\"3849\" data-col-size=\"sm\"><\/th>\n<\/tr>\n<\/thead>\n<tbody data-start=\"3861\" data-end=\"3948\">\n<tr data-start=\"3861\" data-end=\"3894\">\n<td data-start=\"3861\" data-end=\"3881\" data-col-size=\"sm\">Huum Hive Mini 11<\/td>\n<td data-col-size=\"sm\" data-start=\"3881\" data-end=\"3894\">1 714 EUR<\/td>\n<\/tr>\n<tr data-start=\"3895\" data-end=\"3918\">\n<td data-start=\"3895\" data-end=\"3905\" data-col-size=\"sm\">Cozy 18<\/td>\n<td data-col-size=\"sm\" data-start=\"3905\" data-end=\"3918\">1 288 EUR<\/td>\n<\/tr>\n<tr data-start=\"3919\" data-end=\"3948\">\n<td data-start=\"3919\" data-end=\"3935\" data-col-size=\"sm\">Harvia 20 Pro<\/td>\n<td data-col-size=\"sm\" data-start=\"3935\" data-end=\"3948\">1 127 EUR<\/td>\n<\/tr>\n<\/tbody>\n<\/table>\n<\/div>\n<\/div>\n<p data-section-id=\"vgbhil\" data-start=\"3955\" data-end=\"3973\"><strong>Lasivaihtoehdot:<\/strong><\/p>\n<div class=\"TyagGW_tableContainer\">\n<div class=\"group TyagGW_tableWrapper flex flex-col-reverse w-fit\" tabindex=\"-1\">\n<table class=\"w-fit min-w-(--thread-content-width)\" style=\"height: 121px;\" width=\"401\" data-start=\"3975\" data-end=\"4117\">\n<thead data-start=\"3975\" data-end=\"4001\">\n<tr data-start=\"3975\" data-end=\"4001\">\n<th class=\"\" data-start=\"3975\" data-end=\"3992\" data-col-size=\"sm\"><\/th>\n<th class=\"\" data-start=\"3992\" data-end=\"4001\" data-col-size=\"sm\"><\/th>\n<\/tr>\n<\/thead>\n<tbody data-start=\"4013\" data-end=\"4117\">\n<tr data-start=\"4013\" data-end=\"4048\">\n<td data-start=\"4013\" data-end=\"4037\" data-col-size=\"sm\">Pronssins\u00e4vyinen lasi<\/td>\n<td data-col-size=\"sm\" data-start=\"4037\" data-end=\"4048\">104 EUR<\/td>\n<\/tr>\n<tr data-start=\"4049\" data-end=\"4072\">\n<td data-start=\"4049\" data-end=\"4061\" data-col-size=\"sm\">Peililasi<\/td>\n<td data-col-size=\"sm\" data-start=\"4061\" data-end=\"4072\">355 EUR<\/td>\n<\/tr>\n<tr data-start=\"4073\" data-end=\"4117\">\n<td data-start=\"4073\" data-end=\"4106\" data-col-size=\"sm\">Tummanharmaaksi s\u00e4vytetty lasi<\/td>\n<td data-col-size=\"sm\" data-start=\"4106\" data-end=\"4117\">288 EUR<\/td>\n<\/tr>\n<\/tbody>\n<\/table>\n<p data-section-id=\"1najd8x\" data-start=\"4124\" data-end=\"4153\"><strong><br \/>\nToimitus- ja asennustiedot:<\/strong><\/p>\n<p data-start=\"4155\" data-end=\"4192\"><em>Saunan voi ostaa vain kokoamattomana.<\/em><\/p>\n<p data-start=\"4194\" data-end=\"4321\" data-is-last-node=\"\" data-is-only-node=\"\"><em>Toimitus tapahtuu ainoastaan 17 m kuorma-autolla ilman nostolaitetta. Asiakkaan tulee varata tarvittava purkukalusto etuk\u00e4teen.<\/em><\/p>\n<\/div>\n<p>&nbsp;<\/p>\n<p>&nbsp;<\/p>\n<p>&nbsp;<\/p>\n<\/div>\n","protected":false},"excerpt":{"rendered":"<p>Pakene t\u00e4ydelliseen rauhaan Vision-saunan avulla, jonka kaareva panoraamalasietuosa yhdist\u00e4\u00e4 sis\u00e4tilan l\u00e4mm\u00f6n upeisiin ulkon\u00e4kymiin. Olipa n\u00e4kym\u00e4n\u00e4 lumiset laaksot, rauhalliset j\u00e4rvet tai kultaiset auringonlaskut, Vision muuttaa jokaisen saunahetken rauhoittavaksi ja palauttavaksi yhteydeksi luontoon.<br \/>\nLaadukkaasta l\u00e4mp\u00f6puusta valmistettu ja ylellisill\u00e4 lepp\u00e4lauteilla varustettu sauna tarjoaa ergonomista mukavuutta, tasaista l\u00e4mm\u00f6njakautumista ja ajatonta eleganssia. Nelj\u00e4n viimeistellyn lasivaihtoehdon ansiosta Vision-sauna voidaan r\u00e4\u00e4t\u00e4l\u00f6id\u00e4 halutun yksityisyyden, valon ja tyylin mukaan.<\/p>\n","protected":false},"featured_media":160109,"comment_status":"open","ping_status":"closed","template":"","meta":{"_acf_changed":false},"factory":[],"free-shipment":[],"product_brand":[],"product_cat":[1317,1644],"product_tag":[1651,2105,2106],"class_list":{"0":"post-160105","1":"product","2":"type-product","3":"status-publish","4":"has-post-thumbnail","6":"product_cat-sauna-fi","7":"product_cat-tynnyrisauna","8":"product_tag-barrel-sauna-fi","9":"product_tag-outdoor-sauna-fi","10":"product_tag-sauna-fi","12":"first","13":"instock","14":"sale","15":"taxable","16":"shipping-taxable","17":"purchasable","18":"product-type-simple"},"acf":[],"_links":{"self":[{"href":"https:\/\/factory.sale\/fi\/wp-json\/wp\/v2\/product\/160105","targetHints":{"allow":["GET"]}}],"collection":[{"href":"https:\/\/factory.sale\/fi\/wp-json\/wp\/v2\/product"}],"about":[{"href":"https:\/\/factory.sale\/fi\/wp-json\/wp\/v2\/types\/product"}],"replies":[{"embeddable":true,"href":"https:\/\/factory.sale\/fi\/wp-json\/wp\/v2\/comments?post=160105"}],"wp:featuredmedia":[{"embeddable":true,"href":"https:\/\/factory.sale\/fi\/wp-json\/wp\/v2\/media\/160109"}],"wp:attachment":[{"href":"https:\/\/factory.sale\/fi\/wp-json\/wp\/v2\/media?parent=160105"}],"wp:term":[{"taxonomy":"factory","embeddable":true,"href":"https:\/\/factory.sale\/fi\/wp-json\/wp\/v2\/factory?post=160105"},{"taxonomy":"free-shipment","embeddable":true,"href":"https:\/\/factory.sale\/fi\/wp-json\/wp\/v2\/free-shipment?post=160105"},{"taxonomy":"product_brand","embeddable":true,"href":"https:\/\/factory.sale\/fi\/wp-json\/wp\/v2\/product_brand?post=160105"},{"taxonomy":"product_cat","embeddable":true,"href":"https:\/\/factory.sale\/fi\/wp-json\/wp\/v2\/product_cat?post=160105"},{"taxonomy":"product_tag","embeddable":true,"href":"https:\/\/factory.sale\/fi\/wp-json\/wp\/v2\/product_tag?post=160105"}],"curies":[{"name":"wp","href":"https:\/\/api.w.org\/{rel}","templated":true}]}}