{"id":159753,"date":"2026-04-25T23:18:53","date_gmt":"2026-04-25T20:46:00","guid":{"rendered":"https:\/\/factory.sale\/?post_type=product&#038;p=159753"},"modified":"2026-04-25T23:46:02","modified_gmt":"2026-04-25T20:46:02","slug":"caliskan-puulammitteinen-kamiina-304-garden","status":"publish","type":"product","link":"https:\/\/factory.sale\/fi\/tuote\/caliskan-puulammitteinen-kamiina-304-garden\/","title":{"rendered":"\u00c7al\u0131\u015fkan puul\u00e4mmitteinen kamiina 304 Garden"},"content":{"rendered":"<p>Tuo l\u00e4mp\u00f6\u00e4, tunnelmaa ja k\u00e4yt\u00e4nn\u00f6llist\u00e4 ulkol\u00e4mmityst\u00e4 puutarhaasi tai terassillesi \u00c7al\u0131\u015fkan 304 Garden puul\u00e4mmitteisell\u00e4 kamiinalla. Ulkok\u00e4ytt\u00f6\u00f6n suunniteltu tyylik\u00e4s ja kest\u00e4v\u00e4 kamiina yhdist\u00e4\u00e4 tehokkaan l\u00e4mmitystehon sek\u00e4 elegantin panoraaman\u00e4kym\u00e4n liekkeihin.<\/p>\n<p>Valmistettu 3 mm paksusta metallilevyst\u00e4, kamiina tarjoaa erinomaisen kest\u00e4vyyden ja pitk\u00e4n k\u00e4ytt\u00f6i\u00e4n. Sen korkeita l\u00e4mp\u00f6tiloja kest\u00e4v\u00e4 palosuojamaalipinnoite suojaa pintaa ja takaa luotettavan k\u00e4yt\u00f6n vaihtelevissa s\u00e4\u00e4olosuhteissa.<br \/>\n7,23 kW l\u00e4mmitysteholla kamiina tuottaa tehokasta l\u00e4mp\u00f6\u00e4 ja sopii erinomaisesti terasseille, puutarhoihin, ulko-oleskelualueille ja vapaa-ajan tiloihin. Keraamiset lasipaneelit kaikilla nelj\u00e4ll\u00e4 sivulla tarjoavat t\u00e4ydellisen n\u00e4kym\u00e4n tuleen ja luovat l\u00e4mpim\u00e4n sek\u00e4 kutsuvan tunnelman.<\/p>\n<p>L\u00e4mm\u00f6nkest\u00e4v\u00e4 keraaminen lasi on suunniteltu kest\u00e4m\u00e4\u00e4n l\u00e4mp\u00f6shokkeja, mik\u00e4 takaa sek\u00e4 turvallisuuden ett\u00e4 kest\u00e4vyyden. Kamiina on lis\u00e4ksi suunniteltu helposti puhdistettavaksi, mik\u00e4 tekee huollosta vaivatonta.<br \/>\nT\u00e4ydellist\u00e4 ulkok\u00e4ytt\u00f6\u00e4 varten pakettiin sis\u00e4ltyy nelj\u00e4 33 cm emaloitua hormiputkea, hormihattu sek\u00e4 vedenpit\u00e4v\u00e4 suojapeite s\u00e4ilytyst\u00e4 ja s\u00e4\u00e4suojausta varten.<\/p>\n<p>Modernin muotoilun, tukevan rakenteen ja tehokkaan puul\u00e4mmityksen yhdist\u00e4v\u00e4 \u00c7al\u0131\u015fkan 304 Garden on erinomainen keskipiste ulkotilojen mukavuuteen.<\/p>\n<p>&nbsp;<\/p>\n<p><strong>Tekniset tiedot:<\/strong><\/p>\n<ul>\n<li>Leveys: 34 cm<\/li>\n<li>Syvyys: 52 cm<\/li>\n<li>Korkeus: 82 cm<\/li>\n<li>Paino: 58,5 kg<\/li>\n<li>L\u00e4mmitysteho: 7,23 kW<\/li>\n<li>Polttoaine: puu<\/li>\n<li>Materiaali: 3 mm paksu metallilevy<\/li>\n<li>Viimeistely: korkeita l\u00e4mp\u00f6tiloja kest\u00e4v\u00e4 palosuojamaali<\/li>\n<li>Hormiputken halkaisija: 130 mm<\/li>\n<li>Lasi: l\u00e4mp\u00f6shokkia kest\u00e4v\u00e4 keraaminen lasi kaikilla nelj\u00e4ll\u00e4 sivulla<\/li>\n<li>Sis\u00e4lt\u00e4\u00e4: 4 emaloitua hormiputkea (33 cm\/kpl), hormihattu, vedenpit\u00e4v\u00e4 suojapeite<\/li>\n<li>Ominaisuudet: helppo puhdistaa<\/li>\n<\/ul>\n<p>&nbsp;<\/p>\n<div style=\"position: relative; padding-bottom: 56.25%; height: 0; overflow: hidden; max-width: 100%;\"><iframe loading=\"lazy\" style=\"position: absolute; top: 0; left: 0; width: 100%; height: 100%;\" title=\"YouTube video player\" src=\"\/\/www.youtube.com\/embed\/PCKF3H48tss?autoplay=1&amp;mute=1&amp;loop=1&amp;playlist=PCKF3H48tss&amp;controls=1&amp;rel=0&amp;playsinline=1\" width=\"560\" height=\"314\" frameborder=\"0\" allowfullscreen=\"allowfullscreen\" data-mce-fragment=\"1\"><br \/>\n  <\/iframe><\/div>\n","protected":false},"excerpt":{"rendered":"<p>\u00c7al\u0131\u015fkan 304 Garden puul\u00e4mmitteinen kamiina. Tehokas 7,23 kW ulkokamiina keraamisilla lasisivuilla, hormisarjalla, suojapeitteell\u00e4 ja kest\u00e4v\u00e4ll\u00e4 ter\u00e4srakenteella.<\/p>\n","protected":false},"featured_media":159734,"comment_status":"open","ping_status":"closed","template":"","meta":{"_acf_changed":false},"factory":[],"free-shipment":[],"product_brand":[],"product_cat":[2787,1329],"product_tag":[2011],"class_list":{"0":"post-159753","1":"product","2":"type-product","3":"status-publish","4":"has-post-thumbnail","6":"product_cat-caliskan-fi","7":"product_cat-uunit","8":"product_tag-stove-fi","10":"first","11":"instock","12":"sale","13":"taxable","14":"shipping-taxable","15":"purchasable","16":"product-type-simple"},"acf":[],"_links":{"self":[{"href":"https:\/\/factory.sale\/fi\/wp-json\/wp\/v2\/product\/159753","targetHints":{"allow":["GET"]}}],"collection":[{"href":"https:\/\/factory.sale\/fi\/wp-json\/wp\/v2\/product"}],"about":[{"href":"https:\/\/factory.sale\/fi\/wp-json\/wp\/v2\/types\/product"}],"replies":[{"embeddable":true,"href":"https:\/\/factory.sale\/fi\/wp-json\/wp\/v2\/comments?post=159753"}],"wp:featuredmedia":[{"embeddable":true,"href":"https:\/\/factory.sale\/fi\/wp-json\/wp\/v2\/media\/159734"}],"wp:attachment":[{"href":"https:\/\/factory.sale\/fi\/wp-json\/wp\/v2\/media?parent=159753"}],"wp:term":[{"taxonomy":"factory","embeddable":true,"href":"https:\/\/factory.sale\/fi\/wp-json\/wp\/v2\/factory?post=159753"},{"taxonomy":"free-shipment","embeddable":true,"href":"https:\/\/factory.sale\/fi\/wp-json\/wp\/v2\/free-shipment?post=159753"},{"taxonomy":"product_brand","embeddable":true,"href":"https:\/\/factory.sale\/fi\/wp-json\/wp\/v2\/product_brand?post=159753"},{"taxonomy":"product_cat","embeddable":true,"href":"https:\/\/factory.sale\/fi\/wp-json\/wp\/v2\/product_cat?post=159753"},{"taxonomy":"product_tag","embeddable":true,"href":"https:\/\/factory.sale\/fi\/wp-json\/wp\/v2\/product_tag?post=159753"}],"curies":[{"name":"wp","href":"https:\/\/api.w.org\/{rel}","templated":true}]}}