{"id":151991,"date":"2026-04-12T21:42:33","date_gmt":"2026-04-12T18:48:10","guid":{"rendered":"https:\/\/factory.sale\/?post_type=product&#038;p=151991"},"modified":"2026-04-12T21:48:11","modified_gmt":"2026-04-12T18:48:11","slug":"lukas-ex-kylpytynnyri-7-9-hengelle","status":"publish","type":"product","link":"https:\/\/factory.sale\/fi\/tuote\/lukas-ex-kylpytynnyri-7-9-hengelle\/","title":{"rendered":"Lukas Ex kylpytynnyri 7-9 hengelle"},"content":{"rendered":"<p>T\u00e4m\u00e4 neli\u00f6nmuotoinen kylpytynnyri yhdist\u00e4\u00e4 modernin muotoilun ja k\u00e4yt\u00e4nn\u00f6llisen toimivuuden. Ulkoisen l\u00e4mmittimen sijoitus takaa tilavamman sis\u00e4osan, jolloin useampi henkil\u00f6 voi nauttia kylvyst\u00e4 mukavasti. Sen selke\u00e4t linjat ja tukeva rakenne tekev\u00e4t siit\u00e4 tyylikk\u00e4\u00e4n ja kest\u00e4v\u00e4n lis\u00e4n hyvinvointialueellesi, tarjoten sek\u00e4 visuaalista n\u00e4ytt\u00e4vyytt\u00e4 ett\u00e4 k\u00e4yt\u00e4nn\u00f6n etuja.<\/p>\n<p>&nbsp;<\/p>\n<ul>\n<li>Luonnonpuinen tai WPC-ulkovuoraus s\u00e4\u00e4nkest\u00e4v\u00e4ll\u00e4 pintak\u00e4sittelyll\u00e4<\/li>\n<li>Kapasiteetti: 7\u20139 henkil\u00f6\u00e4<\/li>\n<li>Sisus: akryyli<\/li>\n<li>Mitat: 2,2 \u00d7 2,2 m<\/li>\n<li>Korkeus: 0,85 m<\/li>\n<li>Mukana toimitettava l\u00e4mmitin: AISI 304 (ulkoinen)<\/li>\n<li>Soveltuu: puutarhoihin, terasseille, piha-alueille<\/li>\n<li>Saatavana s\u00e4\u00e4dett\u00e4v\u00e4t RGB LED -valot<\/li>\n<li>Eristetty<\/li>\n<li>Celsium-portaat<\/li>\n<\/ul>\n<p>&nbsp;<\/p>\n<p>*Jokainen tuote valmistetaan luonnonpuusta, \u05d5\u05dc\u05db\u05df lopullinen s\u00e4vy ja puunsyykuvio voivat poiketa hieman esimerkkikuvista.<\/p>\n<p>&nbsp;<\/p>\n<p>&nbsp;<\/p>\n<p><strong>Peruspakettiin sis\u00e4ltyy:<\/strong><\/p>\n<ul>\n<li>Sis\u00e4osa<\/li>\n<li>Kiuas (304) savupiipulla<\/li>\n<li>Standardiportaat<\/li>\n<li>Maalattu viimeistely<\/li>\n<\/ul>\n<p>Ulkov\u00e4rit: beige, harmaa, eebenpuu, tiikki, p\u00e4hkin\u00e4<\/p>\n<p><img loading=\"lazy\" decoding=\"async\" class=\"alignnone wp-image-140959\" src=\"https:\/\/factory.sale\/wp-content\/uploads\/2026\/03\/Spruce-colours-300x53.png\" alt=\"\" width=\"379\" height=\"67\" srcset=\"https:\/\/factory.sale\/wp-content\/uploads\/2026\/03\/Spruce-colours-300x53.png 300w, https:\/\/factory.sale\/wp-content\/uploads\/2026\/03\/Spruce-colours-150x26.png 150w, https:\/\/factory.sale\/wp-content\/uploads\/2026\/03\/Spruce-colours.png 342w\" sizes=\"auto, (max-width: 379px) 100vw, 379px\" \/><\/p>\n<p>&nbsp;<\/p>\n<p>&nbsp;<\/p>\n<p><strong>LIS\u00c4VARUSTEET:<\/strong><\/p>\n<ul>\n<li>Akryylisisuksen v\u00e4ri:<br \/>\nValkoinen<br \/>\nHarmaa<br \/>\nValkoinen marmori + 80.50\u20ac<br \/>\nMusta marmori + 80.50\u20ac<br \/>\nKahvinruskea marmori + 80.50\u20ac<br \/>\nRuskea marmori + 80.50\u20ac<\/li>\n<\/ul>\n<p><img loading=\"lazy\" decoding=\"async\" class=\"alignnone wp-image-146865\" src=\"https:\/\/factory.sale\/wp-content\/uploads\/2026\/04\/Acrylic-insert-hot-tub-factory-sale-300x37.png\" alt=\"\" width=\"519\" height=\"64\" srcset=\"https:\/\/factory.sale\/wp-content\/uploads\/2026\/04\/Acrylic-insert-hot-tub-factory-sale-300x37.png 300w, https:\/\/factory.sale\/wp-content\/uploads\/2026\/04\/Acrylic-insert-hot-tub-factory-sale-1024x127.png 1024w, https:\/\/factory.sale\/wp-content\/uploads\/2026\/04\/Acrylic-insert-hot-tub-factory-sale-150x19.png 150w, https:\/\/factory.sale\/wp-content\/uploads\/2026\/04\/Acrylic-insert-hot-tub-factory-sale-768x95.png 768w, https:\/\/factory.sale\/wp-content\/uploads\/2026\/04\/Acrylic-insert-hot-tub-factory-sale-600x74.png 600w, https:\/\/factory.sale\/wp-content\/uploads\/2026\/04\/Acrylic-insert-hot-tub-factory-sale.png 1262w\" sizes=\"auto, (max-width: 519px) 100vw, 519px\" \/><\/p>\n<ul>\n<li>Ulkoverhous:<br \/>\nKuusipuu<br \/>\nPoltettu kuusi + 241.50\u20ac<br \/>\nL\u00e4mp\u00f6puu + 257.60\u20ac<br \/>\nPuu-komposiitti (WPC) + 402.50\u20ac<\/li>\n<\/ul>\n<p><img loading=\"lazy\" decoding=\"async\" class=\"alignnone wp-image-146809\" src=\"https:\/\/factory.sale\/wp-content\/uploads\/2026\/04\/Exterior-finish-factory-sale-300x64.png\" alt=\"\" width=\"436\" height=\"93\" srcset=\"https:\/\/factory.sale\/wp-content\/uploads\/2026\/04\/Exterior-finish-factory-sale-300x64.png 300w, https:\/\/factory.sale\/wp-content\/uploads\/2026\/04\/Exterior-finish-factory-sale-150x32.png 150w, https:\/\/factory.sale\/wp-content\/uploads\/2026\/04\/Exterior-finish-factory-sale-768x164.png 768w, https:\/\/factory.sale\/wp-content\/uploads\/2026\/04\/Exterior-finish-factory-sale-600x128.png 600w, https:\/\/factory.sale\/wp-content\/uploads\/2026\/04\/Exterior-finish-factory-sale.png 860w\" sizes=\"auto, (max-width: 436px) 100vw, 436px\" \/><\/p>\n<p><img loading=\"lazy\" decoding=\"async\" class=\"alignnone size-medium wp-image-146874\" src=\"https:\/\/factory.sale\/wp-content\/uploads\/2026\/04\/Celsium-cladding-options-factory-sale-300x117.png\" alt=\"\" width=\"300\" height=\"117\" srcset=\"https:\/\/factory.sale\/wp-content\/uploads\/2026\/04\/Celsium-cladding-options-factory-sale-300x117.png 300w, https:\/\/factory.sale\/wp-content\/uploads\/2026\/04\/Celsium-cladding-options-factory-sale-150x59.png 150w, https:\/\/factory.sale\/wp-content\/uploads\/2026\/04\/Celsium-cladding-options-factory-sale-600x234.png 600w, https:\/\/factory.sale\/wp-content\/uploads\/2026\/04\/Celsium-cladding-options-factory-sale.png 620w\" sizes=\"auto, (max-width: 300px) 100vw, 300px\" \/><\/p>\n<ul>\n<li>Portaat (kuusi):<br \/>\nStandardi<br \/>\nTyyppi A<br \/>\nTyyppi B<br \/>\nCelsium + 209.30\u20ac<\/li>\n<li>Portaat (poltettu kuusi \/ l\u00e4mp\u00f6m\u00e4nty \/ WPC):<br \/>\nStandardi<br \/>\nTyyppi A<br \/>\nTyyppi B<br \/>\nCelsium + 241.50\u20ac<\/li>\n<\/ul>\n<p><img loading=\"lazy\" decoding=\"async\" class=\"alignnone wp-image-146871\" src=\"https:\/\/factory.sale\/wp-content\/uploads\/2026\/04\/Celsium-stairs-factory-sale-300x202.png\" alt=\"\" width=\"360\" height=\"242\" srcset=\"https:\/\/factory.sale\/wp-content\/uploads\/2026\/04\/Celsium-stairs-factory-sale-300x202.png 300w, https:\/\/factory.sale\/wp-content\/uploads\/2026\/04\/Celsium-stairs-factory-sale-150x101.png 150w, https:\/\/factory.sale\/wp-content\/uploads\/2026\/04\/Celsium-stairs-factory-sale-600x404.png 600w, https:\/\/factory.sale\/wp-content\/uploads\/2026\/04\/Celsium-stairs-factory-sale.png 740w\" sizes=\"auto, (max-width: 360px) 100vw, 360px\" \/><\/p>\n<ul>\n<li>L\u00e4mp\u00f6kansi:<br \/>\nMusta kansi + 305.90\u20ac<br \/>\nHarmaa kansi + 305.90\u20ac<br \/>\nRuskea kansi + 305.90\u20ac<\/li>\n<\/ul>\n<p><img loading=\"lazy\" decoding=\"async\" class=\"alignnone wp-image-146877\" src=\"https:\/\/factory.sale\/wp-content\/uploads\/2026\/04\/Celsium-hot-tub-cover-factory-sale-300x76.png\" alt=\"\" width=\"399\" height=\"101\" srcset=\"https:\/\/factory.sale\/wp-content\/uploads\/2026\/04\/Celsium-hot-tub-cover-factory-sale-300x76.png 300w, https:\/\/factory.sale\/wp-content\/uploads\/2026\/04\/Celsium-hot-tub-cover-factory-sale-150x38.png 150w, https:\/\/factory.sale\/wp-content\/uploads\/2026\/04\/Celsium-hot-tub-cover-factory-sale-600x151.png 600w, https:\/\/factory.sale\/wp-content\/uploads\/2026\/04\/Celsium-hot-tub-cover-factory-sale.png 626w\" sizes=\"auto, (max-width: 399px) 100vw, 399px\" \/><\/p>\n<ul>\n<li>Suutinj\u00e4rjestelm\u00e4t (hydro- ja ilmakuplaj\u00e4rjestelm\u00e4 voidaan yhdist\u00e4\u00e4):<br \/>\nIlmakuplaj\u00e4rjestelm\u00e4 0,7 kW, 12 suutinta + 135.70\u20ac<br \/>\nHydroj\u00e4rjestelm\u00e4 16 suuttimella, 2,2 kW + 296.70\u20ac<br \/>\nHydroj\u00e4rjestelm\u00e4 20 suuttimella, 2,2 kW + 345.00\u20ac<\/li>\n<li>Vedenalainen valaistus (65 mm ja mini-LED voidaan yhdist\u00e4\u00e4):<br \/>\nVedenalainen 65 mm RGB LED -valo (1 kpl) + 42.55\u20ac<br \/>\nVedenalainen 65 mm RGB LED -valo (2 kpl) + 51.75\u20ac<br \/>\nVedenalainen 65 mm RGB LED -valo (3 kpl) + 60.95\u20ac<br \/>\nVedenalainen MINI RGB LED -valaistus (10 kpl) + 57.50\u20ac<\/li>\n<li>Ulkovalaistus (mini-LED, LED-nauha kylpytynnyrin alle ja LED-nauha sisuksen alle voidaan yhdist\u00e4\u00e4):<br \/>\nUlkoinen mini RGB LED -valaistus (12 kpl) + 57.50\u20ac<br \/>\nLED-nauha sisuksen alle + 93.15\u20ac<br \/>\nL\u00e4mp\u00f6vaahtoeristys + 161.00\u20ac<\/li>\n<li>S\u00e4hk\u00f6k\u00e4ytt\u00f6inen vedenl\u00e4mmitin:<br \/>\nS\u00e4hk\u00f6k\u00e4ytt\u00f6inen vedenl\u00e4mmitin 3 kW + 209.30\u20ac<br \/>\nS\u00e4hk\u00f6k\u00e4ytt\u00f6inen vedenl\u00e4mmitin 6 kW + 595.70\u20ac<br \/>\nS\u00e4hk\u00f6k\u00e4ytt\u00f6inen vedenl\u00e4mmitin 9 kW + 614.10\u20ac<\/li>\n<li>Suodatusj\u00e4rjestelm\u00e4 ja UV-lamppu:<br \/>\nHiekkasuodatin + 289.80\u20ac<br \/>\nUV-lamppu + 515.20\u20ac<\/li>\n<li>S\u00e4ilytyslaatikko suodattimelle:<br \/>\nKuusi + 103.50\u20ac<br \/>\nL\u00e4mp\u00f6puu + 120.75\u20ac<br \/>\nPoltettu kuusi + 120.75\u20ac<br \/>\nWPC + 151.80\u20ac<\/li>\n<li>Kiuasmateriaali:<br \/>\nAISI 304 ruostumaton ter\u00e4s<br \/>\nAISI 316 ruostumaton ter\u00e4s + 241.50\u20ac<\/li>\n<li>Lis\u00e4varusteet:<br \/>\nP\u00e4\u00e4ntyynyt (enint\u00e4\u00e4n 6 kpl) + 16.10\u20ac<br \/>\nJuomatelineet (enint\u00e4\u00e4n 4 kpl), kuusi \/ l\u00e4mp\u00f6puu \/ WPC + 32.20\u20ac<br \/>\nIntegroitu elektroninen kosketusn\u00e4yt\u00f6llinen ohjauspaneeli + 161.00\u20ac<br \/>\nIntegroitu elektroninen l\u00e4mp\u00f6mittari + 24.15\u20ac<br \/>\n90 asteen kiuasliit\u00e4nt\u00e4 (ulkoiselle kiukaalle) + 16.10\u20ac<\/li>\n<\/ul>\n","protected":false},"excerpt":{"rendered":"<p>T\u00e4m\u00e4 neli\u00f6nmuotoinen kylpytynnyri yhdist\u00e4\u00e4 modernin muotoilun ja k\u00e4yt\u00e4nn\u00f6llisen toimivuuden. Ulkoisen l\u00e4mmittimen sijoitus takaa tilavamman sis\u00e4osan, jolloin useampi henkil\u00f6 voi nauttia kylvyst\u00e4 mukavasti. Sen selke\u00e4t linjat ja tukeva rakenne tekev\u00e4t siit\u00e4 tyylikk\u00e4\u00e4n ja kest\u00e4v\u00e4n lis\u00e4n hyvinvointialueellesi, tarjoten sek\u00e4 visuaalista n\u00e4ytt\u00e4vyytt\u00e4 ett\u00e4 k\u00e4yt\u00e4nn\u00f6n etuja.<\/p>\n","protected":false},"featured_media":151939,"comment_status":"open","ping_status":"closed","template":"","meta":{"_acf_changed":false},"factory":[5046],"free-shipment":[],"product_brand":[],"product_cat":[2210],"product_tag":[2846],"class_list":{"0":"post-151991","1":"product","2":"type-product","3":"status-publish","4":"has-post-thumbnail","6":"factory-celsium","7":"product_cat-kylpytynnyrit","8":"product_tag-hot-tub-fi","10":"first","11":"instock","12":"sale","13":"taxable","14":"shipping-taxable","15":"purchasable","16":"product-type-simple"},"acf":[],"_links":{"self":[{"href":"https:\/\/factory.sale\/fi\/wp-json\/wp\/v2\/product\/151991","targetHints":{"allow":["GET"]}}],"collection":[{"href":"https:\/\/factory.sale\/fi\/wp-json\/wp\/v2\/product"}],"about":[{"href":"https:\/\/factory.sale\/fi\/wp-json\/wp\/v2\/types\/product"}],"replies":[{"embeddable":true,"href":"https:\/\/factory.sale\/fi\/wp-json\/wp\/v2\/comments?post=151991"}],"wp:featuredmedia":[{"embeddable":true,"href":"https:\/\/factory.sale\/fi\/wp-json\/wp\/v2\/media\/151939"}],"wp:attachment":[{"href":"https:\/\/factory.sale\/fi\/wp-json\/wp\/v2\/media?parent=151991"}],"wp:term":[{"taxonomy":"factory","embeddable":true,"href":"https:\/\/factory.sale\/fi\/wp-json\/wp\/v2\/factory?post=151991"},{"taxonomy":"free-shipment","embeddable":true,"href":"https:\/\/factory.sale\/fi\/wp-json\/wp\/v2\/free-shipment?post=151991"},{"taxonomy":"product_brand","embeddable":true,"href":"https:\/\/factory.sale\/fi\/wp-json\/wp\/v2\/product_brand?post=151991"},{"taxonomy":"product_cat","embeddable":true,"href":"https:\/\/factory.sale\/fi\/wp-json\/wp\/v2\/product_cat?post=151991"},{"taxonomy":"product_tag","embeddable":true,"href":"https:\/\/factory.sale\/fi\/wp-json\/wp\/v2\/product_tag?post=151991"}],"curies":[{"name":"wp","href":"https:\/\/api.w.org\/{rel}","templated":true}]}}