{"id":15023,"date":"2022-10-25T09:04:31","date_gmt":"2023-01-23T07:21:04","guid":{"rendered":"https:\/\/factory.sale\/?post_type=product&#038;p=15023"},"modified":"2026-02-12T16:30:12","modified_gmt":"2026-02-12T13:30:12","slug":"ohjauspaneeli-uku-local-gold","status":"publish","type":"product","link":"https:\/\/factory.sale\/fi\/tuote\/ohjauspaneeli-uku-local-gold\/","title":{"rendered":"OHJAUSPANEELI UKU 4.2 LOCAL GOLD"},"content":{"rendered":"<h2><span style=\"font-size: 14pt;\">OHJAUSPANEELI UKU 4.2 LOCAL GOLD<\/span><\/h2>\n<p>Jos haluat l\u00e4mmitt\u00e4\u00e4 saunan s\u00e4hk\u00f6kiukaalla paikan p\u00e4\u00e4ll\u00e4 ohjainta k\u00e4ytt\u00e4en, UKU Local Gold -ohjauspaneeli on t\u00e4ydellinen vaihtoehto. T\u00e4m\u00e4 ohjauspaneeli tekee saunan l\u00e4mmitt\u00e4misest\u00e4 eritt\u00e4in helppoa ja k\u00e4tev\u00e4\u00e4, kaikki perheenj\u00e4senet voivat k\u00e4ytt\u00e4\u00e4 sit\u00e4 vaivatta. Voit s\u00e4\u00e4t\u00e4\u00e4 saunan l\u00e4mp\u00f6tilaa, valita itsellesi sopivan l\u00e4mmitysajan ja k\u00e4ytt\u00e4\u00e4 ajastinta valitaksesi l\u00e4mmityksen alkamisajan. Menet aamulla t\u00f6ihin ja kun tulet illalla kotiin, rentouttava sauna on valmis. K\u00e4tev\u00e4\u00e4, eik\u00f6?<br \/>\nOhjauspaneeli sopii kaikille s\u00e4hk\u00f6kiukaille 18kW asti. Yhteensopiva Huum s\u00e4hk\u00f6kiukaiden sek\u00e4 muiden valmistajien l\u00e4mmittimien kanssa.<br \/>\nUku Local Gold -ohjauspaneelissa on useita ominaisuuksia ja vaihtoehtoja, jotka tekev\u00e4t saunan l\u00e4mmitt\u00e4misest\u00e4 ja saunan k\u00e4yt\u00f6st\u00e4 miellytt\u00e4v\u00e4n ja turvallisen kokemuksen. T\u00e4m\u00e4 ohjauspaneeli voidaan liitt\u00e4\u00e4 saunan valaistukseen, ilmanvaihtoon ja h\u00f6yrystimeen, siin\u00e4 on ylikuumenemissuoja ja lapsilukko, joten sinun ei tarvitse murehtia liikaa turvallisuudesta saunap\u00e4iv\u00e4n\u00e4.<\/p>\n<p>Setti sis\u00e4lt\u00e4\u00e4:<\/p>\n<ul>\n<li>ohjauspaneeli (90 x 130 x 18,2 mm)<\/li>\n<li>ohjauspaneelin kaapeli (3 m; 4 x 0,34 mm\u00b2)<\/li>\n<li>p\u00e4\u00e4moduuli (142 x 90 x 58 mm)<\/li>\n<li>l\u00e4mp\u00f6tilaanturi<\/li>\n<li>oven anturi<\/li>\n<li>l\u00e4mp\u00f6- ja ovianturin kaapeli (5 + 5m; 2 x 0,22 mm\u00b2).<\/li>\n<\/ul>\n<p>Ohjauspaneeli UKU on ensisijaisesti suunniteltu upotettavaan asennukseen. Ennen asennusta sein\u00e4\u00e4n tehd\u00e4\u00e4n syvennys, jonka mitat ovat 65 x 105 mm. HUUM on my\u00f6s kehitt\u00e4nyt kehyksen, jonka avulla ohjauspaneeli voidaan asentaa sein\u00e4lle. L\u00f6yd\u00e4t pintakehyksen <a title=\"T\u00c4\u00c4LT\u00c4.\" href=\"https:\/\/factory.sale\/fi\/tuote\/huum-uku-glass-ohjauspaneelin-asennuskehys\/\">T\u00c4\u00c4LT\u00c4.<\/a><\/p>\n<p>Tekniset tiedot:<\/p>\n<ul>\n<li>Paino: 1.7 kg<\/li>\n<li>L\u00e4mp\u00f6tila: 40-110 \u00baC<\/li>\n<li>S\u00e4hk\u00f6kiukaille: 18 kW asti<\/li>\n<li>Sy\u00f6tt\u00f6j\u00e4nnite: 230V 1N, 400V 3N<\/li>\n<li>L\u00e4mmitys-aika: 3h, 8h, 12h<\/li>\n<\/ul>\n<p>T\u00e4rkeimm\u00e4t ominaisuudet:<\/p>\n<ul>\n<li>Sopii s\u00e4hk\u00f6kiukaille, joiden teho on enint\u00e4\u00e4n 18 kW<\/li>\n<li>Yhteensopiva eri valmistajien kiukaiden kanssa<\/li>\n<li>Tavoitel\u00e4mp\u00f6tila v\u00e4lill\u00e4 40\u2013110 \u00b0C<\/li>\n<li>Ajastin l\u00e4mmityksen aloitusajan ja keston s\u00e4\u00e4t\u00e4miseen<\/li>\n<li>Liitett\u00e4viss\u00e4 valaistukseen, ilmanvaihtoon ja h\u00f6yrystimeen<\/li>\n<li>Ylikuumenemissuoja<\/li>\n<li>Lapsilukko<\/li>\n<li>Oven anturi<\/li>\n<li>Tyylikk\u00e4iden ohjauspaneelien valikoima<\/li>\n<li>Hallittavissa sein\u00e4\u00e4n kiinnitett\u00e4v\u00e4st\u00e4 ohjauspaneelista<\/li>\n<\/ul>\n<p>&nbsp;<\/p>\n<div class=\"video-wrapper \"><iframe loading=\"lazy\" title=\"HUUM UKU Gold sauna controller\" width=\"500\" height=\"281\" src=\"https:\/\/www.youtube.com\/embed\/KMU6tsMMlmY?feature=oembed\" frameborder=\"0\" allow=\"accelerometer; autoplay; clipboard-write; encrypted-media; gyroscope; picture-in-picture; web-share\" referrerpolicy=\"strict-origin-when-cross-origin\" allowfullscreen><\/iframe><\/div>\n<p>&nbsp;<\/p>\n<p><a title=\"Avaa video uudessa v\u00e4lilehdess\u00e4\" href=\"https:\/\/www.youtube.com\/watch?v=KMU6tsMMlmY\" target=\"_blank\" rel=\"noopener\">Avaa video uudessa v\u00e4lilehdess\u00e4<\/a><\/p>\n","protected":false},"excerpt":{"rendered":"<p>Ohjauspaneeli UKU Local Gold on HUUMin uusin s\u00e4hk\u00f6kiukaan ohjauslaite, joka kullanv\u00e4risell\u00e4 viimeistelyll\u00e4\u00e4n lis\u00e4\u00e4 eleganssia jokaisen saunan sisustukseen. T\u00e4m\u00e4 ainutlaatuinen kultainen, lasista valmistettu ja heijastavalla pinnalla varustettu ohjauspaneeli on kuin ripaus luksusta saunasi sisustukseen.<\/p>\n","protected":false},"featured_media":98826,"comment_status":"open","ping_status":"closed","template":"","meta":{"_acf_changed":false},"factory":[],"free-shipment":[],"product_brand":[4433],"product_cat":[2008,1121,1346],"product_tag":[878,859,868,2106],"class_list":{"0":"post-15023","1":"product","2":"type-product","3":"status-publish","4":"has-post-thumbnail","6":"product_brand-huum-fi","7":"product_cat-huum-fi-2","8":"product_cat-saniteetti","9":"product_cat-ohjauspaneeli","10":"product_tag-control-unit-fi","11":"product_tag-huum-fi","12":"product_tag-sanitary-ware-fi","13":"product_tag-sauna-fi","15":"first","16":"instock","17":"sale","18":"taxable","19":"shipping-taxable","20":"purchasable","21":"product-type-simple"},"acf":[],"_links":{"self":[{"href":"https:\/\/factory.sale\/fi\/wp-json\/wp\/v2\/product\/15023","targetHints":{"allow":["GET"]}}],"collection":[{"href":"https:\/\/factory.sale\/fi\/wp-json\/wp\/v2\/product"}],"about":[{"href":"https:\/\/factory.sale\/fi\/wp-json\/wp\/v2\/types\/product"}],"replies":[{"embeddable":true,"href":"https:\/\/factory.sale\/fi\/wp-json\/wp\/v2\/comments?post=15023"}],"wp:featuredmedia":[{"embeddable":true,"href":"https:\/\/factory.sale\/fi\/wp-json\/wp\/v2\/media\/98826"}],"wp:attachment":[{"href":"https:\/\/factory.sale\/fi\/wp-json\/wp\/v2\/media?parent=15023"}],"wp:term":[{"taxonomy":"factory","embeddable":true,"href":"https:\/\/factory.sale\/fi\/wp-json\/wp\/v2\/factory?post=15023"},{"taxonomy":"free-shipment","embeddable":true,"href":"https:\/\/factory.sale\/fi\/wp-json\/wp\/v2\/free-shipment?post=15023"},{"taxonomy":"product_brand","embeddable":true,"href":"https:\/\/factory.sale\/fi\/wp-json\/wp\/v2\/product_brand?post=15023"},{"taxonomy":"product_cat","embeddable":true,"href":"https:\/\/factory.sale\/fi\/wp-json\/wp\/v2\/product_cat?post=15023"},{"taxonomy":"product_tag","embeddable":true,"href":"https:\/\/factory.sale\/fi\/wp-json\/wp\/v2\/product_tag?post=15023"}],"curies":[{"name":"wp","href":"https:\/\/api.w.org\/{rel}","templated":true}]}}