{"id":14894,"date":"2022-10-17T15:23:16","date_gmt":"2022-11-02T10:42:48","guid":{"rendered":"https:\/\/factory.sale\/?post_type=product&#038;p=14894"},"modified":"2024-06-26T11:55:22","modified_gmt":"2024-06-26T11:55:22","slug":"aurinkopaneeli-risen-jager-plus-410w-rsm144-6-410-m","status":"publish","type":"product","link":"https:\/\/factory.sale\/fi\/tuote\/aurinkopaneeli-risen-jager-plus-410w-rsm144-6-410-m\/","title":{"rendered":"Aurinkopaneeli Risen J\u00e4ger Plus 410W RSM144-6-410 m"},"content":{"rendered":"<p><strong>Risen J\u00e4ger Plus 410W yksikiteinen PERC 144 Half-Cell \u2013 RSM144-6-410M Aurinkopaneeli<\/strong><\/p>\n<p>Risen J\u00e4ger Plus 410W aurinkopaneeli on yksikiteinen PERC-moduuli, joka sopii ihanteellisesti sek\u00e4 omaan kulutukseen ett\u00e4 teollisuuden aurinkos\u00e4hk\u00f6j\u00e4rjestelmiin, jotka haluavat saada maksimaalisen tehon neli\u00f6metri\u00e4 kohti. Laadukkaat ja kest\u00e4v\u00e4t moduulit, valmistettu yksikiteisest\u00e4 piist\u00e4 anodisoidulla alumiinirungolla.<\/p>\n<p>RISENin uusien tehokkaiden paneeleiden 144 puolitetussa kennossa on 9 kokoojakiskotekniikkaa, mik\u00e4 est\u00e4\u00e4 resistiiviset h\u00e4vi\u00f6t ja tarjoaa maksimaalisen suorituskyvyn my\u00f6s silloin, kun moduulin p\u00e4\u00e4lle on osittain tullut varjo.<\/p>\n<p><strong>RISEN 410W aurinkopaneelit<\/strong> ja 144 kennoa voidaan yhdist\u00e4\u00e4 mihin tahansa markkinoilla olevaan aurinkoinvertteriin sek\u00e4 uusimman sukupolven litiumakkuihin kuten my\u00f6s perinteisiin lyijyhappo- ja GEL\/AGM- akkuihin niiden vastaavalla latauss\u00e4\u00e4timell\u00e4.<\/p>\n<p><strong>RISEN Energy Co., Ltd<\/strong> on Meiliniss\u00e4 perustettu monikansallinen yritys, jolla on laaja kokemus aurinkos\u00e4hk\u00f6alalla. RISENill\u00e4 on laatuosasto, jonka ansiosta se on saanut parhaat takuu- ja<br \/>\nsaavutustodistukset. Lis\u00e4ksi yrityksell\u00e4 on suuri tutkimus ja kehitys-tiimi, jonka ansiosta se on pystynyt kehitt\u00e4m\u00e4\u00e4n suuria edistysaskeleita ja valmistamaan markkinoiden uusimpaa teknologiaa sis\u00e4lt\u00e4vi\u00e4 moduuleja.<\/p>\n<p><strong>Ominaisuudet:<\/strong><\/p>\n<p><strong>Puolileikkaustekniikka \u2013 9 kokoojakiskoa<\/strong><br \/>\n410 W RISEN yksikiteisess\u00e4 aurinkopaneelissa on 9 kokoojakiskotekniikkaa sek\u00e4 lyhyemm\u00e4t half-cell -kennot, jotka on kytketty sis\u00e4isesti kahteen johtosarjaan. Se est\u00e4\u00e4 resistiiviset h\u00e4vi\u00f6t ja lis\u00e4\u00e4 suorituskyky\u00e4 my\u00f6s silloin, kun moduulin p\u00e4\u00e4lle on osittain tullut varjo.<\/p>\n<p><strong>Korkea sopeutumiskyky ymp\u00e4rist\u00f6\u00f6n<\/strong><br \/>\nAurinkos\u00e4hk\u00f6kennojen pitk\u00e4lle kehittynyt, pintak\u00e4sitelty lasipinta tarjoaa vertaansa vailla olevan kest\u00e4vyyden korkeaa merisuola, ammoniakki, p\u00f6ly ja hiekka tasoa vastaan.<br \/>\nPidempi kest\u00e4vyys mekaanisen sitkeyden ansiosta RISEN-aurinkopaneelit kest\u00e4v\u00e4t 5400Pa:n lumi- ja 2400Pa:n tuulikuorman.<\/p>\n<p><strong>Risen J\u00e4ger Plus 410W yksikiteinen PERC 144 Half-Cell Aurinkopaneelin soveltaminen<br \/>\n<\/strong>RISEN RSM144-6-410M aurinkopaneelia voi soveltaa moneen k\u00e4ytt\u00f6\u00f6n. Sit\u00e4 voidaan k\u00e4ytt\u00e4\u00e4 omiin verkkoon kytkettyihin aurinkos\u00e4hk\u00f6j\u00e4rjestelmiin ja verkkoon kytkem\u00e4tt\u00f6miin aurinkos\u00e4hk\u00f6j\u00e4rjestelmiin vastaavan aurinkos\u00e4\u00e4timen ja aurinkoinvertterin kanssa. Soveltuu aurinkos\u00e4hk\u00f6j\u00e4rjestelmiin asuintaloissa, teollisuudessa ja maataloussektorilla aurinkovesipumppu j\u00e4rjestelmiss\u00e4. Tehokkaiden RISEN- aurinkopaneelien suuri etu on niiden jopa 410 W:n l\u00e4ht\u00f6teho, jonka ansiosta niit\u00e4 voidaan k\u00e4ytt\u00e4\u00e4 j\u00e4rjestelmiss\u00e4, joissa tilaa on rajoitetusti ja halutaan saavuttaa maksimaalinen suorituskyky neli\u00f6metri\u00e4 kohden.<\/p>\n<p><img loading=\"lazy\" decoding=\"async\" class=\"alignnone wp-image-14345\" src=\"https:\/\/factory.sale\/wp-content\/uploads\/2022\/10\/J\u00e4ger-plus-254x300.jpg\" alt=\"\" width=\"723\" height=\"854\" srcset=\"https:\/\/factory.sale\/wp-content\/uploads\/2022\/10\/J\u00e4ger-plus-254x300.jpg 254w, https:\/\/factory.sale\/wp-content\/uploads\/2022\/10\/J\u00e4ger-plus-127x150.jpg 127w, https:\/\/factory.sale\/wp-content\/uploads\/2022\/10\/J\u00e4ger-plus-868x1024.jpg 868w, https:\/\/factory.sale\/wp-content\/uploads\/2022\/10\/J\u00e4ger-plus-600x708.jpg 600w\" sizes=\"auto, (max-width: 723px) 100vw, 723px\" \/><\/p>\n<p><a href=\"https:\/\/factory.sale\/wp-content\/uploads\/2022\/10\/RISEN_410.pdf\" target=\"_blank\" rel=\"noopener noreferrer\">\u00a0Lataa tietolomake<\/a><\/p>\n<p>&nbsp;<\/p>\n","protected":false},"excerpt":{"rendered":"<p>Aurinkopaneeli Risen J\u00e4ger Plus RSM144-6-410M on yksikiteinen 410w moduuli, 144 puolileikkaustekniikalla.<br \/>\nRISEN aurinkopaneeleilla on 12 vuoden tuotetakuu ja 25 vuoden lineaarinen tehotakuu.<br \/>\nPaneelin mitat: 2015*996*40mm | Paino: 23Kg.<br \/>\nIhanteellinen sek\u00e4 verkkoon kytkem\u00e4tt\u00f6miin ett\u00e4 verkkoon kytkettyihin aurinkos\u00e4hk\u00f6j\u00e4rjestelmiin. N\u00e4m\u00e4<br \/>\npaneelit erottuvat uskomattomalla hinta\/laatusuhteellaan.<\/p>\n","protected":false},"featured_media":14350,"comment_status":"open","ping_status":"closed","template":"","meta":{"_acf_changed":false},"factory":[],"free-shipment":[],"product_brand":[],"product_cat":[2445,1332],"product_tag":[1417],"class_list":{"0":"post-14894","1":"product","2":"type-product","3":"status-publish","4":"has-post-thumbnail","6":"product_cat-risen-energiaa","7":"product_cat-uusiutuva-energia","8":"product_tag-renewable-energy-fi","10":"first","11":"instock","12":"sale","13":"taxable","14":"shipping-taxable","15":"purchasable","16":"product-type-simple"},"acf":[],"_links":{"self":[{"href":"https:\/\/factory.sale\/fi\/wp-json\/wp\/v2\/product\/14894","targetHints":{"allow":["GET"]}}],"collection":[{"href":"https:\/\/factory.sale\/fi\/wp-json\/wp\/v2\/product"}],"about":[{"href":"https:\/\/factory.sale\/fi\/wp-json\/wp\/v2\/types\/product"}],"replies":[{"embeddable":true,"href":"https:\/\/factory.sale\/fi\/wp-json\/wp\/v2\/comments?post=14894"}],"wp:featuredmedia":[{"embeddable":true,"href":"https:\/\/factory.sale\/fi\/wp-json\/wp\/v2\/media\/14350"}],"wp:attachment":[{"href":"https:\/\/factory.sale\/fi\/wp-json\/wp\/v2\/media?parent=14894"}],"wp:term":[{"taxonomy":"factory","embeddable":true,"href":"https:\/\/factory.sale\/fi\/wp-json\/wp\/v2\/factory?post=14894"},{"taxonomy":"free-shipment","embeddable":true,"href":"https:\/\/factory.sale\/fi\/wp-json\/wp\/v2\/free-shipment?post=14894"},{"taxonomy":"product_brand","embeddable":true,"href":"https:\/\/factory.sale\/fi\/wp-json\/wp\/v2\/product_brand?post=14894"},{"taxonomy":"product_cat","embeddable":true,"href":"https:\/\/factory.sale\/fi\/wp-json\/wp\/v2\/product_cat?post=14894"},{"taxonomy":"product_tag","embeddable":true,"href":"https:\/\/factory.sale\/fi\/wp-json\/wp\/v2\/product_tag?post=14894"}],"curies":[{"name":"wp","href":"https:\/\/api.w.org\/{rel}","templated":true}]}}