{"id":14892,"date":"2022-10-17T07:11:10","date_gmt":"2022-11-02T10:36:17","guid":{"rendered":"https:\/\/factory.sale\/?post_type=product&#038;p=14892"},"modified":"2025-03-23T01:22:01","modified_gmt":"2025-03-22T22:22:01","slug":"risen-545w-aurinkopaneeli-rsm110-8-530m-555m-hopea-kehys","status":"publish","type":"product","link":"https:\/\/factory.sale\/fi\/tuote\/risen-545w-aurinkopaneeli-rsm110-8-530m-555m-hopea-kehys\/","title":{"rendered":"RISEN 545W AURINKOPANEELI &#8211; RSM110-8-530M-555M, HOPEA KEHYS"},"content":{"rendered":"<p>RISEN 540W aurinkopaneelit ja 110 kennoa voidaan yhdist\u00e4\u00e4 mihin tahansa markkinoilla olevaan<br \/>\naurinkoinvertteriin sek\u00e4 uusimman sukupolven litiumakkuihin kuin my\u00f6s perinteisiin lyijyhappo- ja GEL\/AGM-<br \/>\nakkuihin niiden vastaavalla latauss\u00e4\u00e4timell\u00e4.<\/p>\n<p>RISEN Energy Co., Ltd on Meiliniss\u00e4 perustettu monikansallinen yritys, jolla on laaja kokemus<br \/>\naurinkos\u00e4hk\u00f6alalla. RISENill\u00e4 on laatuosasto, jonka ansiosta se on saanut parhaat takuu- ja<br \/>\nsaavutustodistukset. Lis\u00e4ksi yrityksell\u00e4 on suuri tutkimus ja kehitys-tiimi, jonka ansiosta se on pystynyt<br \/>\nkehitt\u00e4m\u00e4\u00e4n suuria edistysaskeleita ja valmistamaan markkinoiden uusimpaa teknologiaa sis\u00e4lt\u00e4vi\u00e4<br \/>\nmoduuleja.<\/p>\n<p>&nbsp;<\/p>\n<p><img loading=\"lazy\" decoding=\"async\" class=\"alignnone wp-image-14308\" src=\"https:\/\/factory.sale\/wp-content\/uploads\/2022\/10\/Risen-540W-Solar-Panel-RSM110-8-535M-555M-DATA-242x300.jpg\" alt=\"\" width=\"773\" height=\"958\" srcset=\"https:\/\/factory.sale\/wp-content\/uploads\/2022\/10\/Risen-540W-Solar-Panel-RSM110-8-535M-555M-DATA-242x300.jpg 242w, https:\/\/factory.sale\/wp-content\/uploads\/2022\/10\/Risen-540W-Solar-Panel-RSM110-8-535M-555M-DATA-121x150.jpg 121w, https:\/\/factory.sale\/wp-content\/uploads\/2022\/10\/Risen-540W-Solar-Panel-RSM110-8-535M-555M-DATA-826x1024.jpg 826w, https:\/\/factory.sale\/wp-content\/uploads\/2022\/10\/Risen-540W-Solar-Panel-RSM110-8-535M-555M-DATA-600x744.jpg 600w\" sizes=\"auto, (max-width: 773px) 100vw, 773px\" \/><\/p>\n<p><strong>Tuotteen pienin tilausm\u00e4\u00e4r\u00e4 on 4<\/strong><\/p>\n<p><a href=\"https:\/\/factory.sale\/wp-content\/uploads\/2022\/10\/RSM110-8-535-555M-35mm-1.pdf\" target=\"_blank\" rel=\"noopener noreferrer\">Lataa tietolomake<\/a><\/p>\n","protected":false},"excerpt":{"rendered":"<p>Risen 540W aurinkopaneeli \u2013 RSM110-8-535M-555M on yksikiteinen 540W moduuli, jossa on 110 kennoa.<\/p>\n<p>Paneelin mitat: 2384*1096*35mm | Paino: 29kg.<br \/>\nIhanteellinen sek\u00e4 verkkoon kytkem\u00e4tt\u00f6miin ett\u00e4 verkkoon kytkettyihin aurinkos\u00e4hk\u00f6j\u00e4rjestelmiin. N\u00e4m\u00e4<br \/>\npaneelit erottuvat uskomattomalla hinta\/laatusuhteellaan.<\/p>\n","protected":false},"featured_media":14313,"comment_status":"open","ping_status":"closed","template":"","meta":{"_acf_changed":false},"factory":[],"free-shipment":[],"product_brand":[],"product_cat":[2445,1332],"product_tag":[1417],"class_list":{"0":"post-14892","1":"product","2":"type-product","3":"status-publish","4":"has-post-thumbnail","6":"product_cat-risen-energiaa","7":"product_cat-uusiutuva-energia","8":"product_tag-renewable-energy-fi","10":"first","11":"instock","12":"sale","13":"taxable","14":"shipping-taxable","15":"purchasable","16":"product-type-simple"},"acf":[],"_links":{"self":[{"href":"https:\/\/factory.sale\/fi\/wp-json\/wp\/v2\/product\/14892","targetHints":{"allow":["GET"]}}],"collection":[{"href":"https:\/\/factory.sale\/fi\/wp-json\/wp\/v2\/product"}],"about":[{"href":"https:\/\/factory.sale\/fi\/wp-json\/wp\/v2\/types\/product"}],"replies":[{"embeddable":true,"href":"https:\/\/factory.sale\/fi\/wp-json\/wp\/v2\/comments?post=14892"}],"wp:featuredmedia":[{"embeddable":true,"href":"https:\/\/factory.sale\/fi\/wp-json\/wp\/v2\/media\/14313"}],"wp:attachment":[{"href":"https:\/\/factory.sale\/fi\/wp-json\/wp\/v2\/media?parent=14892"}],"wp:term":[{"taxonomy":"factory","embeddable":true,"href":"https:\/\/factory.sale\/fi\/wp-json\/wp\/v2\/factory?post=14892"},{"taxonomy":"free-shipment","embeddable":true,"href":"https:\/\/factory.sale\/fi\/wp-json\/wp\/v2\/free-shipment?post=14892"},{"taxonomy":"product_brand","embeddable":true,"href":"https:\/\/factory.sale\/fi\/wp-json\/wp\/v2\/product_brand?post=14892"},{"taxonomy":"product_cat","embeddable":true,"href":"https:\/\/factory.sale\/fi\/wp-json\/wp\/v2\/product_cat?post=14892"},{"taxonomy":"product_tag","embeddable":true,"href":"https:\/\/factory.sale\/fi\/wp-json\/wp\/v2\/product_tag?post=14892"}],"curies":[{"name":"wp","href":"https:\/\/api.w.org\/{rel}","templated":true}]}}